{"id":93,"date":"2015-04-28T20:41:51","date_gmt":"2015-04-28T18:41:51","guid":{"rendered":"https:\/\/artipelag.se\/?page_id=93"},"modified":"2024-12-09T09:46:11","modified_gmt":"2024-12-09T08:46:11","slug":"about-the-art-operations","status":"publish","type":"page","link":"https:\/\/artipelag.se\/en\/about-the-art-operations\/","title":{"rendered":""},"content":{"rendered":"\n<div class=\"wp-block-cover is-light\"><span aria-hidden=\"true\" class=\"wp-block-cover__background has-background-dim-0 has-background-dim\" style=\"background-color:#b2afaa\"><\/span><img decoding=\"async\" class=\"wp-block-cover__image-background skip-lazy wp-image-76954\" alt=\"\" src=\"https:\/\/artipelag.se\/app\/uploads\/2024\/12\/sidor-toppbild-2560x960-1.avif\" data-object-fit=\"cover\" \/><div class=\"wp-block-cover__inner-container is-layout-flow wp-block-cover-is-layout-flow\"><div class=\"max-w-screen-md mt-5 mx-auto first:mt-0\"><div\n  class=\"prose sm:prose-lg lg:prose-xl\"\n  x-data=\"\"\n  x-init=\"$nextTick(function () {\n    const videoEmbeds = document.querySelectorAll('.wp-block-embed.is-type-video');\n    videoEmbeds.forEach(function (embed) {\n      if (!embed.classList.contains('wp-embed-aspect-16-9') || !embed.classList.contains('wp-has-aspect-ratio')) {\n        embed.classList.add('wp-embed-aspect-16-9', 'wp-has-aspect-ratio');\n      }\n    });\n  })\"\n>\n  \n<p class=\"has-text-align-center has-large-font-size\"><\/p>\n\n<\/div>\n<\/div><\/div><\/div>\n\n\n<div class=\"max-w-screen-md mt-5 mx-auto first:mt-0\">\n<h1 id=\"the-art-operations\" class=\" wp-block-heading\">The Art Operations<\/h1>\n<\/div>\n\n<div class=\"max-w-screen-md mt-5 mx-auto first:mt-0\"><div\n  class=\"prose sm:prose-lg lg:prose-xl\"\n  x-data=\"\"\n  x-init=\"$nextTick(function () {\n    const videoEmbeds = document.querySelectorAll('.wp-block-embed.is-type-video');\n    videoEmbeds.forEach(function (embed) {\n      if (!embed.classList.contains('wp-embed-aspect-16-9') || !embed.classList.contains('wp-has-aspect-ratio')) {\n        embed.classList.add('wp-embed-aspect-16-9', 'wp-has-aspect-ratio');\n      }\n    });\n  })\"\n>\n  \n<p>Artipelag&#8217;s aim is to surprise our visitors with a diverse range of exhibitions, which can encompass classical paintings alongside modern masters and their contemporary colleagues.&nbsp;Our ambition is to blur the concept of time in a visual marriage that bridges the years, making the past and the present no longer mutually exclusive.<\/p>\n\n<\/div>\n<\/div>\n\n<div class=\"max-w-screen-md mt-5 mx-auto first:mt-0\"><div\n  class=\"prose sm:prose-lg lg:prose-xl\"\n  x-data=\"\"\n  x-init=\"$nextTick(function () {\n    const videoEmbeds = document.querySelectorAll('.wp-block-embed.is-type-video');\n    videoEmbeds.forEach(function (embed) {\n      if (!embed.classList.contains('wp-embed-aspect-16-9') || !embed.classList.contains('wp-has-aspect-ratio')) {\n        embed.classList.add('wp-embed-aspect-16-9', 'wp-has-aspect-ratio');\n      }\n    });\n  })\"\n>\n  \n<p>Our primary goal is not only to produce thought-provoking exhibits but also to expand and enrich the very essence of an exhibition, where knowledge and experience go hand in hand. These two aspects stem from the changing composition of today\u2019s audiences, which have become increasingly diverse. Artipelag strives to attract as wide an audience as possible, welcoming both long-distance visitors and local residents.<\/p>\n\n<\/div>\n<\/div>\n\n<div class=\"max-w-screen-md mt-5 mx-auto first:mt-0\"><div\n  class=\"prose sm:prose-lg lg:prose-xl\"\n  x-data=\"\"\n  x-init=\"$nextTick(function () {\n    const videoEmbeds = document.querySelectorAll('.wp-block-embed.is-type-video');\n    videoEmbeds.forEach(function (embed) {\n      if (!embed.classList.contains('wp-embed-aspect-16-9') || !embed.classList.contains('wp-has-aspect-ratio')) {\n        embed.classList.add('wp-embed-aspect-16-9', 'wp-has-aspect-ratio');\n      }\n    });\n  })\"\n>\n  \n<p>It is in Artipelag&#8217;s interest to appeal to a broad range of individuals and age groups, which requires the ability to educate and communicate through various methods. We work with exhibition hosts who, with their personal style and communicative skills, are greatly appreciated by our visitors.<\/p>\n\n<\/div>\n<\/div>\n\n<div class=\"max-w-screen-md mt-5 mx-auto first:mt-0\"><div\n  class=\"prose sm:prose-lg lg:prose-xl\"\n  x-data=\"\"\n  x-init=\"$nextTick(function () {\n    const videoEmbeds = document.querySelectorAll('.wp-block-embed.is-type-video');\n    videoEmbeds.forEach(function (embed) {\n      if (!embed.classList.contains('wp-embed-aspect-16-9') || !embed.classList.contains('wp-has-aspect-ratio')) {\n        embed.classList.add('wp-embed-aspect-16-9', 'wp-has-aspect-ratio');\n      }\n    });\n  })\"\n>\n  \n<p>Our printed catalogue, with its interplay between image and text, remains an unparalleled tool for in-depth learning. We strive to tailor educational tools that provoke interest and cultivate knowledge for all our visitors.<\/p>\n\n<\/div>\n<\/div>\n\n<div class=\"max-w-screen-md mt-5 mx-auto first:mt-0\"><div\n  class=\"prose sm:prose-lg lg:prose-xl\"\n  x-data=\"\"\n  x-init=\"$nextTick(function () {\n    const videoEmbeds = document.querySelectorAll('.wp-block-embed.is-type-video');\n    videoEmbeds.forEach(function (embed) {\n      if (!embed.classList.contains('wp-embed-aspect-16-9') || !embed.classList.contains('wp-has-aspect-ratio')) {\n        embed.classList.add('wp-embed-aspect-16-9', 'wp-has-aspect-ratio');\n      }\n    });\n  })\"\n>\n  \n<p>Welcome to Artipelag!<br>Bo Nilsson, Museum Director<\/p>\n\n<\/div>\n<\/div>\n\n<div class=\"wp-block-text-image-cta bg-red-50 p-5 -mx-5 sm:mx-0 sm:p-8 md:p-12 lg:p-16 xl:p-20 module-spacing\">\n    <div class=\"container\">\n      <div\n        class=\"\n          items-center md:flex\n          md:flex-row-reverse\n          max-w-screen-xl mx-auto\n        \"\n      >\n        <div\n          class=\"\n            md:w-1\/2\n            md:ml-8 xl:ml-16 2xl:ml-24\n          \"\n        >\n                      <div\n  class=\"prose sm:prose-lg lg:prose-xl\"\n  x-data=\"\"\n  x-init=\"$nextTick(function () {\n    const videoEmbeds = document.querySelectorAll('.wp-block-embed.is-type-video');\n    videoEmbeds.forEach(function (embed) {\n      if (!embed.classList.contains('wp-embed-aspect-16-9') || !embed.classList.contains('wp-has-aspect-ratio')) {\n        embed.classList.add('wp-embed-aspect-16-9', 'wp-has-aspect-ratio');\n      }\n    });\n  })\"\n>\n  <h2>Exhibitions<\/h2>\n              \n                              <p>Do you want to see what our current and upcoming exhibitions are and read more about them?<br \/>\nThen click on the link to get to our calendar.<\/p>\n\n              \n                              <div class=\"space-y-2 not-prose\">\n                                      <p class=\"inline-block\">\n                      <a\n        href=\"https:\/\/artipelag.se\/en\/at-artipelag\/\"\n        class=\"block text-green-900\"\n      >\n    Read more about our current exhibitions\n  <\/a>\n                    <\/p>\n                                  <\/div>\n<\/div>\n                  <\/div>\n\n                  <div\n            class=\"\n              mt-8 flex-shrink-0 md:w-1\/2 md:mt-2\n                          \"\n          >\n            <figure class=\"h-full relative md:mr-6\">\n              <a\n        href=\"https:\/\/artipelag.se\/en\/at-artipelag\/\"\n        class=\"block\"\n      >\n    <img decoding=\"async\" width=\"400\" height=\"300\" src=\"https:\/\/cdn.artipelag.se\/app\/uploads\/2024\/04\/installation-view-i-follow-the-sun.-artist-anselm-kiefer-vic-muniz.-photo-jean-baptiste-beranger-400x300.jpg?strip=all\" class=\"w-full object-cover w-full rounded-sm md:hidden\" alt=\"\" \/>\n                <img decoding=\"async\" width=\"800\" height=\"600\" src=\"https:\/\/cdn.artipelag.se\/app\/uploads\/2024\/04\/installation-view-i-follow-the-sun.-artist-anselm-kiefer-vic-muniz.-photo-jean-baptiste-beranger-800x600.jpg?strip=all\" class=\"hidden w-full object-cover w-full rounded-sm md:block\" alt=\"\" \/>\n  <\/a>\n\n                          <\/figure>\n          <\/div>\n              <\/div>\n    <\/div>\n  <\/div>\n\n\n<div class=\"wp-block-text-image-cta bg-red-50 p-5 -mx-5 sm:mx-0 sm:p-8 md:p-12 lg:p-16 xl:p-20 module-spacing\">\n    <div class=\"container\">\n      <div\n        class=\"\n          items-center md:flex\n          \n          max-w-screen-xl mx-auto\n        \"\n      >\n        <div\n          class=\"\n            md:w-1\/2\n            md:mr-8 xl:mr-16 2xl:mr-24\n          \"\n        >\n                      <div\n  class=\"prose sm:prose-lg lg:prose-xl\"\n  x-data=\"\"\n  x-init=\"$nextTick(function () {\n    const videoEmbeds = document.querySelectorAll('.wp-block-embed.is-type-video');\n    videoEmbeds.forEach(function (embed) {\n      if (!embed.classList.contains('wp-embed-aspect-16-9') || !embed.classList.contains('wp-has-aspect-ratio')) {\n        embed.classList.add('wp-embed-aspect-16-9', 'wp-has-aspect-ratio');\n      }\n    });\n  })\"\n>\n  <h2>Our Hosts and Guides Are Provided for Your Art Experience<\/h2>\n              \n                              <p>At Artipelag, our exhibition hosts are educated artists and art historians that are here to mediate information about the art to our visitors in the best possible manner. They are also available to help with practical information about visiting Artipelag.<\/p>\n<\/div>\n                  <\/div>\n\n                  <div\n            class=\"\n              mt-8 flex-shrink-0 md:w-1\/2 md:mt-2\n                          \"\n          >\n            <figure class=\"h-full relative md:ml-6\">\n              <img decoding=\"async\" width=\"400\" height=\"300\" src=\"https:\/\/cdn.artipelag.se\/app\/uploads\/2024\/11\/liggande-bild-puffbild-nyheter-1248x832ii-400x300.jpg?strip=all\" class=\"w-full object-cover w-full rounded-sm md:hidden\" alt=\"En guide gestikulerar medan hon talar till tv\u00e5 kvinnor i ett modernt konstgalleri med stora skulpturer i bakgrunden.\" \/>\n                <img decoding=\"async\" width=\"800\" height=\"533\" src=\"https:\/\/cdn.artipelag.se\/app\/uploads\/2024\/11\/liggande-bild-puffbild-nyheter-1248x832ii-800x533.jpg?strip=all\" class=\"hidden w-full object-cover w-full rounded-sm md:block\" alt=\"En guide gestikulerar medan hon talar till tv\u00e5 kvinnor i ett modernt konstgalleri med stora skulpturer i bakgrunden.\" \/>\n\n                          <\/figure>\n          <\/div>\n              <\/div>\n    <\/div>\n  <\/div>\n\n\n<div class=\"wp-block-page-teasers bg-red-50 -mx-5 p-5 sm:mx-0 sm:p-8 xl:py-16\">\n      \n      <div class=\"container\">\n        <div\n          class=\"\n            w-full max-w-screen-xl mx-auto\n            space-y-8\n            grid-cols-12 gap-8\n            md:grid md:space-y-0\n          \"\n        >\n                      <div class=\"w-full space-y-2 col-span-4\">\n      <a\n        href=\"https:\/\/artipelag.se\/exhibitions\/guided-tours\/\"\n      >\n    <div class=\"mb-4 relative\">\n        <figure class=\"aspect-w-9 aspect-h-6\">\n          <img decoding=\"async\" width=\"400\" height=\"300\" src=\"https:\/\/cdn.artipelag.se\/app\/uploads\/2024\/11\/liggande-bild-puffbild-nyheter-1248x832-6-400x300.jpg?strip=all\" class=\"object-cover w-full rounded-sm\" alt=\"M\u00e4nniskor som tittar p\u00e5 stora konstverk i ett galleri med h\u00f6gt i tak och takf\u00f6nster.\" \/>\n        <\/figure>\n\n              <\/div>\n  <\/a>\n  \n  <div>\n          <h3 class=\"inline font-medium text-base\">\n        Guided Tours.\n      <\/h3>\n    \n          <p class=\"inline\">\n        Make more of your visit to Artipelag by joining a guided tour with one of our hosts.\n      <\/p>\n      <\/div>\n\n            <p class=\"space-y-2\">\n        <a\n        href=\"https:\/\/artipelag.se\/exhibitions\/guided-tours\/\"\n        class=\"text-green-900\"\n      >\n    L\u00e4s mer\n  <\/a>\n      <\/p>\n      <\/div>\n                      <div class=\"w-full space-y-2 col-span-4\">\n      <a\n        href=\"https:\/\/artipelag.se\/exhibitions\/previous-exhibitions\/\"\n      >\n    <div class=\"mb-4 relative\">\n        <figure class=\"aspect-w-9 aspect-h-6\">\n          <img decoding=\"async\" width=\"400\" height=\"300\" src=\"https:\/\/cdn.artipelag.se\/app\/uploads\/2023\/09\/dg-installation-iii-puffbild-1248-832-400x300.jpg?strip=all\" class=\"object-cover w-full rounded-sm\" alt=\"Installationsvy av serien Wunder\" \/>\n        <\/figure>\n\n              <\/div>\n  <\/a>\n  \n  <div>\n          <h3 class=\"inline font-medium text-base\">\n        Previous Exhibitions.\n      <\/h3>\n    \n          <p class=\"inline\">\n        Read about our previous exhibitions.\n      <\/p>\n      <\/div>\n\n            <p class=\"space-y-2\">\n        <a\n        href=\"https:\/\/artipelag.se\/exhibitions\/previous-exhibitions\/\"\n        class=\"text-green-900\"\n      >\n    L\u00e4s mer\n  <\/a>\n      <\/p>\n      <\/div>\n                      <div class=\"w-full space-y-2 col-span-4\">\n      <a\n        href=\"https:\/\/artipelag.se\/exhibitions\/artpass\/\"\n      >\n    <div class=\"mb-4 relative\">\n        <figure class=\"aspect-w-9 aspect-h-6\">\n          <img decoding=\"async\" width=\"400\" height=\"250\" src=\"https:\/\/cdn.artipelag.se\/app\/uploads\/2019\/09\/artpass-570x250-px-400x250.jpg?strip=all&fit=400%2C250\" class=\"object-cover w-full rounded-sm\" alt=\"Art.Pass\" \/>\n        <\/figure>\n\n              <\/div>\n  <\/a>\n  \n  <div>\n          <h3 class=\"inline font-medium text-base\">\n        Art.Pass.\n      <\/h3>\n    \n          <p class=\"inline\">\n        The Art.Pass gives you free admission to our art exhibitions for twelve months. Discover more with Artipelag&#8217;s Art.Pass!\n      <\/p>\n      <\/div>\n\n            <p class=\"space-y-2\">\n        <a\n        href=\"https:\/\/artipelag.se\/exhibitions\/artpass\/\"\n        class=\"text-green-900\"\n      >\n    Read more\n  <\/a>\n      <\/p>\n      <\/div>\n                  <\/div>\n      <\/div>\n    <\/div>\n  ","protected":false},"excerpt":{"rendered":"<p>The Art Operations Artipelag&#8217;s aim is to surprise our visitors with a diverse range of exhibitions, which can encompass classical paintings alongside modern masters and their contemporary colleagues.&nbsp;Our ambition is to blur the concept of time in a visual marriage that bridges the years, making the past and the present no longer mutually exclusive. Our &hellip; <a href=\"https:\/\/artipelag.se\/en\/about-the-art-operations\/\">Continued<\/a><\/p>\n","protected":false},"author":1,"featured_media":1446,"parent":0,"menu_order":0,"comment_status":"closed","ping_status":"closed","template":"","meta":{"_acf_changed":false,"footnotes":""},"class_list":["post-93","page","type-page","status-publish","has-post-thumbnail","hentry"],"acf":[],"yoast_head":"<!-- This site is optimized with the Yoast SEO Premium plugin v26.7 (Yoast SEO v26.7) - https:\/\/yoast.com\/wordpress\/plugins\/seo\/ -->\n<title>- Artipelag<\/title>\n<meta name=\"robots\" content=\"index, follow, max-snippet:-1, max-image-preview:large, max-video-preview:-1\" \/>\n<link rel=\"canonical\" href=\"https:\/\/artipelag.se\/en\/about-the-art-operations\/\" \/>\n<meta property=\"og:locale\" content=\"en_US\" \/>\n<meta property=\"og:type\" content=\"article\" \/>\n<meta property=\"og:description\" content=\"The Art Operations Artipelag&#8217;s aim is to surprise our visitors with a diverse range of exhibitions, which can encompass classical paintings alongside modern masters and their contemporary colleagues.&nbsp;Our ambition is to blur the concept of time in a visual marriage that bridges the years, making the past and the present no longer mutually exclusive. Our &hellip; Continued\" \/>\n<meta property=\"og:url\" content=\"https:\/\/artipelag.se\/en\/about-the-art-operations\/\" \/>\n<meta property=\"og:site_name\" content=\"Artipelag\" \/>\n<meta property=\"article:publisher\" content=\"https:\/\/www.facebook.com\/artipelag\/\" \/>\n<meta property=\"article:modified_time\" content=\"2024-12-09T08:46:11+00:00\" \/>\n<meta property=\"og:image\" content=\"https:\/\/artipelag.se\/app\/uploads\/2015\/04\/platsenssjal2.jpg\" \/>\n\t<meta property=\"og:image:width\" content=\"1170\" \/>\n\t<meta property=\"og:image:height\" content=\"488\" \/>\n\t<meta property=\"og:image:type\" content=\"image\/jpeg\" \/>\n<meta name=\"twitter:card\" content=\"summary_large_image\" \/>\n<meta name=\"twitter:site\" content=\"@artipelag\" \/>\n<meta name=\"twitter:label1\" content=\"Est. reading time\" \/>\n\t<meta name=\"twitter:data1\" content=\"2 minutes\" \/>\n<script type=\"application\/ld+json\" class=\"yoast-schema-graph\">{\"@context\":\"https:\/\/schema.org\",\"@graph\":[{\"@type\":\"WebPage\",\"@id\":\"https:\/\/artipelag.se\/en\/about-the-art-operations\/\",\"url\":\"https:\/\/artipelag.se\/en\/about-the-art-operations\/\",\"name\":\"- Artipelag\",\"isPartOf\":{\"@id\":\"https:\/\/artipelag.se\/en\/#website\"},\"primaryImageOfPage\":{\"@id\":\"https:\/\/artipelag.se\/en\/about-the-art-operations\/#primaryimage\"},\"image\":{\"@id\":\"https:\/\/artipelag.se\/en\/about-the-art-operations\/#primaryimage\"},\"thumbnailUrl\":\"https:\/\/cdn.artipelag.se\/app\/uploads\/2015\/04\/platsenssjal2.jpg?strip=all\",\"datePublished\":\"2015-04-28T18:41:51+00:00\",\"dateModified\":\"2024-12-09T08:46:11+00:00\",\"inLanguage\":\"en-US\",\"potentialAction\":[{\"@type\":\"ReadAction\",\"target\":[\"https:\/\/artipelag.se\/en\/about-the-art-operations\/\"]}]},{\"@type\":\"ImageObject\",\"inLanguage\":\"en-US\",\"@id\":\"https:\/\/artipelag.se\/en\/about-the-art-operations\/#primaryimage\",\"url\":\"https:\/\/cdn.artipelag.se\/app\/uploads\/2015\/04\/platsenssjal2.jpg?strip=all\",\"contentUrl\":\"https:\/\/cdn.artipelag.se\/app\/uploads\/2015\/04\/platsenssjal2.jpg?strip=all\",\"width\":1170,\"height\":488},{\"@type\":\"WebSite\",\"@id\":\"https:\/\/artipelag.se\/en\/#website\",\"url\":\"https:\/\/artipelag.se\/en\/\",\"name\":\"Artipelag\",\"description\":\"Artipelag is a new international venue for art, good food, events and activities \u2013 beautifully set on V\u00e4rmd\u00f6 in the Stockholm Archipelago, just 20 minutes from the city centre.\",\"publisher\":{\"@id\":\"https:\/\/artipelag.se\/en\/#organization\"},\"potentialAction\":[{\"@type\":\"SearchAction\",\"target\":{\"@type\":\"EntryPoint\",\"urlTemplate\":\"https:\/\/artipelag.se\/en\/?s={search_term_string}\"},\"query-input\":{\"@type\":\"PropertyValueSpecification\",\"valueRequired\":true,\"valueName\":\"search_term_string\"}}],\"inLanguage\":\"en-US\"},{\"@type\":\"Organization\",\"@id\":\"https:\/\/artipelag.se\/en\/#organization\",\"name\":\"Artipelag\",\"url\":\"https:\/\/artipelag.se\/en\/\",\"logo\":{\"@type\":\"ImageObject\",\"inLanguage\":\"en-US\",\"@id\":\"https:\/\/artipelag.se\/en\/#\/schema\/logo\/image\/\",\"url\":\"https:\/\/artipelag.se\/app\/uploads\/2015\/09\/logga2.jpg\",\"contentUrl\":\"https:\/\/artipelag.se\/app\/uploads\/2015\/09\/logga2.jpg\",\"width\":700,\"height\":700,\"caption\":\"Artipelag\"},\"image\":{\"@id\":\"https:\/\/artipelag.se\/en\/#\/schema\/logo\/image\/\"},\"sameAs\":[\"https:\/\/www.facebook.com\/artipelag\/\",\"https:\/\/x.com\/artipelag\",\"https:\/\/www.instagram.com\/artipelag\/\",\"https:\/\/www.linkedin.com\/company\/artipelag\",\"https:\/\/www.youtube.com\/user\/ArtipelagSweden\"]}]}<\/script>\n<!-- \/ Yoast SEO Premium plugin. -->","yoast_head_json":{"title":"- Artipelag","robots":{"index":"index","follow":"follow","max-snippet":"max-snippet:-1","max-image-preview":"max-image-preview:large","max-video-preview":"max-video-preview:-1"},"canonical":"https:\/\/artipelag.se\/en\/about-the-art-operations\/","og_locale":"en_US","og_type":"article","og_description":"The Art Operations Artipelag&#8217;s aim is to surprise our visitors with a diverse range of exhibitions, which can encompass classical paintings alongside modern masters and their contemporary colleagues.&nbsp;Our ambition is to blur the concept of time in a visual marriage that bridges the years, making the past and the present no longer mutually exclusive. Our &hellip; Continued","og_url":"https:\/\/artipelag.se\/en\/about-the-art-operations\/","og_site_name":"Artipelag","article_publisher":"https:\/\/www.facebook.com\/artipelag\/","article_modified_time":"2024-12-09T08:46:11+00:00","og_image":[{"width":1170,"height":488,"url":"https:\/\/artipelag.se\/app\/uploads\/2015\/04\/platsenssjal2.jpg","type":"image\/jpeg"}],"twitter_card":"summary_large_image","twitter_site":"@artipelag","twitter_misc":{"Est. reading time":"2 minutes"},"schema":{"@context":"https:\/\/schema.org","@graph":[{"@type":"WebPage","@id":"https:\/\/artipelag.se\/en\/about-the-art-operations\/","url":"https:\/\/artipelag.se\/en\/about-the-art-operations\/","name":"- Artipelag","isPartOf":{"@id":"https:\/\/artipelag.se\/en\/#website"},"primaryImageOfPage":{"@id":"https:\/\/artipelag.se\/en\/about-the-art-operations\/#primaryimage"},"image":{"@id":"https:\/\/artipelag.se\/en\/about-the-art-operations\/#primaryimage"},"thumbnailUrl":"https:\/\/cdn.artipelag.se\/app\/uploads\/2015\/04\/platsenssjal2.jpg?strip=all","datePublished":"2015-04-28T18:41:51+00:00","dateModified":"2024-12-09T08:46:11+00:00","inLanguage":"en-US","potentialAction":[{"@type":"ReadAction","target":["https:\/\/artipelag.se\/en\/about-the-art-operations\/"]}]},{"@type":"ImageObject","inLanguage":"en-US","@id":"https:\/\/artipelag.se\/en\/about-the-art-operations\/#primaryimage","url":"https:\/\/cdn.artipelag.se\/app\/uploads\/2015\/04\/platsenssjal2.jpg?strip=all","contentUrl":"https:\/\/cdn.artipelag.se\/app\/uploads\/2015\/04\/platsenssjal2.jpg?strip=all","width":1170,"height":488},{"@type":"WebSite","@id":"https:\/\/artipelag.se\/en\/#website","url":"https:\/\/artipelag.se\/en\/","name":"Artipelag","description":"Artipelag is a new international venue for art, good food, events and activities \u2013 beautifully set on V\u00e4rmd\u00f6 in the Stockholm Archipelago, just 20 minutes from the city centre.","publisher":{"@id":"https:\/\/artipelag.se\/en\/#organization"},"potentialAction":[{"@type":"SearchAction","target":{"@type":"EntryPoint","urlTemplate":"https:\/\/artipelag.se\/en\/?s={search_term_string}"},"query-input":{"@type":"PropertyValueSpecification","valueRequired":true,"valueName":"search_term_string"}}],"inLanguage":"en-US"},{"@type":"Organization","@id":"https:\/\/artipelag.se\/en\/#organization","name":"Artipelag","url":"https:\/\/artipelag.se\/en\/","logo":{"@type":"ImageObject","inLanguage":"en-US","@id":"https:\/\/artipelag.se\/en\/#\/schema\/logo\/image\/","url":"https:\/\/artipelag.se\/app\/uploads\/2015\/09\/logga2.jpg","contentUrl":"https:\/\/artipelag.se\/app\/uploads\/2015\/09\/logga2.jpg","width":700,"height":700,"caption":"Artipelag"},"image":{"@id":"https:\/\/artipelag.se\/en\/#\/schema\/logo\/image\/"},"sameAs":["https:\/\/www.facebook.com\/artipelag\/","https:\/\/x.com\/artipelag","https:\/\/www.instagram.com\/artipelag\/","https:\/\/www.linkedin.com\/company\/artipelag","https:\/\/www.youtube.com\/user\/ArtipelagSweden"]}]}},"_links":{"self":[{"href":"https:\/\/artipelag.se\/en\/wp-json\/wp\/v2\/pages\/93","targetHints":{"allow":["GET"]}}],"collection":[{"href":"https:\/\/artipelag.se\/en\/wp-json\/wp\/v2\/pages"}],"about":[{"href":"https:\/\/artipelag.se\/en\/wp-json\/wp\/v2\/types\/page"}],"author":[{"embeddable":true,"href":"https:\/\/artipelag.se\/en\/wp-json\/wp\/v2\/users\/1"}],"replies":[{"embeddable":true,"href":"https:\/\/artipelag.se\/en\/wp-json\/wp\/v2\/comments?post=93"}],"version-history":[{"count":10,"href":"https:\/\/artipelag.se\/en\/wp-json\/wp\/v2\/pages\/93\/revisions"}],"predecessor-version":[{"id":76956,"href":"https:\/\/artipelag.se\/en\/wp-json\/wp\/v2\/pages\/93\/revisions\/76956"}],"wp:featuredmedia":[{"embeddable":true,"href":"https:\/\/artipelag.se\/en\/wp-json\/wp\/v2\/media\/1446"}],"wp:attachment":[{"href":"https:\/\/artipelag.se\/en\/wp-json\/wp\/v2\/media?parent=93"}],"curies":[{"name":"wp","href":"https:\/\/api.w.org\/{rel}","templated":true}]}}