{"id":74265,"date":"2024-07-09T08:55:33","date_gmt":"2024-07-09T06:55:33","guid":{"rendered":"https:\/\/artipelag.se\/?page_id=74265"},"modified":"2025-01-26T15:09:41","modified_gmt":"2025-01-26T14:09:41","slug":"artipelags-corporate-social-responsibility","status":"publish","type":"page","link":"https:\/\/artipelag.se\/en\/about-artipelag\/artipelags-corporate-social-responsibility\/","title":{"rendered":"CSR"},"content":{"rendered":"\n<div class=\"wp-block-cover is-light\"><span aria-hidden=\"true\" class=\"wp-block-cover__background has-background-dim-30 has-background-dim\" style=\"background-color:#8f898f\"><\/span><img decoding=\"async\" width=\"2560\" height=\"960\" class=\"wp-block-cover__image-background skip-lazy wp-image-67373\" alt=\"\" src=\"https:\/\/cdn.artipelag.se\/app\/uploads\/2023\/10\/kvallsoppet-sidor-topp-2560-960-nyheter.jpg?strip=all&resize=1920%2C720\" data-object-fit=\"cover\" \/><div class=\"wp-block-cover__inner-container is-layout-flow wp-block-cover-is-layout-flow\"><div class=\"max-w-screen-md mt-5 mx-auto first:mt-0\">\n<h1 id=\"csr\" class=\" wp-block-heading has-text-align-center\">CSR<\/h1>\n<\/div><\/div><\/div>\n\n\n<div class=\"max-w-screen-md mt-5 mt-5 mx-auto xl:mt-8 xl:mt-8 mt-5 mx-auto xl:mt-8 first:mt-0\">\n<h2 id=\"artipelags-work-in-corporate-social-responsibility\" class=\" wp-block-heading\">Artipelag&#8217;s work in corporate social responsibility.<\/h2>\n<\/div>\n\n<div class=\"max-w-screen-md mt-5 mx-auto first:mt-0\"><div\n  class=\"prose sm:prose-lg lg:prose-xl\"\n  x-data=\"\"\n  x-init=\"$nextTick(function () {\n    const videoEmbeds = document.querySelectorAll('.wp-block-embed.is-type-video');\n    videoEmbeds.forEach(function (embed) {\n      if (!embed.classList.contains('wp-embed-aspect-16-9') || !embed.classList.contains('wp-has-aspect-ratio')) {\n        embed.classList.add('wp-embed-aspect-16-9', 'wp-has-aspect-ratio');\n      }\n    });\n  })\"\n>\n  \n<p class=\"is-style-lead-text\">Artipelag collaborates and supports the following organizations in various ways:<\/p>\n\n<\/div>\n<\/div>\n\n<div class=\"max-w-screen-md mt-5 mt-5 mx-auto xl:mt-8 xl:mt-8 mt-5 mx-auto xl:mt-8 first:mt-0\">\n<h3 id=\"repower-ngo\" class=\" wp-block-heading\"><a href=\"https:\/\/www.repower.ngo\/eng\">Repower.ngo<\/a><\/h3>\n<\/div>\n\n<div class=\"max-w-screen-md mt-5 mx-auto first:mt-0\"><div\n  class=\"prose sm:prose-lg lg:prose-xl\"\n  x-data=\"\"\n  x-init=\"$nextTick(function () {\n    const videoEmbeds = document.querySelectorAll('.wp-block-embed.is-type-video');\n    videoEmbeds.forEach(function (embed) {\n      if (!embed.classList.contains('wp-embed-aspect-16-9') || !embed.classList.contains('wp-has-aspect-ratio')) {\n        embed.classList.add('wp-embed-aspect-16-9', 'wp-has-aspect-ratio');\n      }\n    });\n  })\"\n>\n  \n<p>The Repower project helps active Ukrainian military medics prevent complex psychological disorders and emotional burnout and regain strength and motivation for continued service. Artipelag has hosted Repower&#8217;s projects and will continue to do so in the future.<br><a href=\"https:\/\/www.repower.ngo\/eng\">Read more on Repower&#8217;s website.<\/a><\/p>\n\n<\/div>\n<\/div>\n\n<div class=\"max-w-screen-md mt-5 mt-5 mx-auto xl:mt-8 xl:mt-8 mt-5 mx-auto xl:mt-8 first:mt-0\">\n<h3 id=\"mercy-ships\" class=\" wp-block-heading\"><a href=\"https:\/\/mercyships.se\/en\/\">Mercy Ships<\/a><\/h3>\n<\/div>\n\n<div class=\"max-w-screen-md mt-5 mx-auto first:mt-0\"><div\n  class=\"prose sm:prose-lg lg:prose-xl\"\n  x-data=\"\"\n  x-init=\"$nextTick(function () {\n    const videoEmbeds = document.querySelectorAll('.wp-block-embed.is-type-video');\n    videoEmbeds.forEach(function (embed) {\n      if (!embed.classList.contains('wp-embed-aspect-16-9') || !embed.classList.contains('wp-has-aspect-ratio')) {\n        embed.classList.add('wp-embed-aspect-16-9', 'wp-has-aspect-ratio');\n      }\n    });\n  })\"\n>\n  \n<p>Over 18 million people die each year because they lack access to or cannot afford safe surgery. Mercy Ships offers free surgeries aboard the world&#8217;s largest civilian hospital ships. Mercy Ships does more than that, which you can<a href=\"https:\/\/mercyships.se\/en\/\">&nbsp;read more about on their website<\/a>.<\/p>\n\n<\/div>\n<\/div>\n\n<div class=\"max-w-screen-md mt-5 mt-5 mx-auto xl:mt-8 xl:mt-8 mt-5 mx-auto xl:mt-8 first:mt-0\">\n<h3 id=\"ett-hjartligt-varmdo\" class=\" wp-block-heading\"><a href=\"https:\/\/www.etthjartligtvarmdo.se\/om-oss\/\">Ett hj\u00e4rtligt V\u00e4rmd\u00f6<\/a><\/h3>\n<\/div>\n\n<div class=\"max-w-screen-md mt-5 mx-auto first:mt-0\"><div\n  class=\"prose sm:prose-lg lg:prose-xl\"\n  x-data=\"\"\n  x-init=\"$nextTick(function () {\n    const videoEmbeds = document.querySelectorAll('.wp-block-embed.is-type-video');\n    videoEmbeds.forEach(function (embed) {\n      if (!embed.classList.contains('wp-embed-aspect-16-9') || !embed.classList.contains('wp-has-aspect-ratio')) {\n        embed.classList.add('wp-embed-aspect-16-9', 'wp-has-aspect-ratio');\n      }\n    });\n  })\"\n>\n  \n<p>Ett hj\u00e4rtligt V\u00e4rmd\u00f6 aims to unite the local community, businesses, and municipality to create opportunities for meaningful leisure time. The foundation&#8217;s purpose is to provide children and families living in V\u00e4rmd\u00f6 Municipality who are experiencing economic or social hardship with the means to meet their or their children&#8217;s needs in terms of leisure, school, medicine, culture, music, sports, and other necessary items.<br><a href=\"https:\/\/www.etthjartligtvarmdo.se\/om-oss\/\">Read more on their website.<\/a><\/p>\n\n<\/div>\n<\/div>","protected":false},"excerpt":{"rendered":"<p>Artipelag&#8217;s work in corporate social responsibility. Artipelag collaborates and supports the following organizations in various ways: Repower.ngo The Repower project helps active Ukrainian military medics prevent complex psychological disorders and emotional burnout and regain strength and motivation for continued service. Artipelag has hosted Repower&#8217;s projects and will continue to do so in the future.Read more &hellip; <a href=\"https:\/\/artipelag.se\/en\/about-artipelag\/artipelags-corporate-social-responsibility\/\">Continued<\/a><\/p>\n","protected":false},"author":24,"featured_media":67373,"parent":53,"menu_order":-3,"comment_status":"closed","ping_status":"closed","template":"","meta":{"_acf_changed":false,"footnotes":""},"class_list":["post-74265","page","type-page","status-publish","has-post-thumbnail","hentry"],"acf":[],"yoast_head":"<!-- This site is optimized with the Yoast SEO Premium plugin v26.7 (Yoast SEO v26.7) - https:\/\/yoast.com\/wordpress\/plugins\/seo\/ -->\n<title>Corporate Social Responsibility - Artipelag<\/title>\n<meta name=\"description\" content=\"Artipelag supports Ett hj\u00e4rtligt V\u00e4rmd\u00f6&#039;s efforts to create meaningful leisure activities for the community&#039;s children. Read more here.\" \/>\n<meta name=\"robots\" content=\"index, follow, max-snippet:-1, max-image-preview:large, max-video-preview:-1\" \/>\n<link rel=\"canonical\" href=\"https:\/\/artipelag.se\/en\/about-artipelag\/artipelags-corporate-social-responsibility\/\" \/>\n<meta property=\"og:locale\" content=\"en_US\" \/>\n<meta property=\"og:type\" content=\"article\" \/>\n<meta property=\"og:title\" content=\"CSR\" \/>\n<meta property=\"og:description\" content=\"Artipelag supports Ett hj\u00e4rtligt V\u00e4rmd\u00f6&#039;s efforts to create meaningful leisure activities for the community&#039;s children. Read more here.\" \/>\n<meta property=\"og:url\" content=\"https:\/\/artipelag.se\/en\/about-artipelag\/artipelags-corporate-social-responsibility\/\" \/>\n<meta property=\"og:site_name\" content=\"Artipelag\" \/>\n<meta property=\"article:publisher\" content=\"https:\/\/www.facebook.com\/artipelag\/\" \/>\n<meta property=\"article:modified_time\" content=\"2025-01-26T14:09:41+00:00\" \/>\n<meta property=\"og:image\" content=\"https:\/\/artipelag.se\/app\/uploads\/2023\/10\/kvallsoppet-sidor-topp-2560-960-nyheter.jpg\" \/>\n\t<meta property=\"og:image:width\" content=\"2560\" \/>\n\t<meta property=\"og:image:height\" content=\"960\" \/>\n\t<meta property=\"og:image:type\" content=\"image\/jpeg\" \/>\n<meta name=\"twitter:card\" content=\"summary_large_image\" \/>\n<meta name=\"twitter:site\" content=\"@artipelag\" \/>\n<meta name=\"twitter:label1\" content=\"Est. reading time\" \/>\n\t<meta name=\"twitter:data1\" content=\"1 minute\" \/>\n<script type=\"application\/ld+json\" class=\"yoast-schema-graph\">{\"@context\":\"https:\/\/schema.org\",\"@graph\":[{\"@type\":\"WebPage\",\"@id\":\"https:\/\/artipelag.se\/en\/about-artipelag\/artipelags-corporate-social-responsibility\/\",\"url\":\"https:\/\/artipelag.se\/en\/about-artipelag\/artipelags-corporate-social-responsibility\/\",\"name\":\"Corporate Social Responsibility - Artipelag\",\"isPartOf\":{\"@id\":\"https:\/\/artipelag.se\/en\/#website\"},\"primaryImageOfPage\":{\"@id\":\"https:\/\/artipelag.se\/en\/about-artipelag\/artipelags-corporate-social-responsibility\/#primaryimage\"},\"image\":{\"@id\":\"https:\/\/artipelag.se\/en\/about-artipelag\/artipelags-corporate-social-responsibility\/#primaryimage\"},\"thumbnailUrl\":\"https:\/\/cdn.artipelag.se\/app\/uploads\/2023\/10\/kvallsoppet-sidor-topp-2560-960-nyheter.jpg?strip=all\",\"datePublished\":\"2024-07-09T06:55:33+00:00\",\"dateModified\":\"2025-01-26T14:09:41+00:00\",\"description\":\"Artipelag supports Ett hj\u00e4rtligt V\u00e4rmd\u00f6's efforts to create meaningful leisure activities for the community's children. Read more here.\",\"breadcrumb\":{\"@id\":\"https:\/\/artipelag.se\/en\/about-artipelag\/artipelags-corporate-social-responsibility\/#breadcrumb\"},\"inLanguage\":\"en-US\",\"potentialAction\":[{\"@type\":\"ReadAction\",\"target\":[\"https:\/\/artipelag.se\/en\/about-artipelag\/artipelags-corporate-social-responsibility\/\"]}]},{\"@type\":\"ImageObject\",\"inLanguage\":\"en-US\",\"@id\":\"https:\/\/artipelag.se\/en\/about-artipelag\/artipelags-corporate-social-responsibility\/#primaryimage\",\"url\":\"https:\/\/cdn.artipelag.se\/app\/uploads\/2023\/10\/kvallsoppet-sidor-topp-2560-960-nyheter.jpg?strip=all\",\"contentUrl\":\"https:\/\/cdn.artipelag.se\/app\/uploads\/2023\/10\/kvallsoppet-sidor-topp-2560-960-nyheter.jpg?strip=all\",\"width\":2560,\"height\":960},{\"@type\":\"BreadcrumbList\",\"@id\":\"https:\/\/artipelag.se\/en\/about-artipelag\/artipelags-corporate-social-responsibility\/#breadcrumb\",\"itemListElement\":[{\"@type\":\"ListItem\",\"position\":1,\"name\":\"Hem\",\"item\":\"https:\/\/artipelag.se\/en\/\"},{\"@type\":\"ListItem\",\"position\":2,\"name\":\"About Artipelag\",\"item\":\"https:\/\/artipelag.se\/en\/about-artipelag\/\"},{\"@type\":\"ListItem\",\"position\":3,\"name\":\"CSR\"}]},{\"@type\":\"WebSite\",\"@id\":\"https:\/\/artipelag.se\/en\/#website\",\"url\":\"https:\/\/artipelag.se\/en\/\",\"name\":\"Artipelag\",\"description\":\"Artipelag is a new international venue for art, good food, events and activities \u2013 beautifully set on V\u00e4rmd\u00f6 in the Stockholm Archipelago, just 20 minutes from the city centre.\",\"publisher\":{\"@id\":\"https:\/\/artipelag.se\/en\/#organization\"},\"potentialAction\":[{\"@type\":\"SearchAction\",\"target\":{\"@type\":\"EntryPoint\",\"urlTemplate\":\"https:\/\/artipelag.se\/en\/?s={search_term_string}\"},\"query-input\":{\"@type\":\"PropertyValueSpecification\",\"valueRequired\":true,\"valueName\":\"search_term_string\"}}],\"inLanguage\":\"en-US\"},{\"@type\":\"Organization\",\"@id\":\"https:\/\/artipelag.se\/en\/#organization\",\"name\":\"Artipelag\",\"url\":\"https:\/\/artipelag.se\/en\/\",\"logo\":{\"@type\":\"ImageObject\",\"inLanguage\":\"en-US\",\"@id\":\"https:\/\/artipelag.se\/en\/#\/schema\/logo\/image\/\",\"url\":\"https:\/\/artipelag.se\/app\/uploads\/2015\/09\/logga2.jpg\",\"contentUrl\":\"https:\/\/artipelag.se\/app\/uploads\/2015\/09\/logga2.jpg\",\"width\":700,\"height\":700,\"caption\":\"Artipelag\"},\"image\":{\"@id\":\"https:\/\/artipelag.se\/en\/#\/schema\/logo\/image\/\"},\"sameAs\":[\"https:\/\/www.facebook.com\/artipelag\/\",\"https:\/\/x.com\/artipelag\",\"https:\/\/www.instagram.com\/artipelag\/\",\"https:\/\/www.linkedin.com\/company\/artipelag\",\"https:\/\/www.youtube.com\/user\/ArtipelagSweden\"]}]}<\/script>\n<!-- \/ Yoast SEO Premium plugin. -->","yoast_head_json":{"title":"Corporate Social Responsibility - Artipelag","description":"Artipelag supports Ett hj\u00e4rtligt V\u00e4rmd\u00f6's efforts to create meaningful leisure activities for the community's children. Read more here.","robots":{"index":"index","follow":"follow","max-snippet":"max-snippet:-1","max-image-preview":"max-image-preview:large","max-video-preview":"max-video-preview:-1"},"canonical":"https:\/\/artipelag.se\/en\/about-artipelag\/artipelags-corporate-social-responsibility\/","og_locale":"en_US","og_type":"article","og_title":"CSR","og_description":"Artipelag supports Ett hj\u00e4rtligt V\u00e4rmd\u00f6's efforts to create meaningful leisure activities for the community's children. Read more here.","og_url":"https:\/\/artipelag.se\/en\/about-artipelag\/artipelags-corporate-social-responsibility\/","og_site_name":"Artipelag","article_publisher":"https:\/\/www.facebook.com\/artipelag\/","article_modified_time":"2025-01-26T14:09:41+00:00","og_image":[{"width":2560,"height":960,"url":"https:\/\/artipelag.se\/app\/uploads\/2023\/10\/kvallsoppet-sidor-topp-2560-960-nyheter.jpg","type":"image\/jpeg"}],"twitter_card":"summary_large_image","twitter_site":"@artipelag","twitter_misc":{"Est. reading time":"1 minute"},"schema":{"@context":"https:\/\/schema.org","@graph":[{"@type":"WebPage","@id":"https:\/\/artipelag.se\/en\/about-artipelag\/artipelags-corporate-social-responsibility\/","url":"https:\/\/artipelag.se\/en\/about-artipelag\/artipelags-corporate-social-responsibility\/","name":"Corporate Social Responsibility - Artipelag","isPartOf":{"@id":"https:\/\/artipelag.se\/en\/#website"},"primaryImageOfPage":{"@id":"https:\/\/artipelag.se\/en\/about-artipelag\/artipelags-corporate-social-responsibility\/#primaryimage"},"image":{"@id":"https:\/\/artipelag.se\/en\/about-artipelag\/artipelags-corporate-social-responsibility\/#primaryimage"},"thumbnailUrl":"https:\/\/cdn.artipelag.se\/app\/uploads\/2023\/10\/kvallsoppet-sidor-topp-2560-960-nyheter.jpg?strip=all","datePublished":"2024-07-09T06:55:33+00:00","dateModified":"2025-01-26T14:09:41+00:00","description":"Artipelag supports Ett hj\u00e4rtligt V\u00e4rmd\u00f6's efforts to create meaningful leisure activities for the community's children. Read more here.","breadcrumb":{"@id":"https:\/\/artipelag.se\/en\/about-artipelag\/artipelags-corporate-social-responsibility\/#breadcrumb"},"inLanguage":"en-US","potentialAction":[{"@type":"ReadAction","target":["https:\/\/artipelag.se\/en\/about-artipelag\/artipelags-corporate-social-responsibility\/"]}]},{"@type":"ImageObject","inLanguage":"en-US","@id":"https:\/\/artipelag.se\/en\/about-artipelag\/artipelags-corporate-social-responsibility\/#primaryimage","url":"https:\/\/cdn.artipelag.se\/app\/uploads\/2023\/10\/kvallsoppet-sidor-topp-2560-960-nyheter.jpg?strip=all","contentUrl":"https:\/\/cdn.artipelag.se\/app\/uploads\/2023\/10\/kvallsoppet-sidor-topp-2560-960-nyheter.jpg?strip=all","width":2560,"height":960},{"@type":"BreadcrumbList","@id":"https:\/\/artipelag.se\/en\/about-artipelag\/artipelags-corporate-social-responsibility\/#breadcrumb","itemListElement":[{"@type":"ListItem","position":1,"name":"Hem","item":"https:\/\/artipelag.se\/en\/"},{"@type":"ListItem","position":2,"name":"About Artipelag","item":"https:\/\/artipelag.se\/en\/about-artipelag\/"},{"@type":"ListItem","position":3,"name":"CSR"}]},{"@type":"WebSite","@id":"https:\/\/artipelag.se\/en\/#website","url":"https:\/\/artipelag.se\/en\/","name":"Artipelag","description":"Artipelag is a new international venue for art, good food, events and activities \u2013 beautifully set on V\u00e4rmd\u00f6 in the Stockholm Archipelago, just 20 minutes from the city centre.","publisher":{"@id":"https:\/\/artipelag.se\/en\/#organization"},"potentialAction":[{"@type":"SearchAction","target":{"@type":"EntryPoint","urlTemplate":"https:\/\/artipelag.se\/en\/?s={search_term_string}"},"query-input":{"@type":"PropertyValueSpecification","valueRequired":true,"valueName":"search_term_string"}}],"inLanguage":"en-US"},{"@type":"Organization","@id":"https:\/\/artipelag.se\/en\/#organization","name":"Artipelag","url":"https:\/\/artipelag.se\/en\/","logo":{"@type":"ImageObject","inLanguage":"en-US","@id":"https:\/\/artipelag.se\/en\/#\/schema\/logo\/image\/","url":"https:\/\/artipelag.se\/app\/uploads\/2015\/09\/logga2.jpg","contentUrl":"https:\/\/artipelag.se\/app\/uploads\/2015\/09\/logga2.jpg","width":700,"height":700,"caption":"Artipelag"},"image":{"@id":"https:\/\/artipelag.se\/en\/#\/schema\/logo\/image\/"},"sameAs":["https:\/\/www.facebook.com\/artipelag\/","https:\/\/x.com\/artipelag","https:\/\/www.instagram.com\/artipelag\/","https:\/\/www.linkedin.com\/company\/artipelag","https:\/\/www.youtube.com\/user\/ArtipelagSweden"]}]}},"_links":{"self":[{"href":"https:\/\/artipelag.se\/en\/wp-json\/wp\/v2\/pages\/74265","targetHints":{"allow":["GET"]}}],"collection":[{"href":"https:\/\/artipelag.se\/en\/wp-json\/wp\/v2\/pages"}],"about":[{"href":"https:\/\/artipelag.se\/en\/wp-json\/wp\/v2\/types\/page"}],"author":[{"embeddable":true,"href":"https:\/\/artipelag.se\/en\/wp-json\/wp\/v2\/users\/24"}],"replies":[{"embeddable":true,"href":"https:\/\/artipelag.se\/en\/wp-json\/wp\/v2\/comments?post=74265"}],"version-history":[{"count":2,"href":"https:\/\/artipelag.se\/en\/wp-json\/wp\/v2\/pages\/74265\/revisions"}],"predecessor-version":[{"id":74279,"href":"https:\/\/artipelag.se\/en\/wp-json\/wp\/v2\/pages\/74265\/revisions\/74279"}],"up":[{"embeddable":true,"href":"https:\/\/artipelag.se\/en\/wp-json\/wp\/v2\/pages\/53"}],"wp:featuredmedia":[{"embeddable":true,"href":"https:\/\/artipelag.se\/en\/wp-json\/wp\/v2\/media\/67373"}],"wp:attachment":[{"href":"https:\/\/artipelag.se\/en\/wp-json\/wp\/v2\/media?parent=74265"}],"curies":[{"name":"wp","href":"https:\/\/api.w.org\/{rel}","templated":true}]}}