{"id":5724,"date":"2015-04-28T21:00:46","date_gmt":"2015-04-28T19:00:46","guid":{"rendered":"https:\/\/artipelag.se\/en\/?page_id=5724"},"modified":"2025-09-23T14:36:54","modified_gmt":"2025-09-23T12:36:54","slug":"transport","status":"publish","type":"page","link":"https:\/\/artipelag.se\/en\/meetings-events\/transport\/","title":{"rendered":"Transportation"},"content":{"rendered":"\n<div class=\"wp-block-cover\"><img decoding=\"async\" width=\"1600\" height=\"900\" class=\"wp-block-cover__image-background skip-lazy wp-image-78714 size-large\" alt=\"M\u00e4nniskor g\u00e5r l\u00e4ngs en brygga f\u00f6r att g\u00e5 ombord p\u00e5 den vita och bruna b\u00e5ten &quot;Gustafsberg VII&quot; en solig dag med spridda moln, p\u00e5 v\u00e4g mot Artipelag f\u00f6r en natursk\u00f6n resa.\" src=\"https:\/\/cdn.artipelag.se\/app\/uploads\/2025\/04\/bat-16-9-1600x900.jpg?strip=all\" data-object-fit=\"cover\" \/><span aria-hidden=\"true\" class=\"wp-block-cover__background has-background-dim-0 has-background-dim\" style=\"background-color:#607395\"><\/span><div class=\"wp-block-cover__inner-container is-layout-flow wp-block-cover-is-layout-flow\"><div class=\"max-w-screen-md mt-5 mx-auto first:mt-0\">\n<h1 id=\"transportation\" class=\" wp-block-heading has-text-align-center\">Transportation<\/h1>\n<\/div><\/div><\/div>\n\n\n<div class=\"max-w-screen-md mt-5 mt-5 mx-auto xl:mt-8 xl:mt-8 mt-5 mx-auto xl:mt-8 first:mt-0\">\n<h3 id=\"for-group-bookings-we-can-offer-a-number-of-different-alternatives-to-and-from-artipelag\" class=\" wp-block-heading\"><strong><strong>For group bookings we can offer a number of different alternatives to and from Artipelag<\/strong>.<\/strong><\/h3>\n<\/div>\n\n<div class=\"max-w-screen-md mt-5 mx-auto first:mt-0\"><div\n  class=\"prose sm:prose-lg lg:prose-xl\"\n  x-data=\"\"\n  x-init=\"$nextTick(function () {\n    const videoEmbeds = document.querySelectorAll('.wp-block-embed.is-type-video');\n    videoEmbeds.forEach(function (embed) {\n      if (!embed.classList.contains('wp-embed-aspect-16-9') || !embed.classList.contains('wp-has-aspect-ratio')) {\n        embed.classList.add('wp-embed-aspect-16-9', 'wp-has-aspect-ratio');\n      }\n    });\n  })\"\n>\n  \n<p>The Artipelag experience can begin before you even arrive depending on your choice of transport. For example, you could take the boat that goes via the Skuru strait and the tight pass through Baggenst\u00e4ket. Or why not take in the views from a helicopter, or wind up your bus tour with bridges and paddocks before reaching our spectacular location?<\/p>\n\n<\/div>\n<\/div>\n\n<div class=\"max-w-screen-md mt-5 mx-auto first:mt-0\"><div\n  class=\"prose sm:prose-lg lg:prose-xl\"\n  x-data=\"\"\n  x-init=\"$nextTick(function () {\n    const videoEmbeds = document.querySelectorAll('.wp-block-embed.is-type-video');\n    videoEmbeds.forEach(function (embed) {\n      if (!embed.classList.contains('wp-embed-aspect-16-9') || !embed.classList.contains('wp-has-aspect-ratio')) {\n        embed.classList.add('wp-embed-aspect-16-9', 'wp-has-aspect-ratio');\n      }\n    });\n  })\"\n>\n  \n<p><strong>For questions about transport please contact <a href=\"mailto:e&#118;&#101;&#110;&#116;&#64;&#97;r&#116;&#105;pela&#103;.&#115;e\">&#101;&#118;ent&#64;a&#114;t&#105;p&#101;lag.&#115;e<\/a>.<\/strong><\/p>\n\n<\/div>\n<\/div>\n\n<div class=\"wp-block-page-teasers bg-red-50 -mx-5 p-5 sm:mx-0 sm:p-8 xl:py-16\">\n      \n      <div class=\"container\">\n        <div\n          class=\"\n            w-full max-w-screen-xl mx-auto\n            space-y-8\n            grid-cols-12 gap-8\n            md:grid md:space-y-0\n          \"\n        >\n                      <div class=\"w-full space-y-2 col-span-6\">\n      <div class=\"mb-4 relative\">\n        <figure class=\"aspect-w-9 aspect-h-6\">\n          <img decoding=\"async\" width=\"800\" height=\"500\" src=\"https:\/\/cdn.artipelag.se\/app\/uploads\/2025\/09\/artipelagbussen-800x500.jpg?strip=all&fit=800%2C500\" class=\"object-cover w-full rounded-sm\" alt=\"En buss med en ljusbl\u00e5 foliering och en bild \u00f6ver Artipelags byggnad och naturmarker.\" \/>\n        <\/figure>\n\n              <\/div>\n  \n  <div>\n          <h3 class=\"inline font-medium text-base\">\n        By Bus.\n      <\/h3>\n    \n          <p class=\"inline\">\n        Welcome aboard for an exciting trip that takes you over Farsta bridge and along winding roads through meadows and paddocks. Travel time from central Stockholm is approx. 25 min.\n      <\/p>\n      <\/div>\n\n  <\/div>\n                      <div class=\"w-full space-y-2 col-span-6\">\n      <div class=\"mb-4 relative\">\n        <figure class=\"aspect-w-9 aspect-h-6\">\n          <img decoding=\"async\" width=\"570\" height=\"368\" src=\"https:\/\/cdn.artipelag.se\/app\/uploads\/2017\/03\/stromma-bat-570x368-px.jpg?strip=all&fit=570%2C368\" class=\"object-cover w-full rounded-sm\" alt=\"B\u00e5t med Str\u00f6mma Kanalbolaget\" \/>\n        <\/figure>\n\n              <\/div>\n  \n  <div>\n          <h3 class=\"inline font-medium text-base\">\n        By Boat.\n      <\/h3>\n    \n          <p class=\"inline\">\n        In association with a number of lines, we offer boat trips to Artipelag. From Stockholm, the journey takes you through the beautiful Skuru strait and Baggenst\u00e4ket\u2019s picturesque passes. This trip is an experience in itself. \n      <\/p>\n      <\/div>\n\n  <\/div>\n                  <\/div>\n      <\/div>\n    <\/div>\n  \n\n<div class=\"wp-block-page-teasers bg-red-50 -mx-5 p-5 sm:mx-0 sm:p-8 xl:py-16\">\n      \n      <div class=\"container\">\n        <div\n          class=\"\n            w-full max-w-screen-xl mx-auto\n            space-y-8\n            grid-cols-12 gap-8\n            md:grid md:space-y-0\n          \"\n        >\n                      <div class=\"w-full space-y-2 col-span-4\">\n      <div class=\"mb-4 relative\">\n        <figure class=\"aspect-w-9 aspect-h-6\">\n          <img decoding=\"async\" width=\"400\" height=\"300\" src=\"https:\/\/cdn.artipelag.se\/app\/uploads\/2022\/11\/gustavsbergs-taxi-570x368-px-400x300.jpg?strip=all\" class=\"object-cover w-full rounded-sm\" alt=\"Man som kliver in i en taxi\" \/>\n        <\/figure>\n\n              <\/div>\n  \n  <div>\n          <h3 class=\"inline font-medium text-base\">\n        By Taxi.\n      <\/h3>\n    \n          <p class=\"inline\">\n        For full flexibility, taxis are a good option.\n      <\/p>\n      <\/div>\n\n  <\/div>\n                      <div class=\"w-full space-y-2 col-span-4\">\n      <div class=\"mb-4 relative\">\n        <figure class=\"aspect-w-9 aspect-h-6\">\n          <img decoding=\"async\" width=\"400\" height=\"300\" src=\"https:\/\/cdn.artipelag.se\/app\/uploads\/2015\/04\/parkering-tony-570x368-px-400x300.jpg?strip=all&fit=400%2C300\" class=\"object-cover w-full rounded-sm\" alt=\"Parking lot Tony\" \/>\n        <\/figure>\n\n              <\/div>\n  \n  <div>\n          <h3 class=\"inline font-medium text-base\">\n        Own Car.\n      <\/h3>\n    \n          <p class=\"inline\">\n        Artipelag has 350 parking spaces distributed over four car parks.\n      <\/p>\n      <\/div>\n\n  <\/div>\n                      <div class=\"w-full space-y-2 col-span-4\">\n      <div class=\"mb-4 relative\">\n        <figure class=\"aspect-w-9 aspect-h-6\">\n          <img decoding=\"async\" width=\"400\" height=\"300\" src=\"https:\/\/cdn.artipelag.se\/app\/uploads\/2015\/04\/buss-sl-570x368-px-400x300.jpg?strip=all&fit=400%2C300\" class=\"object-cover w-full rounded-sm\" alt=\"Bus to Artipelag\" \/>\n        <\/figure>\n\n              <\/div>\n  \n  <div>\n          <h3 class=\"inline font-medium text-base\">\n        By Public Transport.\n      <\/h3>\n    \n          <p class=\"inline\">\n        SL buses stop at Artipelag here during our ordinary opening hours.\n      <\/p>\n      <\/div>\n\n  <\/div>\n                  <\/div>\n      <\/div>\n    <\/div>\n  ","protected":false},"excerpt":{"rendered":"<p>For group bookings we can offer a number of different alternatives to and from Artipelag. The Artipelag experience can begin before you even arrive depending on your choice of transport. For example, you could take the boat that goes via the Skuru strait and the tight pass through Baggenst\u00e4ket. Or why not take in the &hellip; <a href=\"https:\/\/artipelag.se\/en\/meetings-events\/transport\/\">Continued<\/a><\/p>\n","protected":false},"author":1,"featured_media":18635,"parent":40,"menu_order":6,"comment_status":"closed","ping_status":"closed","template":"","meta":{"_acf_changed":false,"footnotes":""},"class_list":["post-5724","page","type-page","status-publish","has-post-thumbnail","hentry"],"acf":[],"yoast_head":"<!-- This site is optimized with the Yoast SEO Premium plugin v26.7 (Yoast SEO v26.7) - https:\/\/yoast.com\/wordpress\/plugins\/seo\/ -->\n<title>Transportation - Artipelag<\/title>\n<meta name=\"description\" content=\"Artipelag&#039;s overall experience can start straight away with the transport. For booked groups, we can offer several different alternatives.\" \/>\n<meta name=\"robots\" content=\"index, follow, max-snippet:-1, max-image-preview:large, max-video-preview:-1\" \/>\n<link rel=\"canonical\" href=\"https:\/\/artipelag.se\/en\/meetings-events\/transport\/\" \/>\n<meta property=\"og:locale\" content=\"en_US\" \/>\n<meta property=\"og:type\" content=\"article\" \/>\n<meta property=\"og:title\" content=\"Transportation\" \/>\n<meta property=\"og:description\" content=\"Artipelag&#039;s overall experience can start straight away with the transport. For booked groups, we can offer several different alternatives.\" \/>\n<meta property=\"og:url\" content=\"https:\/\/artipelag.se\/en\/meetings-events\/transport\/\" \/>\n<meta property=\"og:site_name\" content=\"Artipelag\" \/>\n<meta property=\"article:publisher\" content=\"https:\/\/www.facebook.com\/artipelag\/\" \/>\n<meta property=\"article:modified_time\" content=\"2025-09-23T12:36:54+00:00\" \/>\n<meta property=\"og:image\" content=\"https:\/\/artipelag.se\/app\/uploads\/2017\/02\/oppet-hav-rib-1170x488-px-e1669127177851.jpg\" \/>\n\t<meta property=\"og:image:width\" content=\"1170\" \/>\n\t<meta property=\"og:image:height\" content=\"488\" \/>\n\t<meta property=\"og:image:type\" content=\"image\/jpeg\" \/>\n<meta name=\"twitter:card\" content=\"summary_large_image\" \/>\n<meta name=\"twitter:site\" content=\"@artipelag\" \/>\n<script type=\"application\/ld+json\" class=\"yoast-schema-graph\">{\"@context\":\"https:\/\/schema.org\",\"@graph\":[{\"@type\":\"WebPage\",\"@id\":\"https:\/\/artipelag.se\/en\/meetings-events\/transport\/\",\"url\":\"https:\/\/artipelag.se\/en\/meetings-events\/transport\/\",\"name\":\"Transportation - Artipelag\",\"isPartOf\":{\"@id\":\"https:\/\/artipelag.se\/en\/#website\"},\"primaryImageOfPage\":{\"@id\":\"https:\/\/artipelag.se\/en\/meetings-events\/transport\/#primaryimage\"},\"image\":{\"@id\":\"https:\/\/artipelag.se\/en\/meetings-events\/transport\/#primaryimage\"},\"thumbnailUrl\":\"https:\/\/cdn.artipelag.se\/app\/uploads\/2017\/02\/oppet-hav-rib-1170x488-px-e1669127177851.jpg?strip=all\",\"datePublished\":\"2015-04-28T19:00:46+00:00\",\"dateModified\":\"2025-09-23T12:36:54+00:00\",\"description\":\"Artipelag's overall experience can start straight away with the transport. For booked groups, we can offer several different alternatives.\",\"breadcrumb\":{\"@id\":\"https:\/\/artipelag.se\/en\/meetings-events\/transport\/#breadcrumb\"},\"inLanguage\":\"en-US\",\"potentialAction\":[{\"@type\":\"ReadAction\",\"target\":[\"https:\/\/artipelag.se\/en\/meetings-events\/transport\/\"]}]},{\"@type\":\"ImageObject\",\"inLanguage\":\"en-US\",\"@id\":\"https:\/\/artipelag.se\/en\/meetings-events\/transport\/#primaryimage\",\"url\":\"https:\/\/cdn.artipelag.se\/app\/uploads\/2017\/02\/oppet-hav-rib-1170x488-px-e1669127177851.jpg?strip=all\",\"contentUrl\":\"https:\/\/cdn.artipelag.se\/app\/uploads\/2017\/02\/oppet-hav-rib-1170x488-px-e1669127177851.jpg?strip=all\",\"width\":1170,\"height\":488},{\"@type\":\"BreadcrumbList\",\"@id\":\"https:\/\/artipelag.se\/en\/meetings-events\/transport\/#breadcrumb\",\"itemListElement\":[{\"@type\":\"ListItem\",\"position\":1,\"name\":\"Hem\",\"item\":\"https:\/\/artipelag.se\/en\/\"},{\"@type\":\"ListItem\",\"position\":2,\"name\":\"Meetings &#038; Events\",\"item\":\"https:\/\/artipelag.se\/en\/meetings-events\/\"},{\"@type\":\"ListItem\",\"position\":3,\"name\":\"Transportation\"}]},{\"@type\":\"WebSite\",\"@id\":\"https:\/\/artipelag.se\/en\/#website\",\"url\":\"https:\/\/artipelag.se\/en\/\",\"name\":\"Artipelag\",\"description\":\"Artipelag is a new international venue for art, good food, events and activities \u2013 beautifully set on V\u00e4rmd\u00f6 in the Stockholm Archipelago, just 20 minutes from the city centre.\",\"publisher\":{\"@id\":\"https:\/\/artipelag.se\/en\/#organization\"},\"potentialAction\":[{\"@type\":\"SearchAction\",\"target\":{\"@type\":\"EntryPoint\",\"urlTemplate\":\"https:\/\/artipelag.se\/en\/?s={search_term_string}\"},\"query-input\":{\"@type\":\"PropertyValueSpecification\",\"valueRequired\":true,\"valueName\":\"search_term_string\"}}],\"inLanguage\":\"en-US\"},{\"@type\":\"Organization\",\"@id\":\"https:\/\/artipelag.se\/en\/#organization\",\"name\":\"Artipelag\",\"url\":\"https:\/\/artipelag.se\/en\/\",\"logo\":{\"@type\":\"ImageObject\",\"inLanguage\":\"en-US\",\"@id\":\"https:\/\/artipelag.se\/en\/#\/schema\/logo\/image\/\",\"url\":\"https:\/\/artipelag.se\/app\/uploads\/2015\/09\/logga2.jpg\",\"contentUrl\":\"https:\/\/artipelag.se\/app\/uploads\/2015\/09\/logga2.jpg\",\"width\":700,\"height\":700,\"caption\":\"Artipelag\"},\"image\":{\"@id\":\"https:\/\/artipelag.se\/en\/#\/schema\/logo\/image\/\"},\"sameAs\":[\"https:\/\/www.facebook.com\/artipelag\/\",\"https:\/\/x.com\/artipelag\",\"https:\/\/www.instagram.com\/artipelag\/\",\"https:\/\/www.linkedin.com\/company\/artipelag\",\"https:\/\/www.youtube.com\/user\/ArtipelagSweden\"]}]}<\/script>\n<!-- \/ Yoast SEO Premium plugin. -->","yoast_head_json":{"title":"Transportation - Artipelag","description":"Artipelag's overall experience can start straight away with the transport. For booked groups, we can offer several different alternatives.","robots":{"index":"index","follow":"follow","max-snippet":"max-snippet:-1","max-image-preview":"max-image-preview:large","max-video-preview":"max-video-preview:-1"},"canonical":"https:\/\/artipelag.se\/en\/meetings-events\/transport\/","og_locale":"en_US","og_type":"article","og_title":"Transportation","og_description":"Artipelag's overall experience can start straight away with the transport. For booked groups, we can offer several different alternatives.","og_url":"https:\/\/artipelag.se\/en\/meetings-events\/transport\/","og_site_name":"Artipelag","article_publisher":"https:\/\/www.facebook.com\/artipelag\/","article_modified_time":"2025-09-23T12:36:54+00:00","og_image":[{"width":1170,"height":488,"url":"https:\/\/artipelag.se\/app\/uploads\/2017\/02\/oppet-hav-rib-1170x488-px-e1669127177851.jpg","type":"image\/jpeg"}],"twitter_card":"summary_large_image","twitter_site":"@artipelag","schema":{"@context":"https:\/\/schema.org","@graph":[{"@type":"WebPage","@id":"https:\/\/artipelag.se\/en\/meetings-events\/transport\/","url":"https:\/\/artipelag.se\/en\/meetings-events\/transport\/","name":"Transportation - Artipelag","isPartOf":{"@id":"https:\/\/artipelag.se\/en\/#website"},"primaryImageOfPage":{"@id":"https:\/\/artipelag.se\/en\/meetings-events\/transport\/#primaryimage"},"image":{"@id":"https:\/\/artipelag.se\/en\/meetings-events\/transport\/#primaryimage"},"thumbnailUrl":"https:\/\/cdn.artipelag.se\/app\/uploads\/2017\/02\/oppet-hav-rib-1170x488-px-e1669127177851.jpg?strip=all","datePublished":"2015-04-28T19:00:46+00:00","dateModified":"2025-09-23T12:36:54+00:00","description":"Artipelag's overall experience can start straight away with the transport. For booked groups, we can offer several different alternatives.","breadcrumb":{"@id":"https:\/\/artipelag.se\/en\/meetings-events\/transport\/#breadcrumb"},"inLanguage":"en-US","potentialAction":[{"@type":"ReadAction","target":["https:\/\/artipelag.se\/en\/meetings-events\/transport\/"]}]},{"@type":"ImageObject","inLanguage":"en-US","@id":"https:\/\/artipelag.se\/en\/meetings-events\/transport\/#primaryimage","url":"https:\/\/cdn.artipelag.se\/app\/uploads\/2017\/02\/oppet-hav-rib-1170x488-px-e1669127177851.jpg?strip=all","contentUrl":"https:\/\/cdn.artipelag.se\/app\/uploads\/2017\/02\/oppet-hav-rib-1170x488-px-e1669127177851.jpg?strip=all","width":1170,"height":488},{"@type":"BreadcrumbList","@id":"https:\/\/artipelag.se\/en\/meetings-events\/transport\/#breadcrumb","itemListElement":[{"@type":"ListItem","position":1,"name":"Hem","item":"https:\/\/artipelag.se\/en\/"},{"@type":"ListItem","position":2,"name":"Meetings &#038; Events","item":"https:\/\/artipelag.se\/en\/meetings-events\/"},{"@type":"ListItem","position":3,"name":"Transportation"}]},{"@type":"WebSite","@id":"https:\/\/artipelag.se\/en\/#website","url":"https:\/\/artipelag.se\/en\/","name":"Artipelag","description":"Artipelag is a new international venue for art, good food, events and activities \u2013 beautifully set on V\u00e4rmd\u00f6 in the Stockholm Archipelago, just 20 minutes from the city centre.","publisher":{"@id":"https:\/\/artipelag.se\/en\/#organization"},"potentialAction":[{"@type":"SearchAction","target":{"@type":"EntryPoint","urlTemplate":"https:\/\/artipelag.se\/en\/?s={search_term_string}"},"query-input":{"@type":"PropertyValueSpecification","valueRequired":true,"valueName":"search_term_string"}}],"inLanguage":"en-US"},{"@type":"Organization","@id":"https:\/\/artipelag.se\/en\/#organization","name":"Artipelag","url":"https:\/\/artipelag.se\/en\/","logo":{"@type":"ImageObject","inLanguage":"en-US","@id":"https:\/\/artipelag.se\/en\/#\/schema\/logo\/image\/","url":"https:\/\/artipelag.se\/app\/uploads\/2015\/09\/logga2.jpg","contentUrl":"https:\/\/artipelag.se\/app\/uploads\/2015\/09\/logga2.jpg","width":700,"height":700,"caption":"Artipelag"},"image":{"@id":"https:\/\/artipelag.se\/en\/#\/schema\/logo\/image\/"},"sameAs":["https:\/\/www.facebook.com\/artipelag\/","https:\/\/x.com\/artipelag","https:\/\/www.instagram.com\/artipelag\/","https:\/\/www.linkedin.com\/company\/artipelag","https:\/\/www.youtube.com\/user\/ArtipelagSweden"]}]}},"_links":{"self":[{"href":"https:\/\/artipelag.se\/en\/wp-json\/wp\/v2\/pages\/5724","targetHints":{"allow":["GET"]}}],"collection":[{"href":"https:\/\/artipelag.se\/en\/wp-json\/wp\/v2\/pages"}],"about":[{"href":"https:\/\/artipelag.se\/en\/wp-json\/wp\/v2\/types\/page"}],"author":[{"embeddable":true,"href":"https:\/\/artipelag.se\/en\/wp-json\/wp\/v2\/users\/1"}],"replies":[{"embeddable":true,"href":"https:\/\/artipelag.se\/en\/wp-json\/wp\/v2\/comments?post=5724"}],"version-history":[{"count":10,"href":"https:\/\/artipelag.se\/en\/wp-json\/wp\/v2\/pages\/5724\/revisions"}],"predecessor-version":[{"id":80757,"href":"https:\/\/artipelag.se\/en\/wp-json\/wp\/v2\/pages\/5724\/revisions\/80757"}],"up":[{"embeddable":true,"href":"https:\/\/artipelag.se\/en\/wp-json\/wp\/v2\/pages\/40"}],"wp:featuredmedia":[{"embeddable":true,"href":"https:\/\/artipelag.se\/en\/wp-json\/wp\/v2\/media\/18635"}],"wp:attachment":[{"href":"https:\/\/artipelag.se\/en\/wp-json\/wp\/v2\/media?parent=5724"}],"curies":[{"name":"wp","href":"https:\/\/api.w.org\/{rel}","templated":true}]}}