{"id":56016,"date":"2018-11-05T16:51:21","date_gmt":"2018-11-05T15:51:21","guid":{"rendered":"https:\/\/artipelag.se\/meetings-events\/activities\/medarbetarskap\/"},"modified":"2024-11-26T10:01:23","modified_gmt":"2024-11-26T09:01:23","slug":"employeeship","status":"publish","type":"page","link":"https:\/\/artipelag.se\/en\/meetings-events\/activities\/employeeship\/","title":{"rendered":"Employeeship"},"content":{"rendered":"\n<div class=\"wp-block-cover\"><span aria-hidden=\"true\" class=\"wp-block-cover__background has-background-dim-0 has-background-dim\" style=\"background-color:#767f85\"><\/span><img decoding=\"async\" width=\"1170\" height=\"488\" src=\"https:\/\/cdn.artipelag.se\/app\/uploads\/2018\/11\/medarbetarskap-1170x488-px-e1669126187544.jpg?strip=all&resize=1170%2C488\" class=\"wp-block-cover__image-background skip-lazy wp-post-image\" alt=\"employeeship with \u00d6ppet Hav\" data-object-fit=\"cover\" data-object-position=\"50% 50%\" style=\"object-position:50% 50%;\" \/><div class=\"wp-block-cover__inner-container is-layout-flow wp-block-cover-is-layout-flow\"><div class=\"max-w-screen-md mt-5 mx-auto first:mt-0\">\n<h1 id=\"employeeship\" class=\" wp-block-heading has-text-align-center\">Employeeship<\/h1>\n<\/div><\/div><\/div>\n\n\n<div class=\"max-w-screen-md mt-5 mt-5 mx-auto xl:mt-8 xl:mt-8 mt-5 mx-auto xl:mt-8 first:mt-0\">\n<h3 id=\"in-todays-ever-changing-world-the-demands-on-the-organization-and-co-workers-are-higher-than-ever-we-have-created-group-dynamic-excercises-that-requires-engagement-trust-communication-and-coo\" class=\" wp-block-heading\">In today\u00b4s ever changing world the demands on the organization and co-workers are higher than ever. We have created group dynamic excercises that requires engagement, trust, communication and cooperation.<\/h3>\n<\/div>\n\n<div class=\"max-w-screen-md mt-5 mx-auto first:mt-0\"><div\n  class=\"prose sm:prose-lg lg:prose-xl\"\n  x-data=\"\"\n  x-init=\"$nextTick(function () {\n    const videoEmbeds = document.querySelectorAll('.wp-block-embed.is-type-video');\n    videoEmbeds.forEach(function (embed) {\n      if (!embed.classList.contains('wp-embed-aspect-16-9') || !embed.classList.contains('wp-has-aspect-ratio')) {\n        embed.classList.add('wp-embed-aspect-16-9', 'wp-has-aspect-ratio');\n      }\n    });\n  })\"\n>\n  \n<p><strong>Involve <\/strong>\u2013 Everyone is needed in \u201dThe knot\u201d to succesfully complete the task. Everyone is holding their hands around a rope as they shall make a knot on the middle of the rope.<\/p>\n\n<\/div>\n<\/div>\n\n<div class=\"max-w-screen-md mt-5 mx-auto first:mt-0\"><div\n  class=\"prose sm:prose-lg lg:prose-xl\"\n  x-data=\"\"\n  x-init=\"$nextTick(function () {\n    const videoEmbeds = document.querySelectorAll('.wp-block-embed.is-type-video');\n    videoEmbeds.forEach(function (embed) {\n      if (!embed.classList.contains('wp-embed-aspect-16-9') || !embed.classList.contains('wp-has-aspect-ratio')) {\n        embed.classList.add('wp-embed-aspect-16-9', 'wp-has-aspect-ratio');\n      }\n    });\n  })\"\n>\n  \n<p><strong>Trust <\/strong>\u2013 \u201dAcid river\u201d is all about trust and team work. The group shall cross a river of acid without loosing anything or anyone in the toxic river.<\/p>\n\n<\/div>\n<\/div>\n\n<div class=\"max-w-screen-md mt-5 mx-auto first:mt-0\"><div\n  class=\"prose sm:prose-lg lg:prose-xl\"\n  x-data=\"\"\n  x-init=\"$nextTick(function () {\n    const videoEmbeds = document.querySelectorAll('.wp-block-embed.is-type-video');\n    videoEmbeds.forEach(function (embed) {\n      if (!embed.classList.contains('wp-embed-aspect-16-9') || !embed.classList.contains('wp-has-aspect-ratio')) {\n        embed.classList.add('wp-embed-aspect-16-9', 'wp-has-aspect-ratio');\n      }\n    });\n  })\"\n>\n  \n<p><strong>Communicate <\/strong>\u2013 The participants will become aware of how hard and important good communication really is. Can they make a perfect square in pitch black conditions?<\/p>\n\n<\/div>\n<\/div>\n\n<div class=\"max-w-screen-md mt-5 mx-auto first:mt-0\"><div\n  class=\"prose sm:prose-lg lg:prose-xl\"\n  x-data=\"\"\n  x-init=\"$nextTick(function () {\n    const videoEmbeds = document.querySelectorAll('.wp-block-embed.is-type-video');\n    videoEmbeds.forEach(function (embed) {\n      if (!embed.classList.contains('wp-embed-aspect-16-9') || !embed.classList.contains('wp-has-aspect-ratio')) {\n        embed.classList.add('wp-embed-aspect-16-9', 'wp-has-aspect-ratio');\n      }\n    });\n  })\"\n>\n  \n<p><strong>Co-operate<\/strong> \u2013 \u201dThe hook\u201d requires perfect co-operation. What one person does affects everyone else. The mission is to move objects from one place to another.<\/p>\n\n<\/div>\n<\/div>\n\n<div class=\"max-w-screen-md my-8 my-8 mx-auto xl:my-16 xl:my-16 my-8 mx-auto xl:my-16 first:mt-0\">\n<figure class=\"wp-block-table is-style-regular\"><table class=\"border-collapse border border-gray-300 text-xs sm:text-sm xl:text-base has-fixed-layout table-striped\" ><tbody><tr><td class=\"border border-gray-300 px-4 py-2 xl:p-4\"><strong>Starting fee<\/strong> <\/td><td class=\"border border-gray-300 px-4 py-2 xl:p-4\">SEK 7000<\/td><\/tr><tr><td class=\"border border-gray-300 px-4 py-2 xl:p-4\"><strong>Price per person<\/strong><\/td><td class=\"border border-gray-300 px-4 py-2 xl:p-4\">SEK 350<\/td><\/tr><tr><td class=\"border border-gray-300 px-4 py-2 xl:p-4\"><strong>Length<\/strong><\/td><td class=\"border border-gray-300 px-4 py-2 xl:p-4\">Around one hour<\/td><\/tr><\/tbody><\/table><\/figure>\n<\/div>\n\n<div class=\"max-w-screen-md mt-5 mx-auto first:mt-0\"><div\n  class=\"prose sm:prose-lg lg:prose-xl\"\n  x-data=\"\"\n  x-init=\"$nextTick(function () {\n    const videoEmbeds = document.querySelectorAll('.wp-block-embed.is-type-video');\n    videoEmbeds.forEach(function (embed) {\n      if (!embed.classList.contains('wp-embed-aspect-16-9') || !embed.classList.contains('wp-has-aspect-ratio')) {\n        embed.classList.add('wp-embed-aspect-16-9', 'wp-has-aspect-ratio');\n      }\n    });\n  })\"\n>\n  \n<p><em>All prices are excluding VAT. <\/em><\/p>\n\n<\/div>\n<\/div>","protected":false},"excerpt":{"rendered":"<p>In today\u00b4s ever changing world the demands on the organization and co-workers are higher than ever. We have created group dynamic excercises that requires engagement, trust, communication and cooperation. Involve \u2013 Everyone is needed in \u201dThe knot\u201d to succesfully complete the task. Everyone is holding their hands around a rope as they shall make a &hellip; <a href=\"https:\/\/artipelag.se\/en\/meetings-events\/activities\/employeeship\/\">Continued<\/a><\/p>\n","protected":false},"author":24,"featured_media":33380,"parent":129,"menu_order":0,"comment_status":"closed","ping_status":"closed","template":"","meta":{"_acf_changed":false,"footnotes":""},"class_list":["post-56016","page","type-page","status-publish","has-post-thumbnail","hentry"],"acf":[],"yoast_head":"<!-- This site is optimized with the Yoast SEO Premium plugin v26.7 (Yoast SEO v26.7) - https:\/\/yoast.com\/wordpress\/plugins\/seo\/ -->\n<title>Employeeship - Artipelag<\/title>\n<meta name=\"description\" content=\"Gruppdynamiska \u00f6vningar f\u00f6r att involvera, skapa tillit, \u00f6ka kommunikationen och f\u00f6rb\u00e4ttra samarbetet inom arbetsgruppen och f\u00f6retaget.\" \/>\n<meta name=\"robots\" content=\"index, follow, max-snippet:-1, max-image-preview:large, max-video-preview:-1\" \/>\n<link rel=\"canonical\" href=\"https:\/\/artipelag.se\/en\/meetings-events\/activities\/employeeship\/\" \/>\n<meta property=\"og:locale\" content=\"en_US\" \/>\n<meta property=\"og:type\" content=\"article\" \/>\n<meta property=\"og:title\" content=\"Employeeship\" \/>\n<meta property=\"og:description\" content=\"Gruppdynamiska \u00f6vningar f\u00f6r att involvera, skapa tillit, \u00f6ka kommunikationen och f\u00f6rb\u00e4ttra samarbetet inom arbetsgruppen och f\u00f6retaget.\" \/>\n<meta property=\"og:url\" content=\"https:\/\/artipelag.se\/en\/meetings-events\/activities\/employeeship\/\" \/>\n<meta property=\"og:site_name\" content=\"Artipelag\" \/>\n<meta property=\"article:publisher\" content=\"https:\/\/www.facebook.com\/artipelag\/\" \/>\n<meta property=\"article:modified_time\" content=\"2024-11-26T09:01:23+00:00\" \/>\n<meta property=\"og:image\" content=\"https:\/\/artipelag.se\/app\/uploads\/2018\/11\/medarbetarskap-1170x488-px-e1669126187544.jpg\" \/>\n\t<meta property=\"og:image:width\" content=\"1170\" \/>\n\t<meta property=\"og:image:height\" content=\"488\" \/>\n\t<meta property=\"og:image:type\" content=\"image\/jpeg\" \/>\n<meta name=\"twitter:card\" content=\"summary_large_image\" \/>\n<meta name=\"twitter:site\" content=\"@artipelag\" \/>\n<meta name=\"twitter:label1\" content=\"Est. reading time\" \/>\n\t<meta name=\"twitter:data1\" content=\"1 minute\" \/>\n<script type=\"application\/ld+json\" class=\"yoast-schema-graph\">{\"@context\":\"https:\/\/schema.org\",\"@graph\":[{\"@type\":\"WebPage\",\"@id\":\"https:\/\/artipelag.se\/en\/meetings-events\/activities\/employeeship\/\",\"url\":\"https:\/\/artipelag.se\/en\/meetings-events\/activities\/employeeship\/\",\"name\":\"Employeeship - Artipelag\",\"isPartOf\":{\"@id\":\"https:\/\/artipelag.se\/en\/#website\"},\"primaryImageOfPage\":{\"@id\":\"https:\/\/artipelag.se\/en\/meetings-events\/activities\/employeeship\/#primaryimage\"},\"image\":{\"@id\":\"https:\/\/artipelag.se\/en\/meetings-events\/activities\/employeeship\/#primaryimage\"},\"thumbnailUrl\":\"https:\/\/cdn.artipelag.se\/app\/uploads\/2018\/11\/medarbetarskap-1170x488-px-e1669126187544.jpg?strip=all\",\"datePublished\":\"2018-11-05T15:51:21+00:00\",\"dateModified\":\"2024-11-26T09:01:23+00:00\",\"description\":\"Gruppdynamiska \u00f6vningar f\u00f6r att involvera, skapa tillit, \u00f6ka kommunikationen och f\u00f6rb\u00e4ttra samarbetet inom arbetsgruppen och f\u00f6retaget.\",\"breadcrumb\":{\"@id\":\"https:\/\/artipelag.se\/en\/meetings-events\/activities\/employeeship\/#breadcrumb\"},\"inLanguage\":\"en-US\",\"potentialAction\":[{\"@type\":\"ReadAction\",\"target\":[\"https:\/\/artipelag.se\/en\/meetings-events\/activities\/employeeship\/\"]}]},{\"@type\":\"ImageObject\",\"inLanguage\":\"en-US\",\"@id\":\"https:\/\/artipelag.se\/en\/meetings-events\/activities\/employeeship\/#primaryimage\",\"url\":\"https:\/\/cdn.artipelag.se\/app\/uploads\/2018\/11\/medarbetarskap-1170x488-px-e1669126187544.jpg?strip=all\",\"contentUrl\":\"https:\/\/cdn.artipelag.se\/app\/uploads\/2018\/11\/medarbetarskap-1170x488-px-e1669126187544.jpg?strip=all\",\"width\":1170,\"height\":488,\"caption\":\"employeeship with \u00d6ppet Hav\"},{\"@type\":\"BreadcrumbList\",\"@id\":\"https:\/\/artipelag.se\/en\/meetings-events\/activities\/employeeship\/#breadcrumb\",\"itemListElement\":[{\"@type\":\"ListItem\",\"position\":1,\"name\":\"Hem\",\"item\":\"https:\/\/artipelag.se\/en\/\"},{\"@type\":\"ListItem\",\"position\":2,\"name\":\"Meetings &#038; Events\",\"item\":\"https:\/\/artipelag.se\/en\/meetings-events\/\"},{\"@type\":\"ListItem\",\"position\":3,\"name\":\"Activities\",\"item\":\"https:\/\/artipelag.se\/en\/meetings-events\/activities\/\"},{\"@type\":\"ListItem\",\"position\":4,\"name\":\"Employeeship\"}]},{\"@type\":\"WebSite\",\"@id\":\"https:\/\/artipelag.se\/en\/#website\",\"url\":\"https:\/\/artipelag.se\/en\/\",\"name\":\"Artipelag\",\"description\":\"Artipelag is a new international venue for art, good food, events and activities \u2013 beautifully set on V\u00e4rmd\u00f6 in the Stockholm Archipelago, just 20 minutes from the city centre.\",\"publisher\":{\"@id\":\"https:\/\/artipelag.se\/en\/#organization\"},\"potentialAction\":[{\"@type\":\"SearchAction\",\"target\":{\"@type\":\"EntryPoint\",\"urlTemplate\":\"https:\/\/artipelag.se\/en\/?s={search_term_string}\"},\"query-input\":{\"@type\":\"PropertyValueSpecification\",\"valueRequired\":true,\"valueName\":\"search_term_string\"}}],\"inLanguage\":\"en-US\"},{\"@type\":\"Organization\",\"@id\":\"https:\/\/artipelag.se\/en\/#organization\",\"name\":\"Artipelag\",\"url\":\"https:\/\/artipelag.se\/en\/\",\"logo\":{\"@type\":\"ImageObject\",\"inLanguage\":\"en-US\",\"@id\":\"https:\/\/artipelag.se\/en\/#\/schema\/logo\/image\/\",\"url\":\"https:\/\/artipelag.se\/app\/uploads\/2015\/09\/logga2.jpg\",\"contentUrl\":\"https:\/\/artipelag.se\/app\/uploads\/2015\/09\/logga2.jpg\",\"width\":700,\"height\":700,\"caption\":\"Artipelag\"},\"image\":{\"@id\":\"https:\/\/artipelag.se\/en\/#\/schema\/logo\/image\/\"},\"sameAs\":[\"https:\/\/www.facebook.com\/artipelag\/\",\"https:\/\/x.com\/artipelag\",\"https:\/\/www.instagram.com\/artipelag\/\",\"https:\/\/www.linkedin.com\/company\/artipelag\",\"https:\/\/www.youtube.com\/user\/ArtipelagSweden\"]}]}<\/script>\n<!-- \/ Yoast SEO Premium plugin. -->","yoast_head_json":{"title":"Employeeship - Artipelag","description":"Gruppdynamiska \u00f6vningar f\u00f6r att involvera, skapa tillit, \u00f6ka kommunikationen och f\u00f6rb\u00e4ttra samarbetet inom arbetsgruppen och f\u00f6retaget.","robots":{"index":"index","follow":"follow","max-snippet":"max-snippet:-1","max-image-preview":"max-image-preview:large","max-video-preview":"max-video-preview:-1"},"canonical":"https:\/\/artipelag.se\/en\/meetings-events\/activities\/employeeship\/","og_locale":"en_US","og_type":"article","og_title":"Employeeship","og_description":"Gruppdynamiska \u00f6vningar f\u00f6r att involvera, skapa tillit, \u00f6ka kommunikationen och f\u00f6rb\u00e4ttra samarbetet inom arbetsgruppen och f\u00f6retaget.","og_url":"https:\/\/artipelag.se\/en\/meetings-events\/activities\/employeeship\/","og_site_name":"Artipelag","article_publisher":"https:\/\/www.facebook.com\/artipelag\/","article_modified_time":"2024-11-26T09:01:23+00:00","og_image":[{"width":1170,"height":488,"url":"https:\/\/artipelag.se\/app\/uploads\/2018\/11\/medarbetarskap-1170x488-px-e1669126187544.jpg","type":"image\/jpeg"}],"twitter_card":"summary_large_image","twitter_site":"@artipelag","twitter_misc":{"Est. reading time":"1 minute"},"schema":{"@context":"https:\/\/schema.org","@graph":[{"@type":"WebPage","@id":"https:\/\/artipelag.se\/en\/meetings-events\/activities\/employeeship\/","url":"https:\/\/artipelag.se\/en\/meetings-events\/activities\/employeeship\/","name":"Employeeship - Artipelag","isPartOf":{"@id":"https:\/\/artipelag.se\/en\/#website"},"primaryImageOfPage":{"@id":"https:\/\/artipelag.se\/en\/meetings-events\/activities\/employeeship\/#primaryimage"},"image":{"@id":"https:\/\/artipelag.se\/en\/meetings-events\/activities\/employeeship\/#primaryimage"},"thumbnailUrl":"https:\/\/cdn.artipelag.se\/app\/uploads\/2018\/11\/medarbetarskap-1170x488-px-e1669126187544.jpg?strip=all","datePublished":"2018-11-05T15:51:21+00:00","dateModified":"2024-11-26T09:01:23+00:00","description":"Gruppdynamiska \u00f6vningar f\u00f6r att involvera, skapa tillit, \u00f6ka kommunikationen och f\u00f6rb\u00e4ttra samarbetet inom arbetsgruppen och f\u00f6retaget.","breadcrumb":{"@id":"https:\/\/artipelag.se\/en\/meetings-events\/activities\/employeeship\/#breadcrumb"},"inLanguage":"en-US","potentialAction":[{"@type":"ReadAction","target":["https:\/\/artipelag.se\/en\/meetings-events\/activities\/employeeship\/"]}]},{"@type":"ImageObject","inLanguage":"en-US","@id":"https:\/\/artipelag.se\/en\/meetings-events\/activities\/employeeship\/#primaryimage","url":"https:\/\/cdn.artipelag.se\/app\/uploads\/2018\/11\/medarbetarskap-1170x488-px-e1669126187544.jpg?strip=all","contentUrl":"https:\/\/cdn.artipelag.se\/app\/uploads\/2018\/11\/medarbetarskap-1170x488-px-e1669126187544.jpg?strip=all","width":1170,"height":488,"caption":"employeeship with \u00d6ppet Hav"},{"@type":"BreadcrumbList","@id":"https:\/\/artipelag.se\/en\/meetings-events\/activities\/employeeship\/#breadcrumb","itemListElement":[{"@type":"ListItem","position":1,"name":"Hem","item":"https:\/\/artipelag.se\/en\/"},{"@type":"ListItem","position":2,"name":"Meetings &#038; Events","item":"https:\/\/artipelag.se\/en\/meetings-events\/"},{"@type":"ListItem","position":3,"name":"Activities","item":"https:\/\/artipelag.se\/en\/meetings-events\/activities\/"},{"@type":"ListItem","position":4,"name":"Employeeship"}]},{"@type":"WebSite","@id":"https:\/\/artipelag.se\/en\/#website","url":"https:\/\/artipelag.se\/en\/","name":"Artipelag","description":"Artipelag is a new international venue for art, good food, events and activities \u2013 beautifully set on V\u00e4rmd\u00f6 in the Stockholm Archipelago, just 20 minutes from the city centre.","publisher":{"@id":"https:\/\/artipelag.se\/en\/#organization"},"potentialAction":[{"@type":"SearchAction","target":{"@type":"EntryPoint","urlTemplate":"https:\/\/artipelag.se\/en\/?s={search_term_string}"},"query-input":{"@type":"PropertyValueSpecification","valueRequired":true,"valueName":"search_term_string"}}],"inLanguage":"en-US"},{"@type":"Organization","@id":"https:\/\/artipelag.se\/en\/#organization","name":"Artipelag","url":"https:\/\/artipelag.se\/en\/","logo":{"@type":"ImageObject","inLanguage":"en-US","@id":"https:\/\/artipelag.se\/en\/#\/schema\/logo\/image\/","url":"https:\/\/artipelag.se\/app\/uploads\/2015\/09\/logga2.jpg","contentUrl":"https:\/\/artipelag.se\/app\/uploads\/2015\/09\/logga2.jpg","width":700,"height":700,"caption":"Artipelag"},"image":{"@id":"https:\/\/artipelag.se\/en\/#\/schema\/logo\/image\/"},"sameAs":["https:\/\/www.facebook.com\/artipelag\/","https:\/\/x.com\/artipelag","https:\/\/www.instagram.com\/artipelag\/","https:\/\/www.linkedin.com\/company\/artipelag","https:\/\/www.youtube.com\/user\/ArtipelagSweden"]}]}},"_links":{"self":[{"href":"https:\/\/artipelag.se\/en\/wp-json\/wp\/v2\/pages\/56016","targetHints":{"allow":["GET"]}}],"collection":[{"href":"https:\/\/artipelag.se\/en\/wp-json\/wp\/v2\/pages"}],"about":[{"href":"https:\/\/artipelag.se\/en\/wp-json\/wp\/v2\/types\/page"}],"author":[{"embeddable":true,"href":"https:\/\/artipelag.se\/en\/wp-json\/wp\/v2\/users\/24"}],"replies":[{"embeddable":true,"href":"https:\/\/artipelag.se\/en\/wp-json\/wp\/v2\/comments?post=56016"}],"version-history":[{"count":4,"href":"https:\/\/artipelag.se\/en\/wp-json\/wp\/v2\/pages\/56016\/revisions"}],"predecessor-version":[{"id":76781,"href":"https:\/\/artipelag.se\/en\/wp-json\/wp\/v2\/pages\/56016\/revisions\/76781"}],"up":[{"embeddable":true,"href":"https:\/\/artipelag.se\/en\/wp-json\/wp\/v2\/pages\/129"}],"wp:featuredmedia":[{"embeddable":true,"href":"https:\/\/artipelag.se\/en\/wp-json\/wp\/v2\/media\/33380"}],"wp:attachment":[{"href":"https:\/\/artipelag.se\/en\/wp-json\/wp\/v2\/media?parent=56016"}],"curies":[{"name":"wp","href":"https:\/\/api.w.org\/{rel}","templated":true}]}}