{"id":38,"date":"2015-04-28T15:36:44","date_gmt":"2015-04-28T13:36:44","guid":{"rendered":"https:\/\/artipelag.se\/?page_id=38"},"modified":"2025-02-21T16:30:27","modified_gmt":"2025-02-21T15:30:27","slug":"food-beverage","status":"publish","type":"page","link":"https:\/\/artipelag.se\/en\/food-beverage\/","title":{"rendered":"Food &amp; Beverage"},"content":{"rendered":"<div class=\"wp-block-storefront-teasers module-spacing\">\n      <div class=\"container\">\n                  <div class=\"w-full h-cover-screen flex flex-wrap items-stretch\">\n                          <div class=\"w-full relative lg:w-1\/2\">\n                <figure class=\"h-80 sm:h-full\">\n                  <img decoding=\"async\" width=\"360\" height=\"600\" src=\"https:\/\/cdn.artipelag.se\/app\/uploads\/2023\/07\/restaurang-test-360x600.jpg?strip=all\" class=\"object-cover w-full h-full object-center sm:object-center md:hidden\" alt=\"\" \/>\n                  <img decoding=\"async\" width=\"730\" height=\"1216\" src=\"https:\/\/cdn.artipelag.se\/app\/uploads\/2023\/07\/restaurang-test-730x1216.jpg?strip=all\" class=\"hidden object-cover w-full h-full object-center sm:object-center md:block\" alt=\"\" \/>\n                  <div\n                    class=\"\n                      absolute left-0 top-0 right-0 bottom-0\n                      bg-black bg-opacity-25\n                    \"\n                  >\n                  <\/div>\n                <\/figure>\n\n                <div class=\"flex items-center absolute left-0 top-0 right-0 bottom-0 z-10\">\n                  <h2\n                    class=\"\n                      mx-5\n                      text-white text-3xl\n                      sm:mx-8 sm:text-4xl\n                      md:text-5xl lg:text-7xl\n                      xl:mx-16 xl:text-9xl\n                      2xl:text-12xl\n                    \"\n                  >\n                    <a\n                      class=\"group block no-underline\"\n                      href=\"https:\/\/artipelag.se\/en\/food-beverage\/artipelag-restaurant\/\"\n                    >\n                      <div>\n                        Artipelag Restaurant\n                      <\/div>\n\n                      <div\n                        class=\"\n                          w-8 h-8 md:w-12 md:h-12 lg:w-16 lg:h-16\n                          transform transition-transform\n                          group-hover:translate-x-4\n                        \"\n                        aria-hidden=\"true\"\n                      >\n                        <svg width=\"100%\" height=\"100%\" class=\"fill-current\" class=\"fill-current max-w-full\" xmlns=\"http:\/\/www.w3.org\/2000\/svg\" viewBox=\"0 -960 960 960\">\n  <path d=\"M647-440H160v-80h487L423-744l57-56 320 320-320 320-57-56 224-224Z\" \/>\n<\/svg>                      <\/div>\n                    <\/a>\n                  <\/h2>\n                <\/div>\n              <\/div>\n                          <div class=\"w-full relative lg:w-1\/2\">\n                <figure class=\"h-80 sm:h-full\">\n                  <img decoding=\"async\" width=\"515\" height=\"600\" src=\"https:\/\/cdn.artipelag.se\/app\/uploads\/2025\/01\/staende-bild-1168-1360-515x600.jpg?strip=all&fit=515%2C600\" class=\"object-cover w-full h-full object-top sm:object-center md:hidden\" alt=\"Ett elegant arrangemang av \u00e5tta runda bakverk, toppade med livfulla citrusfrukter och f\u00e4rska gr\u00f6na blad, sitter lockande p\u00e5 en metallbricka - en h\u00e4rlig blandning av smak och presentation inom mat och dryck.\" \/>\n                  <img decoding=\"async\" width=\"800\" height=\"932\" src=\"https:\/\/cdn.artipelag.se\/app\/uploads\/2025\/01\/staende-bild-1168-1360-800x932.jpg?strip=all&fit=800%2C932\" class=\"hidden object-cover w-full h-full object-top sm:object-center md:block\" alt=\"Ett elegant arrangemang av \u00e5tta runda bakverk, toppade med livfulla citrusfrukter och f\u00e4rska gr\u00f6na blad, sitter lockande p\u00e5 en metallbricka - en h\u00e4rlig blandning av smak och presentation inom mat och dryck.\" \/>\n                  <div\n                    class=\"\n                      absolute left-0 top-0 right-0 bottom-0\n                      bg-black bg-opacity-25\n                    \"\n                  >\n                  <\/div>\n                <\/figure>\n\n                <div class=\"flex items-center absolute left-0 top-0 right-0 bottom-0 z-10\">\n                  <h2\n                    class=\"\n                      mx-5\n                      text-white text-3xl\n                      sm:mx-8 sm:text-4xl\n                      md:text-5xl lg:text-7xl\n                      xl:mx-16 xl:text-9xl\n                      2xl:text-12xl\n                    \"\n                  >\n                    <a\n                      class=\"group block no-underline\"\n                      href=\"https:\/\/artipelag.se\/en\/food-beverage\/badan-cafe-patisserie\/\"\n                    >\n                      <div>\n                        B\u00e5dan Caf\u00e9 &#038; P\u00e2tisserie\n                      <\/div>\n\n                      <div\n                        class=\"\n                          w-8 h-8 md:w-12 md:h-12 lg:w-16 lg:h-16\n                          transform transition-transform\n                          group-hover:translate-x-4\n                        \"\n                        aria-hidden=\"true\"\n                      >\n                        <svg width=\"100%\" height=\"100%\" class=\"fill-current\" class=\"fill-current max-w-full\" xmlns=\"http:\/\/www.w3.org\/2000\/svg\" viewBox=\"0 -960 960 960\">\n  <path d=\"M647-440H160v-80h487L423-744l57-56 320 320-320 320-57-56 224-224Z\" \/>\n<\/svg>                      <\/div>\n                    <\/a>\n                  <\/h2>\n                <\/div>\n              <\/div>\n                      <\/div>\n              <\/div>\n    <\/div>\n  ","protected":false},"excerpt":{"rendered":"","protected":false},"author":1,"featured_media":51570,"parent":0,"menu_order":0,"comment_status":"closed","ping_status":"closed","template":"","meta":{"_acf_changed":false,"footnotes":""},"class_list":["post-38","page","type-page","status-publish","has-post-thumbnail","hentry"],"acf":[],"yoast_head":"<!-- This site is optimized with the Yoast SEO Premium plugin v26.7 (Yoast SEO v26.7) - https:\/\/yoast.com\/wordpress\/plugins\/seo\/ -->\n<title>Food &amp; Beverage - Artipelag<\/title>\n<meta name=\"description\" content=\"B\u00e5dan Caf\u00e9 &amp; P\u00e2tisserie is located on the second floor, next to the large entrance hall. It is named after the massive, timeworn B\u00e5dan.\" \/>\n<meta name=\"robots\" content=\"index, follow, max-snippet:-1, max-image-preview:large, max-video-preview:-1\" \/>\n<link rel=\"canonical\" href=\"https:\/\/artipelag.se\/en\/food-beverage\/\" \/>\n<meta property=\"og:locale\" content=\"en_US\" \/>\n<meta property=\"og:type\" content=\"article\" \/>\n<meta property=\"og:title\" content=\"Food &amp; Beverage\" \/>\n<meta property=\"og:description\" content=\"B\u00e5dan Caf\u00e9 &amp; P\u00e2tisserie is located on the second floor, next to the large entrance hall. It is named after the massive, timeworn B\u00e5dan.\" \/>\n<meta property=\"og:url\" content=\"https:\/\/artipelag.se\/en\/food-beverage\/\" \/>\n<meta property=\"og:site_name\" content=\"Artipelag\" \/>\n<meta property=\"article:publisher\" content=\"https:\/\/www.facebook.com\/artipelag\/\" \/>\n<meta property=\"article:modified_time\" content=\"2025-02-21T15:30:27+00:00\" \/>\n<meta property=\"og:image\" content=\"https:\/\/artipelag.se\/app\/uploads\/2022\/06\/restaurang-artipelag-2.jpg\" \/>\n\t<meta property=\"og:image:width\" content=\"1536\" \/>\n\t<meta property=\"og:image:height\" content=\"2230\" \/>\n\t<meta property=\"og:image:type\" content=\"image\/jpeg\" \/>\n<meta name=\"twitter:card\" content=\"summary_large_image\" \/>\n<meta name=\"twitter:site\" content=\"@artipelag\" \/>\n<script type=\"application\/ld+json\" class=\"yoast-schema-graph\">{\"@context\":\"https:\/\/schema.org\",\"@graph\":[{\"@type\":\"WebPage\",\"@id\":\"https:\/\/artipelag.se\/en\/food-beverage\/\",\"url\":\"https:\/\/artipelag.se\/en\/food-beverage\/\",\"name\":\"Food &amp; Beverage - Artipelag\",\"isPartOf\":{\"@id\":\"https:\/\/artipelag.se\/en\/#website\"},\"primaryImageOfPage\":{\"@id\":\"https:\/\/artipelag.se\/en\/food-beverage\/#primaryimage\"},\"image\":{\"@id\":\"https:\/\/artipelag.se\/en\/food-beverage\/#primaryimage\"},\"thumbnailUrl\":\"https:\/\/cdn.artipelag.se\/app\/uploads\/2022\/06\/restaurang-artipelag-2.jpg?strip=all\",\"datePublished\":\"2015-04-28T13:36:44+00:00\",\"dateModified\":\"2025-02-21T15:30:27+00:00\",\"description\":\"B\u00e5dan Caf\u00e9 & P\u00e2tisserie is located on the second floor, next to the large entrance hall. It is named after the massive, timeworn B\u00e5dan.\",\"breadcrumb\":{\"@id\":\"https:\/\/artipelag.se\/en\/food-beverage\/#breadcrumb\"},\"inLanguage\":\"en-US\",\"potentialAction\":[{\"@type\":\"ReadAction\",\"target\":[\"https:\/\/artipelag.se\/en\/food-beverage\/\"]}]},{\"@type\":\"ImageObject\",\"inLanguage\":\"en-US\",\"@id\":\"https:\/\/artipelag.se\/en\/food-beverage\/#primaryimage\",\"url\":\"https:\/\/cdn.artipelag.se\/app\/uploads\/2022\/06\/restaurang-artipelag-2.jpg?strip=all\",\"contentUrl\":\"https:\/\/cdn.artipelag.se\/app\/uploads\/2022\/06\/restaurang-artipelag-2.jpg?strip=all\",\"width\":1536,\"height\":2230},{\"@type\":\"BreadcrumbList\",\"@id\":\"https:\/\/artipelag.se\/en\/food-beverage\/#breadcrumb\",\"itemListElement\":[{\"@type\":\"ListItem\",\"position\":1,\"name\":\"Hem\",\"item\":\"https:\/\/artipelag.se\/en\/\"},{\"@type\":\"ListItem\",\"position\":2,\"name\":\"Food &amp; Beverage\"}]},{\"@type\":\"WebSite\",\"@id\":\"https:\/\/artipelag.se\/en\/#website\",\"url\":\"https:\/\/artipelag.se\/en\/\",\"name\":\"Artipelag\",\"description\":\"Artipelag is a new international venue for art, good food, events and activities \u2013 beautifully set on V\u00e4rmd\u00f6 in the Stockholm Archipelago, just 20 minutes from the city centre.\",\"publisher\":{\"@id\":\"https:\/\/artipelag.se\/en\/#organization\"},\"potentialAction\":[{\"@type\":\"SearchAction\",\"target\":{\"@type\":\"EntryPoint\",\"urlTemplate\":\"https:\/\/artipelag.se\/en\/?s={search_term_string}\"},\"query-input\":{\"@type\":\"PropertyValueSpecification\",\"valueRequired\":true,\"valueName\":\"search_term_string\"}}],\"inLanguage\":\"en-US\"},{\"@type\":\"Organization\",\"@id\":\"https:\/\/artipelag.se\/en\/#organization\",\"name\":\"Artipelag\",\"url\":\"https:\/\/artipelag.se\/en\/\",\"logo\":{\"@type\":\"ImageObject\",\"inLanguage\":\"en-US\",\"@id\":\"https:\/\/artipelag.se\/en\/#\/schema\/logo\/image\/\",\"url\":\"https:\/\/artipelag.se\/app\/uploads\/2015\/09\/logga2.jpg\",\"contentUrl\":\"https:\/\/artipelag.se\/app\/uploads\/2015\/09\/logga2.jpg\",\"width\":700,\"height\":700,\"caption\":\"Artipelag\"},\"image\":{\"@id\":\"https:\/\/artipelag.se\/en\/#\/schema\/logo\/image\/\"},\"sameAs\":[\"https:\/\/www.facebook.com\/artipelag\/\",\"https:\/\/x.com\/artipelag\",\"https:\/\/www.instagram.com\/artipelag\/\",\"https:\/\/www.linkedin.com\/company\/artipelag\",\"https:\/\/www.youtube.com\/user\/ArtipelagSweden\"]}]}<\/script>\n<!-- \/ Yoast SEO Premium plugin. -->","yoast_head_json":{"title":"Food &amp; Beverage - Artipelag","description":"B\u00e5dan Caf\u00e9 & P\u00e2tisserie is located on the second floor, next to the large entrance hall. It is named after the massive, timeworn B\u00e5dan.","robots":{"index":"index","follow":"follow","max-snippet":"max-snippet:-1","max-image-preview":"max-image-preview:large","max-video-preview":"max-video-preview:-1"},"canonical":"https:\/\/artipelag.se\/en\/food-beverage\/","og_locale":"en_US","og_type":"article","og_title":"Food &amp; Beverage","og_description":"B\u00e5dan Caf\u00e9 & P\u00e2tisserie is located on the second floor, next to the large entrance hall. It is named after the massive, timeworn B\u00e5dan.","og_url":"https:\/\/artipelag.se\/en\/food-beverage\/","og_site_name":"Artipelag","article_publisher":"https:\/\/www.facebook.com\/artipelag\/","article_modified_time":"2025-02-21T15:30:27+00:00","og_image":[{"width":1536,"height":2230,"url":"https:\/\/artipelag.se\/app\/uploads\/2022\/06\/restaurang-artipelag-2.jpg","type":"image\/jpeg"}],"twitter_card":"summary_large_image","twitter_site":"@artipelag","schema":{"@context":"https:\/\/schema.org","@graph":[{"@type":"WebPage","@id":"https:\/\/artipelag.se\/en\/food-beverage\/","url":"https:\/\/artipelag.se\/en\/food-beverage\/","name":"Food &amp; Beverage - Artipelag","isPartOf":{"@id":"https:\/\/artipelag.se\/en\/#website"},"primaryImageOfPage":{"@id":"https:\/\/artipelag.se\/en\/food-beverage\/#primaryimage"},"image":{"@id":"https:\/\/artipelag.se\/en\/food-beverage\/#primaryimage"},"thumbnailUrl":"https:\/\/cdn.artipelag.se\/app\/uploads\/2022\/06\/restaurang-artipelag-2.jpg?strip=all","datePublished":"2015-04-28T13:36:44+00:00","dateModified":"2025-02-21T15:30:27+00:00","description":"B\u00e5dan Caf\u00e9 & P\u00e2tisserie is located on the second floor, next to the large entrance hall. It is named after the massive, timeworn B\u00e5dan.","breadcrumb":{"@id":"https:\/\/artipelag.se\/en\/food-beverage\/#breadcrumb"},"inLanguage":"en-US","potentialAction":[{"@type":"ReadAction","target":["https:\/\/artipelag.se\/en\/food-beverage\/"]}]},{"@type":"ImageObject","inLanguage":"en-US","@id":"https:\/\/artipelag.se\/en\/food-beverage\/#primaryimage","url":"https:\/\/cdn.artipelag.se\/app\/uploads\/2022\/06\/restaurang-artipelag-2.jpg?strip=all","contentUrl":"https:\/\/cdn.artipelag.se\/app\/uploads\/2022\/06\/restaurang-artipelag-2.jpg?strip=all","width":1536,"height":2230},{"@type":"BreadcrumbList","@id":"https:\/\/artipelag.se\/en\/food-beverage\/#breadcrumb","itemListElement":[{"@type":"ListItem","position":1,"name":"Hem","item":"https:\/\/artipelag.se\/en\/"},{"@type":"ListItem","position":2,"name":"Food &amp; Beverage"}]},{"@type":"WebSite","@id":"https:\/\/artipelag.se\/en\/#website","url":"https:\/\/artipelag.se\/en\/","name":"Artipelag","description":"Artipelag is a new international venue for art, good food, events and activities \u2013 beautifully set on V\u00e4rmd\u00f6 in the Stockholm Archipelago, just 20 minutes from the city centre.","publisher":{"@id":"https:\/\/artipelag.se\/en\/#organization"},"potentialAction":[{"@type":"SearchAction","target":{"@type":"EntryPoint","urlTemplate":"https:\/\/artipelag.se\/en\/?s={search_term_string}"},"query-input":{"@type":"PropertyValueSpecification","valueRequired":true,"valueName":"search_term_string"}}],"inLanguage":"en-US"},{"@type":"Organization","@id":"https:\/\/artipelag.se\/en\/#organization","name":"Artipelag","url":"https:\/\/artipelag.se\/en\/","logo":{"@type":"ImageObject","inLanguage":"en-US","@id":"https:\/\/artipelag.se\/en\/#\/schema\/logo\/image\/","url":"https:\/\/artipelag.se\/app\/uploads\/2015\/09\/logga2.jpg","contentUrl":"https:\/\/artipelag.se\/app\/uploads\/2015\/09\/logga2.jpg","width":700,"height":700,"caption":"Artipelag"},"image":{"@id":"https:\/\/artipelag.se\/en\/#\/schema\/logo\/image\/"},"sameAs":["https:\/\/www.facebook.com\/artipelag\/","https:\/\/x.com\/artipelag","https:\/\/www.instagram.com\/artipelag\/","https:\/\/www.linkedin.com\/company\/artipelag","https:\/\/www.youtube.com\/user\/ArtipelagSweden"]}]}},"_links":{"self":[{"href":"https:\/\/artipelag.se\/en\/wp-json\/wp\/v2\/pages\/38","targetHints":{"allow":["GET"]}}],"collection":[{"href":"https:\/\/artipelag.se\/en\/wp-json\/wp\/v2\/pages"}],"about":[{"href":"https:\/\/artipelag.se\/en\/wp-json\/wp\/v2\/types\/page"}],"author":[{"embeddable":true,"href":"https:\/\/artipelag.se\/en\/wp-json\/wp\/v2\/users\/1"}],"replies":[{"embeddable":true,"href":"https:\/\/artipelag.se\/en\/wp-json\/wp\/v2\/comments?post=38"}],"version-history":[{"count":11,"href":"https:\/\/artipelag.se\/en\/wp-json\/wp\/v2\/pages\/38\/revisions"}],"predecessor-version":[{"id":80419,"href":"https:\/\/artipelag.se\/en\/wp-json\/wp\/v2\/pages\/38\/revisions\/80419"}],"wp:featuredmedia":[{"embeddable":true,"href":"https:\/\/artipelag.se\/en\/wp-json\/wp\/v2\/media\/51570"}],"wp:attachment":[{"href":"https:\/\/artipelag.se\/en\/wp-json\/wp\/v2\/media?parent=38"}],"curies":[{"name":"wp","href":"https:\/\/api.w.org\/{rel}","templated":true}]}}