{"id":36911,"date":"2018-11-23T15:31:51","date_gmt":"2018-11-23T14:31:51","guid":{"rendered":"https:\/\/artipelag.se\/meetings-events\/cases\/red-bull-secret-gig-med-robyn-2018\/"},"modified":"2022-12-20T14:19:35","modified_gmt":"2022-12-20T13:19:35","slug":"red-bull-secret-gig-robyn-2018","status":"publish","type":"page","link":"https:\/\/artipelag.se\/en\/meetings-events\/previous-events\/red-bull-secret-gig-robyn-2018\/","title":{"rendered":"Red Bull Music Presents Secret Gig X Robyn 2018"},"content":{"rendered":"\n<div class=\"wp-block-cover\"><span aria-hidden=\"true\" class=\"wp-block-cover__background has-background-dim-0 has-background-dim\"><\/span><img decoding=\"async\" width=\"2560\" height=\"960\" src=\"https:\/\/artipelag.se\/app\/uploads\/2022\/11\/case-red-bull-2560x960-px.avif\" class=\"wp-block-cover__image-background skip-lazy wp-post-image\" alt=\"Publikhav framf\u00f6r Robyn\" data-object-fit=\"cover\" \/><div class=\"wp-block-cover__inner-container is-layout-flow wp-block-cover-is-layout-flow\"><div class=\"max-w-screen-md mt-5 mx-auto first:mt-0\">\n<h1 id=\"red-bull-music-presents-secret-gig-x-robyn\" class=\" has-text-align-center wp-block-heading\">Red Bull Music Presents Secret Gig X Robyn<\/h1>\n<\/div><\/div><\/div>\n\n\n<div class=\"max-w-screen-md mt-5 mt-5 mx-auto xl:mt-8 xl:mt-8 mt-5 mx-auto xl:mt-8 first:mt-0\">\n<h3 id=\"on-october-27th-2018-artipelag-hosted-robyns-great-comeback-concert-after-having-been-away-for-eight-years\" class=\" wp-block-heading\"><strong>On October 27th, 2018, Artipelag hosted Robyn\u2019s great comeback concert after having been away for eight years.<\/strong><\/h3>\n<\/div>\n\n<div class=\"max-w-screen-md mt-5 mx-auto first:mt-0\"><div\n  class=\"prose sm:prose-lg lg:prose-xl\"\n  x-data=\"\"\n  x-init=\"$nextTick(function () {\n    const videoEmbeds = document.querySelectorAll('.wp-block-embed.is-type-video');\n    videoEmbeds.forEach(function (embed) {\n      if (!embed.classList.contains('wp-embed-aspect-16-9') || !embed.classList.contains('wp-has-aspect-ratio')) {\n        embed.classList.add('wp-embed-aspect-16-9', 'wp-has-aspect-ratio');\n      }\n    });\n  })\"\n>\n  \n<p>The evening was arranged by Red Bull and with 1,300 guests, Artipelag was utilized to its full capacity.<\/p>\n\n<\/div>\n<\/div>\n\n<div class=\"max-w-screen-md mt-5 mx-auto first:mt-0\"><div\n  class=\"prose sm:prose-lg lg:prose-xl\"\n  x-data=\"\"\n  x-init=\"$nextTick(function () {\n    const videoEmbeds = document.querySelectorAll('.wp-block-embed.is-type-video');\n    videoEmbeds.forEach(function (embed) {\n      if (!embed.classList.contains('wp-embed-aspect-16-9') || !embed.classList.contains('wp-has-aspect-ratio')) {\n        embed.classList.add('wp-embed-aspect-16-9', 'wp-has-aspect-ratio');\n      }\n    });\n  })\"\n>\n  \n<p>The concert took place in the Artbox where the stage and PA system was rigged days ahead. Permanent sales areas as well as customized bars provided the guests with food and drinks both before and during the concert.<\/p>\n\n<\/div>\n<\/div>\n\n<div class=\"max-w-screen-md mt-5 mx-auto first:mt-0\"><div\n  class=\"prose sm:prose-lg lg:prose-xl\"\n  x-data=\"\"\n  x-init=\"$nextTick(function () {\n    const videoEmbeds = document.querySelectorAll('.wp-block-embed.is-type-video');\n    videoEmbeds.forEach(function (embed) {\n      if (!embed.classList.contains('wp-embed-aspect-16-9') || !embed.classList.contains('wp-has-aspect-ratio')) {\n        embed.classList.add('wp-embed-aspect-16-9', 'wp-has-aspect-ratio');\n      }\n    });\n  })\"\n>\n  \n<p>All guests were transported by chartered boats from Nybrokajen in Stockholm. Upon arrival at Artipelag, sound and light installations welcomed them in the woods surrounding our boardwalk.<\/p>\n\n<\/div>\n<\/div>\n\n<div class=\"wp-block-slideshow module-spacing\">\n    <div class=\"container\">\n      <div class=\"w-full max-w-screen-lg mx-auto\">\n        \n                  <div\n            class=\"block-slideshow\"\n            x-data=\"{\n              swiper: null,\n              thumbs: null,\n            }\"\n            x-init=\"\n              thumbs = new window.Swiper($refs.thumbs, {\n                spaceBetween: 10,\n                slidesPerView: 6,\n                freeMode: true,\n                watchSlidesProgress: true,\n              });\n              swiper = new window.Swiper($refs.container, {\n                slidesPerView: 1,\n                navigation: {\n                  nextEl: $refs.next,\n                  prevEl: $refs.prev,\n                },\n                runCallbacksOnInit: true,\n                thumbs: {\n                  swiper: thumbs,\n                },\n              });\n            \"\n          >\n            <div\n              class=\"swiper-container relative overflow-hidden\"\n              x-ref=\"container\"\n            >\n              <div class=\"swiper-wrapper\">\n                                  \n                  <div class=\"swiper-slide\">\n                    <div class=\"md:hidden\">\n                      <img decoding=\"async\" width=\"800\" height=\"533\" src=\"https:\/\/cdn.artipelag.se\/app\/uploads\/2022\/11\/case-red-bull-5-1700x1133-px-800x533.jpg?strip=all\" class=\"object-cover h-full w-full\" alt=\"M\u00e4nniskor samlade i foaj\u00e9n\" \/>\n                    <\/div>\n                    <div class=\"hidden md:block\">\n                      <img decoding=\"async\" width=\"1600\" height=\"1066\" src=\"https:\/\/cdn.artipelag.se\/app\/uploads\/2022\/11\/case-red-bull-5-1700x1133-px-1600x1066.jpg?strip=all\" class=\"object-cover h-full w-full\" alt=\"M\u00e4nniskor samlade i foaj\u00e9n\" \/>\n                    <\/div>\n\n                                      <\/div>\n                                  \n                  <div class=\"swiper-slide\">\n                    <div class=\"md:hidden\">\n                      <img decoding=\"async\" width=\"800\" height=\"533\" src=\"https:\/\/cdn.artipelag.se\/app\/uploads\/2022\/11\/case-red-bull-4-1700x1133-px-800x533.jpg?strip=all\" class=\"object-cover h-full w-full\" alt=\"Publikhav p\u00e5 Robyns konsert\" \/>\n                    <\/div>\n                    <div class=\"hidden md:block\">\n                      <img decoding=\"async\" width=\"1600\" height=\"1066\" src=\"https:\/\/cdn.artipelag.se\/app\/uploads\/2022\/11\/case-red-bull-4-1700x1133-px-1600x1066.jpg?strip=all\" class=\"object-cover h-full w-full\" alt=\"Publikhav p\u00e5 Robyns konsert\" \/>\n                    <\/div>\n\n                                      <\/div>\n                                  \n                  <div class=\"swiper-slide\">\n                    <div class=\"md:hidden\">\n                      <img decoding=\"async\" width=\"800\" height=\"533\" src=\"https:\/\/cdn.artipelag.se\/app\/uploads\/2022\/11\/case-red-bull-1-1700x1133-px-800x533.jpg?strip=all\" class=\"object-cover h-full w-full\" alt=\"\" \/>\n                    <\/div>\n                    <div class=\"hidden md:block\">\n                      <img decoding=\"async\" width=\"1600\" height=\"1066\" src=\"https:\/\/cdn.artipelag.se\/app\/uploads\/2022\/11\/case-red-bull-1-1700x1133-px-1600x1066.jpg?strip=all\" class=\"object-cover h-full w-full\" alt=\"\" \/>\n                    <\/div>\n\n                                      <\/div>\n                                  \n                  <div class=\"swiper-slide\">\n                    <div class=\"md:hidden\">\n                      <img decoding=\"async\" width=\"800\" height=\"533\" src=\"https:\/\/cdn.artipelag.se\/app\/uploads\/2022\/11\/case-red-bull-2-1700x1133-px-800x533.jpg?strip=all\" class=\"object-cover h-full w-full\" alt=\"Red Bull-bar och folk som handlar\" \/>\n                    <\/div>\n                    <div class=\"hidden md:block\">\n                      <img decoding=\"async\" width=\"1600\" height=\"1066\" src=\"https:\/\/cdn.artipelag.se\/app\/uploads\/2022\/11\/case-red-bull-2-1700x1133-px-1600x1066.jpg?strip=all\" class=\"object-cover h-full w-full\" alt=\"Red Bull-bar och folk som handlar\" \/>\n                    <\/div>\n\n                                      <\/div>\n                                  \n                  <div class=\"swiper-slide\">\n                    <div class=\"md:hidden\">\n                      <img decoding=\"async\" width=\"800\" height=\"533\" src=\"https:\/\/cdn.artipelag.se\/app\/uploads\/2022\/11\/case-red-bull-3-1700x1133-px-800x533.jpg?strip=all\" class=\"object-cover h-full w-full\" alt=\"Personer som g\u00e5r upp mot byggnaden till sj\u00f6entr\u00e9n\" \/>\n                    <\/div>\n                    <div class=\"hidden md:block\">\n                      <img decoding=\"async\" width=\"1600\" height=\"1066\" src=\"https:\/\/cdn.artipelag.se\/app\/uploads\/2022\/11\/case-red-bull-3-1700x1133-px-1600x1066.jpg?strip=all\" class=\"object-cover h-full w-full\" alt=\"Personer som g\u00e5r upp mot byggnaden till sj\u00f6entr\u00e9n\" \/>\n                    <\/div>\n\n                                      <\/div>\n                              <\/div>\n              <div\n                x-ref=\"next\"\n                class=\"\n                  swiper-button-next\n                  bg-white !text-green-900 shadow-md rounded-full\n                  after:content-['']\n                \"\n                aria-label=\"Next\"\n              >\n                <svg class=\"fill-current max-w-full\" xmlns=\"http:\/\/www.w3.org\/2000\/svg\" viewBox=\"0 -960 960 960\">\n  <path d=\"M647-440H160v-80h487L423-744l57-56 320 320-320 320-57-56 224-224Z\" \/>\n<\/svg>              <\/div>\n              <div\n                x-ref=\"prev\"\n                class=\"\n                  swiper-button-prev\n                  bg-white !text-green-900 shadow-md rounded-full\n                  after:content-['']\n                \"\n                aria-label=\"Previous\"\n              >\n                <svg class=\"fill-current max-w-full\" xmlns=\"http:\/\/www.w3.org\/2000\/svg\" viewBox=\"0 -960 960 960\">\n  <path d=\"m313-440 224 224-57 56-320-320 320-320 57 56-224 224h487v80H313Z\" \/>\n<\/svg>              <\/div>\n            <\/div>\n\n            <div\n              class=\"swiper-container swiper-container-thumbs mt-5 relative overflow-hidden\"\n              x-ref=\"thumbs\"\n            >\n              <div class=\"swiper-wrapper\">\n                                  <div class=\"swiper-slide\">\n                    <img decoding=\"async\" width=\"400\" height=\"300\" src=\"https:\/\/cdn.artipelag.se\/app\/uploads\/2022\/11\/case-red-bull-5-1700x1133-px-400x300.jpg?strip=all\" class=\"object-cover h-full w-full\" alt=\"M\u00e4nniskor samlade i foaj\u00e9n\" \/>\n                  <\/div>\n                                  <div class=\"swiper-slide\">\n                    <img decoding=\"async\" width=\"400\" height=\"300\" src=\"https:\/\/cdn.artipelag.se\/app\/uploads\/2022\/11\/case-red-bull-4-1700x1133-px-400x300.jpg?strip=all\" class=\"object-cover h-full w-full\" alt=\"Publikhav p\u00e5 Robyns konsert\" \/>\n                  <\/div>\n                                  <div class=\"swiper-slide\">\n                    <img decoding=\"async\" width=\"400\" height=\"300\" src=\"https:\/\/cdn.artipelag.se\/app\/uploads\/2022\/11\/case-red-bull-1-1700x1133-px-400x300.jpg?strip=all\" class=\"object-cover h-full w-full\" alt=\"\" \/>\n                  <\/div>\n                                  <div class=\"swiper-slide\">\n                    <img decoding=\"async\" width=\"400\" height=\"300\" src=\"https:\/\/cdn.artipelag.se\/app\/uploads\/2022\/11\/case-red-bull-2-1700x1133-px-400x300.jpg?strip=all\" class=\"object-cover h-full w-full\" alt=\"Red Bull-bar och folk som handlar\" \/>\n                  <\/div>\n                                  <div class=\"swiper-slide\">\n                    <img decoding=\"async\" width=\"400\" height=\"300\" src=\"https:\/\/cdn.artipelag.se\/app\/uploads\/2022\/11\/case-red-bull-3-1700x1133-px-400x300.jpg?strip=all\" class=\"object-cover h-full w-full\" alt=\"Personer som g\u00e5r upp mot byggnaden till sj\u00f6entr\u00e9n\" \/>\n                  <\/div>\n                              <\/div>\n            <\/div>\n          <\/div>\n              <\/div>\n    <\/div>\n  <\/div>\n","protected":false},"excerpt":{"rendered":"<p>On October 27th, 2018, Artipelag hosted Robyn\u2019s great comeback concert after having been away for eight years. The evening was arranged by Red Bull and with 1,300 guests, Artipelag was utilized to its full capacity. The concert took place in the Artbox where the stage and PA system was rigged days ahead. Permanent sales areas &hellip; <a href=\"https:\/\/artipelag.se\/en\/meetings-events\/previous-events\/red-bull-secret-gig-robyn-2018\/\">Continued<\/a><\/p>\n","protected":false},"author":24,"featured_media":55138,"parent":64105,"menu_order":0,"comment_status":"closed","ping_status":"closed","template":"","meta":{"_acf_changed":false,"footnotes":""},"class_list":["post-36911","page","type-page","status-publish","has-post-thumbnail","hentry"],"acf":[],"yoast_head":"<!-- This site is optimized with the Yoast SEO Premium plugin v26.7 (Yoast SEO v26.7) - https:\/\/yoast.com\/wordpress\/plugins\/seo\/ -->\n<title>Red Bull Music Presents Secret Gig X Robyn 2018 - Artipelag<\/title>\n<meta name=\"description\" content=\"On October 27th, 2018, Artipelag hosted Robyn\u2019s great comeback concert after having been away for eight years, arranged by Red Bull.\" \/>\n<meta name=\"robots\" content=\"index, follow, max-snippet:-1, max-image-preview:large, max-video-preview:-1\" \/>\n<link rel=\"canonical\" href=\"https:\/\/artipelag.se\/en\/meetings-events\/previous-events\/red-bull-secret-gig-robyn-2018\/\" \/>\n<meta property=\"og:locale\" content=\"en_US\" \/>\n<meta property=\"og:type\" content=\"article\" \/>\n<meta property=\"og:title\" content=\"Red Bull Music Presents Secret Gig X Robyn 2018\" \/>\n<meta property=\"og:description\" content=\"On October 27th, 2018, Artipelag hosted Robyn\u2019s great comeback concert after having been away for eight years, arranged by Red Bull.\" \/>\n<meta property=\"og:url\" content=\"https:\/\/artipelag.se\/en\/meetings-events\/previous-events\/red-bull-secret-gig-robyn-2018\/\" \/>\n<meta property=\"og:site_name\" content=\"Artipelag\" \/>\n<meta property=\"article:publisher\" content=\"https:\/\/www.facebook.com\/artipelag\/\" \/>\n<meta property=\"article:modified_time\" content=\"2022-12-20T13:19:35+00:00\" \/>\n<meta property=\"og:image\" content=\"https:\/\/artipelag.se\/app\/uploads\/2022\/11\/case-red-bull-2560x960-px.jpg\" \/>\n\t<meta property=\"og:image:width\" content=\"2560\" \/>\n\t<meta property=\"og:image:height\" content=\"960\" \/>\n\t<meta property=\"og:image:type\" content=\"image\/jpeg\" \/>\n<meta name=\"twitter:card\" content=\"summary_large_image\" \/>\n<meta name=\"twitter:site\" content=\"@artipelag\" \/>\n<meta name=\"twitter:label1\" content=\"Est. reading time\" \/>\n\t<meta name=\"twitter:data1\" content=\"1 minute\" \/>\n<script type=\"application\/ld+json\" class=\"yoast-schema-graph\">{\"@context\":\"https:\/\/schema.org\",\"@graph\":[{\"@type\":\"WebPage\",\"@id\":\"https:\/\/artipelag.se\/en\/meetings-events\/previous-events\/red-bull-secret-gig-robyn-2018\/\",\"url\":\"https:\/\/artipelag.se\/en\/meetings-events\/previous-events\/red-bull-secret-gig-robyn-2018\/\",\"name\":\"Red Bull Music Presents Secret Gig X Robyn 2018 - Artipelag\",\"isPartOf\":{\"@id\":\"https:\/\/artipelag.se\/en\/#website\"},\"primaryImageOfPage\":{\"@id\":\"https:\/\/artipelag.se\/en\/meetings-events\/previous-events\/red-bull-secret-gig-robyn-2018\/#primaryimage\"},\"image\":{\"@id\":\"https:\/\/artipelag.se\/en\/meetings-events\/previous-events\/red-bull-secret-gig-robyn-2018\/#primaryimage\"},\"thumbnailUrl\":\"https:\/\/artipelag.se\/app\/uploads\/2022\/11\/case-red-bull-2560x960-px.avif\",\"datePublished\":\"2018-11-23T14:31:51+00:00\",\"dateModified\":\"2022-12-20T13:19:35+00:00\",\"description\":\"On October 27th, 2018, Artipelag hosted Robyn\u2019s great comeback concert after having been away for eight years, arranged by Red Bull.\",\"breadcrumb\":{\"@id\":\"https:\/\/artipelag.se\/en\/meetings-events\/previous-events\/red-bull-secret-gig-robyn-2018\/#breadcrumb\"},\"inLanguage\":\"en-US\",\"potentialAction\":[{\"@type\":\"ReadAction\",\"target\":[\"https:\/\/artipelag.se\/en\/meetings-events\/previous-events\/red-bull-secret-gig-robyn-2018\/\"]}]},{\"@type\":\"ImageObject\",\"inLanguage\":\"en-US\",\"@id\":\"https:\/\/artipelag.se\/en\/meetings-events\/previous-events\/red-bull-secret-gig-robyn-2018\/#primaryimage\",\"url\":\"https:\/\/artipelag.se\/app\/uploads\/2022\/11\/case-red-bull-2560x960-px.avif\",\"contentUrl\":\"https:\/\/artipelag.se\/app\/uploads\/2022\/11\/case-red-bull-2560x960-px.avif\",\"width\":2560,\"height\":960,\"caption\":\"Publikhav framf\u00f6r Robyn\"},{\"@type\":\"BreadcrumbList\",\"@id\":\"https:\/\/artipelag.se\/en\/meetings-events\/previous-events\/red-bull-secret-gig-robyn-2018\/#breadcrumb\",\"itemListElement\":[{\"@type\":\"ListItem\",\"position\":1,\"name\":\"Hem\",\"item\":\"https:\/\/artipelag.se\/en\/\"},{\"@type\":\"ListItem\",\"position\":2,\"name\":\"Meetings &#038; Events\",\"item\":\"https:\/\/artipelag.se\/en\/meetings-events\/\"},{\"@type\":\"ListItem\",\"position\":3,\"name\":\"Red Bull Music Presents Secret Gig X Robyn 2018\"}]},{\"@type\":\"WebSite\",\"@id\":\"https:\/\/artipelag.se\/en\/#website\",\"url\":\"https:\/\/artipelag.se\/en\/\",\"name\":\"Artipelag\",\"description\":\"Artipelag is a new international venue for art, good food, events and activities \u2013 beautifully set on V\u00e4rmd\u00f6 in the Stockholm Archipelago, just 20 minutes from the city centre.\",\"publisher\":{\"@id\":\"https:\/\/artipelag.se\/en\/#organization\"},\"potentialAction\":[{\"@type\":\"SearchAction\",\"target\":{\"@type\":\"EntryPoint\",\"urlTemplate\":\"https:\/\/artipelag.se\/en\/?s={search_term_string}\"},\"query-input\":{\"@type\":\"PropertyValueSpecification\",\"valueRequired\":true,\"valueName\":\"search_term_string\"}}],\"inLanguage\":\"en-US\"},{\"@type\":\"Organization\",\"@id\":\"https:\/\/artipelag.se\/en\/#organization\",\"name\":\"Artipelag\",\"url\":\"https:\/\/artipelag.se\/en\/\",\"logo\":{\"@type\":\"ImageObject\",\"inLanguage\":\"en-US\",\"@id\":\"https:\/\/artipelag.se\/en\/#\/schema\/logo\/image\/\",\"url\":\"https:\/\/artipelag.se\/app\/uploads\/2015\/09\/logga2.jpg\",\"contentUrl\":\"https:\/\/artipelag.se\/app\/uploads\/2015\/09\/logga2.jpg\",\"width\":700,\"height\":700,\"caption\":\"Artipelag\"},\"image\":{\"@id\":\"https:\/\/artipelag.se\/en\/#\/schema\/logo\/image\/\"},\"sameAs\":[\"https:\/\/www.facebook.com\/artipelag\/\",\"https:\/\/x.com\/artipelag\",\"https:\/\/www.instagram.com\/artipelag\/\",\"https:\/\/www.linkedin.com\/company\/artipelag\",\"https:\/\/www.youtube.com\/user\/ArtipelagSweden\"]}]}<\/script>\n<!-- \/ Yoast SEO Premium plugin. -->","yoast_head_json":{"title":"Red Bull Music Presents Secret Gig X Robyn 2018 - Artipelag","description":"On October 27th, 2018, Artipelag hosted Robyn\u2019s great comeback concert after having been away for eight years, arranged by Red Bull.","robots":{"index":"index","follow":"follow","max-snippet":"max-snippet:-1","max-image-preview":"max-image-preview:large","max-video-preview":"max-video-preview:-1"},"canonical":"https:\/\/artipelag.se\/en\/meetings-events\/previous-events\/red-bull-secret-gig-robyn-2018\/","og_locale":"en_US","og_type":"article","og_title":"Red Bull Music Presents Secret Gig X Robyn 2018","og_description":"On October 27th, 2018, Artipelag hosted Robyn\u2019s great comeback concert after having been away for eight years, arranged by Red Bull.","og_url":"https:\/\/artipelag.se\/en\/meetings-events\/previous-events\/red-bull-secret-gig-robyn-2018\/","og_site_name":"Artipelag","article_publisher":"https:\/\/www.facebook.com\/artipelag\/","article_modified_time":"2022-12-20T13:19:35+00:00","og_image":[{"width":2560,"height":960,"url":"https:\/\/artipelag.se\/app\/uploads\/2022\/11\/case-red-bull-2560x960-px.jpg","type":"image\/jpeg"}],"twitter_card":"summary_large_image","twitter_site":"@artipelag","twitter_misc":{"Est. reading time":"1 minute"},"schema":{"@context":"https:\/\/schema.org","@graph":[{"@type":"WebPage","@id":"https:\/\/artipelag.se\/en\/meetings-events\/previous-events\/red-bull-secret-gig-robyn-2018\/","url":"https:\/\/artipelag.se\/en\/meetings-events\/previous-events\/red-bull-secret-gig-robyn-2018\/","name":"Red Bull Music Presents Secret Gig X Robyn 2018 - Artipelag","isPartOf":{"@id":"https:\/\/artipelag.se\/en\/#website"},"primaryImageOfPage":{"@id":"https:\/\/artipelag.se\/en\/meetings-events\/previous-events\/red-bull-secret-gig-robyn-2018\/#primaryimage"},"image":{"@id":"https:\/\/artipelag.se\/en\/meetings-events\/previous-events\/red-bull-secret-gig-robyn-2018\/#primaryimage"},"thumbnailUrl":"https:\/\/artipelag.se\/app\/uploads\/2022\/11\/case-red-bull-2560x960-px.avif","datePublished":"2018-11-23T14:31:51+00:00","dateModified":"2022-12-20T13:19:35+00:00","description":"On October 27th, 2018, Artipelag hosted Robyn\u2019s great comeback concert after having been away for eight years, arranged by Red Bull.","breadcrumb":{"@id":"https:\/\/artipelag.se\/en\/meetings-events\/previous-events\/red-bull-secret-gig-robyn-2018\/#breadcrumb"},"inLanguage":"en-US","potentialAction":[{"@type":"ReadAction","target":["https:\/\/artipelag.se\/en\/meetings-events\/previous-events\/red-bull-secret-gig-robyn-2018\/"]}]},{"@type":"ImageObject","inLanguage":"en-US","@id":"https:\/\/artipelag.se\/en\/meetings-events\/previous-events\/red-bull-secret-gig-robyn-2018\/#primaryimage","url":"https:\/\/artipelag.se\/app\/uploads\/2022\/11\/case-red-bull-2560x960-px.avif","contentUrl":"https:\/\/artipelag.se\/app\/uploads\/2022\/11\/case-red-bull-2560x960-px.avif","width":2560,"height":960,"caption":"Publikhav framf\u00f6r Robyn"},{"@type":"BreadcrumbList","@id":"https:\/\/artipelag.se\/en\/meetings-events\/previous-events\/red-bull-secret-gig-robyn-2018\/#breadcrumb","itemListElement":[{"@type":"ListItem","position":1,"name":"Hem","item":"https:\/\/artipelag.se\/en\/"},{"@type":"ListItem","position":2,"name":"Meetings &#038; Events","item":"https:\/\/artipelag.se\/en\/meetings-events\/"},{"@type":"ListItem","position":3,"name":"Red Bull Music Presents Secret Gig X Robyn 2018"}]},{"@type":"WebSite","@id":"https:\/\/artipelag.se\/en\/#website","url":"https:\/\/artipelag.se\/en\/","name":"Artipelag","description":"Artipelag is a new international venue for art, good food, events and activities \u2013 beautifully set on V\u00e4rmd\u00f6 in the Stockholm Archipelago, just 20 minutes from the city centre.","publisher":{"@id":"https:\/\/artipelag.se\/en\/#organization"},"potentialAction":[{"@type":"SearchAction","target":{"@type":"EntryPoint","urlTemplate":"https:\/\/artipelag.se\/en\/?s={search_term_string}"},"query-input":{"@type":"PropertyValueSpecification","valueRequired":true,"valueName":"search_term_string"}}],"inLanguage":"en-US"},{"@type":"Organization","@id":"https:\/\/artipelag.se\/en\/#organization","name":"Artipelag","url":"https:\/\/artipelag.se\/en\/","logo":{"@type":"ImageObject","inLanguage":"en-US","@id":"https:\/\/artipelag.se\/en\/#\/schema\/logo\/image\/","url":"https:\/\/artipelag.se\/app\/uploads\/2015\/09\/logga2.jpg","contentUrl":"https:\/\/artipelag.se\/app\/uploads\/2015\/09\/logga2.jpg","width":700,"height":700,"caption":"Artipelag"},"image":{"@id":"https:\/\/artipelag.se\/en\/#\/schema\/logo\/image\/"},"sameAs":["https:\/\/www.facebook.com\/artipelag\/","https:\/\/x.com\/artipelag","https:\/\/www.instagram.com\/artipelag\/","https:\/\/www.linkedin.com\/company\/artipelag","https:\/\/www.youtube.com\/user\/ArtipelagSweden"]}]}},"_links":{"self":[{"href":"https:\/\/artipelag.se\/en\/wp-json\/wp\/v2\/pages\/36911","targetHints":{"allow":["GET"]}}],"collection":[{"href":"https:\/\/artipelag.se\/en\/wp-json\/wp\/v2\/pages"}],"about":[{"href":"https:\/\/artipelag.se\/en\/wp-json\/wp\/v2\/types\/page"}],"author":[{"embeddable":true,"href":"https:\/\/artipelag.se\/en\/wp-json\/wp\/v2\/users\/24"}],"replies":[{"embeddable":true,"href":"https:\/\/artipelag.se\/en\/wp-json\/wp\/v2\/comments?post=36911"}],"version-history":[{"count":10,"href":"https:\/\/artipelag.se\/en\/wp-json\/wp\/v2\/pages\/36911\/revisions"}],"predecessor-version":[{"id":55833,"href":"https:\/\/artipelag.se\/en\/wp-json\/wp\/v2\/pages\/36911\/revisions\/55833"}],"up":[{"embeddable":true,"href":"https:\/\/artipelag.se\/en\/wp-json\/wp\/v2\/pages\/64105"}],"wp:featuredmedia":[{"embeddable":true,"href":"https:\/\/artipelag.se\/en\/wp-json\/wp\/v2\/media\/55138"}],"wp:attachment":[{"href":"https:\/\/artipelag.se\/en\/wp-json\/wp\/v2\/media?parent=36911"}],"curies":[{"name":"wp","href":"https:\/\/api.w.org\/{rel}","templated":true}]}}