{"id":35702,"date":"2019-05-23T15:22:03","date_gmt":"2019-05-23T13:22:03","guid":{"rendered":"https:\/\/artipelag.se\/?page_id=35702"},"modified":"2021-09-28T17:06:47","modified_gmt":"2021-09-28T15:06:47","slug":"moor-your-boat-in-artipelags-guest-marina","status":"publish","type":"page","link":"https:\/\/artipelag.se\/en\/directions\/moor-your-boat-in-artipelags-guest-marina\/","title":{"rendered":"Moor your boat in Artipelag&#8217;s guest marina"},"content":{"rendered":"\r\n<div class=\"wp-block-cover has-background-dim-30 has-background-dim\">\r\n<img decoding=\"async\" width=\"1170\" height=\"488\" class=\"wp-block-cover__image-background skip-lazy wp-image-21141\" alt=\"\" src=\"https:\/\/cdn.artipelag.se\/app\/uploads\/2017\/05\/artieplag-brollop-flygbild-1170x488.jpg?strip=all\" style=\"object-position:50% 50%\" data-object-fit=\"cover\" data-object-position=\"50% 50%\" \/>\r\n<div class=\"wp-block-cover__inner-container is-layout-flow wp-block-cover-is-layout-flow\">\r\n<div class=\"max-w-screen-md mt-5 mx-auto first:mt-0\">\r\n<h1 id=\"moor-your-boat-in-artipelags-guest-marina\" class=\" wp-block-heading\">Moor Your Boat in Artipelag&#8217;s Guest Marina<\/h1>\r\n<\/div>\r\n\r\n<div class=\"max-w-screen-md mt-5 mx-auto first:mt-0\"><div\n  class=\"prose sm:prose-lg lg:prose-xl\"\n  x-data=\"\"\n  x-init=\"$nextTick(function () {\n    const videoEmbeds = document.querySelectorAll('.wp-block-embed.is-type-video');\n    videoEmbeds.forEach(function (embed) {\n      if (!embed.classList.contains('wp-embed-aspect-16-9') || !embed.classList.contains('wp-has-aspect-ratio')) {\n        embed.classList.add('wp-embed-aspect-16-9', 'wp-has-aspect-ratio');\n      }\n    });\n  })\"\n>\n  \r\n<p><strong>For visitors arriving to Artipelag by private boat we are offering a guest marina which contains 25 berths with Y-booms. The berth width varies from 2.50 m to 5.30 m. The length of the outer pier is approximately 100 m and suits well for larger boats.<\/strong><\/p>\r\n\n<\/div>\n<\/div>\r\n\r\n<\/div>\r\n<\/div>\r\n\r\n<div class=\"max-w-screen-md mt-5 mx-auto first:mt-0\"><div\n  class=\"prose sm:prose-lg lg:prose-xl\"\n  x-data=\"\"\n  x-init=\"$nextTick(function () {\n    const videoEmbeds = document.querySelectorAll('.wp-block-embed.is-type-video');\n    videoEmbeds.forEach(function (embed) {\n      if (!embed.classList.contains('wp-embed-aspect-16-9') || !embed.classList.contains('wp-has-aspect-ratio')) {\n        embed.classList.add('wp-embed-aspect-16-9', 'wp-has-aspect-ratio');\n      }\n    });\n  })\"\n>\n  \r\n<p>Artipelag is V\u00e4rmd\u00f6\u2019s own unique meeting place in the archipelago for art, nature, activities, and great food. Our beautiful and prepared walking path leads you straight to us from our guest marina.<\/p>\r\n\n<\/div>\n<\/div>\r\n\r\n<div class=\"max-w-screen-md mt-5 mx-auto first:mt-0\"><div\n  class=\"prose sm:prose-lg lg:prose-xl\"\n  x-data=\"\"\n  x-init=\"$nextTick(function () {\n    const videoEmbeds = document.querySelectorAll('.wp-block-embed.is-type-video');\n    videoEmbeds.forEach(function (embed) {\n      if (!embed.classList.contains('wp-embed-aspect-16-9') || !embed.classList.contains('wp-has-aspect-ratio')) {\n        embed.classList.add('wp-embed-aspect-16-9', 'wp-has-aspect-ratio');\n      }\n    });\n  })\"\n>\n  \r\n<p><span>Our award winning in-house-bakery works at <a href=\"\/?page_id=5713\">B\u00e5dan Caf\u00e9 &amp; P\u00e2tisserie<\/a> on the entrance floor. You are also welcome to buy freshly baked sourdough bread or buns and pastry for take away.\u00a0<\/span><\/p>\r\n\n<\/div>\n<\/div>\r\n\r\n<div class=\"max-w-screen-md mt-5 mx-auto first:mt-0\"><div\n  class=\"prose sm:prose-lg lg:prose-xl\"\n  x-data=\"\"\n  x-init=\"$nextTick(function () {\n    const videoEmbeds = document.querySelectorAll('.wp-block-embed.is-type-video');\n    videoEmbeds.forEach(function (embed) {\n      if (!embed.classList.contains('wp-embed-aspect-16-9') || !embed.classList.contains('wp-has-aspect-ratio')) {\n        embed.classList.add('wp-embed-aspect-16-9', 'wp-has-aspect-ratio');\n      }\n    });\n  })\"\n>\n  \r\n<p>Position: N 59\u00b0 18 \u0301 4\u201d, E 18\u00b0 20 \u0301 7\u201d<\/p>\r\n\n<\/div>\n<\/div>\r\n\r\n<div class=\"max-w-screen-md mt-5 mx-auto first:mt-0\"><div\n  class=\"prose sm:prose-lg lg:prose-xl\"\n  x-data=\"\"\n  x-init=\"$nextTick(function () {\n    const videoEmbeds = document.querySelectorAll('.wp-block-embed.is-type-video');\n    videoEmbeds.forEach(function (embed) {\n      if (!embed.classList.contains('wp-embed-aspect-16-9') || !embed.classList.contains('wp-has-aspect-ratio')) {\n        embed.classList.add('wp-embed-aspect-16-9', 'wp-has-aspect-ratio');\n      }\n    });\n  })\"\n>\n  \r\n<p>Welcome!<\/p>\r\n\n<\/div>\n<\/div>\r\n\r\n<div class=\"max-w-screen-md mt-5 mx-auto first:mt-0\"><div\n  class=\"prose sm:prose-lg lg:prose-xl\"\n  x-data=\"\"\n  x-init=\"$nextTick(function () {\n    const videoEmbeds = document.querySelectorAll('.wp-block-embed.is-type-video');\n    videoEmbeds.forEach(function (embed) {\n      if (!embed.classList.contains('wp-embed-aspect-16-9') || !embed.classList.contains('wp-has-aspect-ratio')) {\n        embed.classList.add('wp-embed-aspect-16-9', 'wp-has-aspect-ratio');\n      }\n    });\n  })\"\n>\n  \r\n<p><em>Please note that guest marina lacks electricity.<\/em><\/p>\r\n\n<\/div>\n<\/div>\r\n\r\n\r\n<div class=\"max-w-screen-lg mx-auto first:mt-0\">\r\n<div class=\"wp-block-columns is-layout-flex wp-container-core-columns-is-layout-9d6595d7 wp-block-columns-is-layout-flex\">\r\n\r\n<div class=\"wp-block-column space-y-4 lg:space-y-5 is-layout-flow wp-block-column space-y-4 lg:space-y-5-is-layout-flow\">\r\n<div class=\"max-w-screen-md my-8 my-8 mx-auto xl:my-16 xl:my-16 my-8 mx-auto xl:my-16 first:mt-0\">\r\n<figure class=\"wp-block-image size-medium\">\r\n<img decoding=\"async\" width=\"570\" height=\"368\" src=\"https:\/\/cdn.artipelag.se\/app\/uploads\/2017\/08\/gasthamn-570x368-px.jpg?strip=all&resize=570%2C368\" alt=\"Artipelags g\u00e4sthamn\" class=\"wp-image-23756\" \/>\r\n<figcaption class=\"mt-2 mb-0 text-sm xl:text-base\">Artipelags g\u00e4sthamn.<\/figcaption>\r\n<\/figure>\r\n<\/div>\r\n\r\n<\/div>\r\n\r\n\r\n<div class=\"wp-block-column space-y-4 lg:space-y-5 is-layout-flow wp-block-column space-y-4 lg:space-y-5-is-layout-flow\">\r\n<div class=\"max-w-screen-md my-8 my-8 mx-auto xl:my-16 xl:my-16 my-8 mx-auto xl:my-16 first:mt-0\">\r\n<figure class=\"wp-block-image size-medium\">\r\n<img decoding=\"async\" width=\"570\" height=\"368\" src=\"https:\/\/cdn.artipelag.se\/app\/uploads\/2015\/04\/stranpromenaden.jpg?strip=all&resize=570%2C368\" alt=\"Foto av strandpromenaden som ligger vid Baggensfj\u00e4rdens vatten\" class=\"wp-image-2981\" \/>\r\n<figcaption class=\"mt-2 mb-0 text-sm xl:text-base\">Strandpromenaden.<\/figcaption>\r\n<\/figure>\r\n<\/div>\r\n\r\n<\/div>\r\n\r\n<\/div>\r\n<\/div>\r\n<div class=\"wp-block-page-teasers bg-red-50 -mx-5 p-5 sm:mx-0 sm:p-8 xl:py-16\">\n      \n      <div class=\"container\">\n        <div\n          class=\"\n            w-full max-w-screen-xl mx-auto\n            space-y-8\n            grid-cols-12 gap-8\n            md:grid md:space-y-0\n          \"\n        >\n                      <div class=\"w-full space-y-2 col-span-4\">\n      <a\n        href=\"https:\/\/artipelag.se\/visit-artipelag\/directions\/moor-your-boat-in-artipelags-guest-marina\/\"\n      >\n    <div class=\"mb-4 relative\">\n        <figure class=\"aspect-w-9 aspect-h-6\">\n          <img decoding=\"async\" width=\"400\" height=\"300\" src=\"https:\/\/cdn.artipelag.se\/app\/uploads\/2017\/05\/artieplag-brollop-flygbild-1170x488-400x300.jpg?strip=all&fit=400%2C300\" class=\"object-cover w-full rounded-sm\" alt=\"Artipelag from above\" \/>\n        <\/figure>\n\n              <\/div>\n  <\/a>\n  \n  <div>\n          <h3 class=\"inline font-medium text-base\">\n        Moor your boat in Artipelag&#8217;s guest marina.\n      <\/h3>\n    \n      <\/div>\n\n            <p class=\"space-y-2\">\n        <a\n        href=\"https:\/\/artipelag.se\/visit-artipelag\/directions\/moor-your-boat-in-artipelags-guest-marina\/\"\n        class=\"text-green-900\"\n      >\n    L\u00e4s mer\n  <\/a>\n      <\/p>\n      <\/div>\n                  <\/div>\n      <\/div>\n    <\/div>\n  \r\n","protected":false},"excerpt":{"rendered":"<p>Artipelag is V\u00e4rmd\u00f6\u2019s own unique meeting place in the archipelago for art, nature, activities, and great food. Our beautiful and prepared walking path leads you straight to us from our guest marina. Our award winning in-house-bakery works at B\u00e5dan Caf\u00e9 &amp; P\u00e2tisserie on the entrance floor. You are also welcome to buy freshly baked sourdough &hellip; <a href=\"https:\/\/artipelag.se\/en\/directions\/moor-your-boat-in-artipelags-guest-marina\/\">Continued<\/a><\/p>\n","protected":false},"author":52,"featured_media":21141,"parent":5805,"menu_order":0,"comment_status":"closed","ping_status":"closed","template":"","meta":{"_acf_changed":false,"footnotes":""},"class_list":["post-35702","page","type-page","status-publish","has-post-thumbnail","hentry"],"acf":[],"yoast_head":"<!-- This site is optimized with the Yoast SEO Premium plugin v26.7 (Yoast SEO v26.7) - https:\/\/yoast.com\/wordpress\/plugins\/seo\/ -->\n<title>Moor your boat in Artipelag&#039;s guest marina - Artipelag<\/title>\n<meta name=\"description\" content=\"F\u00f6r bes\u00f6kare som ankommer till Artipelag med egen b\u00e5t, erbjuder vi en g\u00e4sthamn som omfattar 25 st b\u00e5tplatser med Y-bommar.\" \/>\n<meta name=\"robots\" content=\"index, follow, max-snippet:-1, max-image-preview:large, max-video-preview:-1\" \/>\n<link rel=\"canonical\" href=\"https:\/\/artipelag.se\/en\/directions\/moor-your-boat-in-artipelags-guest-marina\/\" \/>\n<meta property=\"og:locale\" content=\"en_US\" \/>\n<meta property=\"og:type\" content=\"article\" \/>\n<meta property=\"og:title\" content=\"Moor your boat in Artipelag&#039;s guest marina\" \/>\n<meta property=\"og:description\" content=\"F\u00f6r bes\u00f6kare som ankommer till Artipelag med egen b\u00e5t, erbjuder vi en g\u00e4sthamn som omfattar 25 st b\u00e5tplatser med Y-bommar.\" \/>\n<meta property=\"og:url\" content=\"https:\/\/artipelag.se\/en\/directions\/moor-your-boat-in-artipelags-guest-marina\/\" \/>\n<meta property=\"og:site_name\" content=\"Artipelag\" \/>\n<meta property=\"article:publisher\" content=\"https:\/\/www.facebook.com\/artipelag\/\" \/>\n<meta property=\"article:modified_time\" content=\"2021-09-28T15:06:47+00:00\" \/>\n<meta property=\"og:image\" content=\"https:\/\/artipelag.se\/app\/uploads\/2017\/05\/artieplag-brollop-flygbild-1170x488.jpg\" \/>\n\t<meta property=\"og:image:width\" content=\"1170\" \/>\n\t<meta property=\"og:image:height\" content=\"488\" \/>\n\t<meta property=\"og:image:type\" content=\"image\/jpeg\" \/>\n<meta name=\"twitter:card\" content=\"summary_large_image\" \/>\n<meta name=\"twitter:site\" content=\"@artipelag\" \/>\n<meta name=\"twitter:label1\" content=\"Est. reading time\" \/>\n\t<meta name=\"twitter:data1\" content=\"1 minute\" \/>\n<script type=\"application\/ld+json\" class=\"yoast-schema-graph\">{\"@context\":\"https:\/\/schema.org\",\"@graph\":[{\"@type\":\"WebPage\",\"@id\":\"https:\/\/artipelag.se\/en\/directions\/moor-your-boat-in-artipelags-guest-marina\/\",\"url\":\"https:\/\/artipelag.se\/en\/directions\/moor-your-boat-in-artipelags-guest-marina\/\",\"name\":\"Moor your boat in Artipelag's guest marina - Artipelag\",\"isPartOf\":{\"@id\":\"https:\/\/artipelag.se\/en\/#website\"},\"primaryImageOfPage\":{\"@id\":\"https:\/\/artipelag.se\/en\/directions\/moor-your-boat-in-artipelags-guest-marina\/#primaryimage\"},\"image\":{\"@id\":\"https:\/\/artipelag.se\/en\/directions\/moor-your-boat-in-artipelags-guest-marina\/#primaryimage\"},\"thumbnailUrl\":\"https:\/\/cdn.artipelag.se\/app\/uploads\/2017\/05\/artieplag-brollop-flygbild-1170x488.jpg?strip=all\",\"datePublished\":\"2019-05-23T13:22:03+00:00\",\"dateModified\":\"2021-09-28T15:06:47+00:00\",\"description\":\"F\u00f6r bes\u00f6kare som ankommer till Artipelag med egen b\u00e5t, erbjuder vi en g\u00e4sthamn som omfattar 25 st b\u00e5tplatser med Y-bommar.\",\"breadcrumb\":{\"@id\":\"https:\/\/artipelag.se\/en\/directions\/moor-your-boat-in-artipelags-guest-marina\/#breadcrumb\"},\"inLanguage\":\"en-US\",\"potentialAction\":[{\"@type\":\"ReadAction\",\"target\":[\"https:\/\/artipelag.se\/en\/directions\/moor-your-boat-in-artipelags-guest-marina\/\"]}]},{\"@type\":\"ImageObject\",\"inLanguage\":\"en-US\",\"@id\":\"https:\/\/artipelag.se\/en\/directions\/moor-your-boat-in-artipelags-guest-marina\/#primaryimage\",\"url\":\"https:\/\/cdn.artipelag.se\/app\/uploads\/2017\/05\/artieplag-brollop-flygbild-1170x488.jpg?strip=all\",\"contentUrl\":\"https:\/\/cdn.artipelag.se\/app\/uploads\/2017\/05\/artieplag-brollop-flygbild-1170x488.jpg?strip=all\",\"width\":1170,\"height\":488,\"caption\":\"Artipelag from above.\"},{\"@type\":\"BreadcrumbList\",\"@id\":\"https:\/\/artipelag.se\/en\/directions\/moor-your-boat-in-artipelags-guest-marina\/#breadcrumb\",\"itemListElement\":[{\"@type\":\"ListItem\",\"position\":1,\"name\":\"Hem\",\"item\":\"https:\/\/artipelag.se\/en\/\"},{\"@type\":\"ListItem\",\"position\":2,\"name\":\"Visit Artipelag\",\"item\":\"https:\/\/artipelag.se\/en\/visit-artipelag\/\"},{\"@type\":\"ListItem\",\"position\":3,\"name\":\"Directions\",\"item\":\"https:\/\/artipelag.se\/en\/?page_id=5805\"},{\"@type\":\"ListItem\",\"position\":4,\"name\":\"Moor your boat in Artipelag&#8217;s guest marina\"}]},{\"@type\":\"WebSite\",\"@id\":\"https:\/\/artipelag.se\/en\/#website\",\"url\":\"https:\/\/artipelag.se\/en\/\",\"name\":\"Artipelag\",\"description\":\"Artipelag is a new international venue for art, good food, events and activities \u2013 beautifully set on V\u00e4rmd\u00f6 in the Stockholm Archipelago, just 20 minutes from the city centre.\",\"publisher\":{\"@id\":\"https:\/\/artipelag.se\/en\/#organization\"},\"potentialAction\":[{\"@type\":\"SearchAction\",\"target\":{\"@type\":\"EntryPoint\",\"urlTemplate\":\"https:\/\/artipelag.se\/en\/?s={search_term_string}\"},\"query-input\":{\"@type\":\"PropertyValueSpecification\",\"valueRequired\":true,\"valueName\":\"search_term_string\"}}],\"inLanguage\":\"en-US\"},{\"@type\":\"Organization\",\"@id\":\"https:\/\/artipelag.se\/en\/#organization\",\"name\":\"Artipelag\",\"url\":\"https:\/\/artipelag.se\/en\/\",\"logo\":{\"@type\":\"ImageObject\",\"inLanguage\":\"en-US\",\"@id\":\"https:\/\/artipelag.se\/en\/#\/schema\/logo\/image\/\",\"url\":\"https:\/\/artipelag.se\/app\/uploads\/2015\/09\/logga2.jpg\",\"contentUrl\":\"https:\/\/artipelag.se\/app\/uploads\/2015\/09\/logga2.jpg\",\"width\":700,\"height\":700,\"caption\":\"Artipelag\"},\"image\":{\"@id\":\"https:\/\/artipelag.se\/en\/#\/schema\/logo\/image\/\"},\"sameAs\":[\"https:\/\/www.facebook.com\/artipelag\/\",\"https:\/\/x.com\/artipelag\",\"https:\/\/www.instagram.com\/artipelag\/\",\"https:\/\/www.linkedin.com\/company\/artipelag\",\"https:\/\/www.youtube.com\/user\/ArtipelagSweden\"]}]}<\/script>\n<!-- \/ Yoast SEO Premium plugin. -->","yoast_head_json":{"title":"Moor your boat in Artipelag's guest marina - Artipelag","description":"F\u00f6r bes\u00f6kare som ankommer till Artipelag med egen b\u00e5t, erbjuder vi en g\u00e4sthamn som omfattar 25 st b\u00e5tplatser med Y-bommar.","robots":{"index":"index","follow":"follow","max-snippet":"max-snippet:-1","max-image-preview":"max-image-preview:large","max-video-preview":"max-video-preview:-1"},"canonical":"https:\/\/artipelag.se\/en\/directions\/moor-your-boat-in-artipelags-guest-marina\/","og_locale":"en_US","og_type":"article","og_title":"Moor your boat in Artipelag's guest marina","og_description":"F\u00f6r bes\u00f6kare som ankommer till Artipelag med egen b\u00e5t, erbjuder vi en g\u00e4sthamn som omfattar 25 st b\u00e5tplatser med Y-bommar.","og_url":"https:\/\/artipelag.se\/en\/directions\/moor-your-boat-in-artipelags-guest-marina\/","og_site_name":"Artipelag","article_publisher":"https:\/\/www.facebook.com\/artipelag\/","article_modified_time":"2021-09-28T15:06:47+00:00","og_image":[{"width":1170,"height":488,"url":"https:\/\/artipelag.se\/app\/uploads\/2017\/05\/artieplag-brollop-flygbild-1170x488.jpg","type":"image\/jpeg"}],"twitter_card":"summary_large_image","twitter_site":"@artipelag","twitter_misc":{"Est. reading time":"1 minute"},"schema":{"@context":"https:\/\/schema.org","@graph":[{"@type":"WebPage","@id":"https:\/\/artipelag.se\/en\/directions\/moor-your-boat-in-artipelags-guest-marina\/","url":"https:\/\/artipelag.se\/en\/directions\/moor-your-boat-in-artipelags-guest-marina\/","name":"Moor your boat in Artipelag's guest marina - Artipelag","isPartOf":{"@id":"https:\/\/artipelag.se\/en\/#website"},"primaryImageOfPage":{"@id":"https:\/\/artipelag.se\/en\/directions\/moor-your-boat-in-artipelags-guest-marina\/#primaryimage"},"image":{"@id":"https:\/\/artipelag.se\/en\/directions\/moor-your-boat-in-artipelags-guest-marina\/#primaryimage"},"thumbnailUrl":"https:\/\/cdn.artipelag.se\/app\/uploads\/2017\/05\/artieplag-brollop-flygbild-1170x488.jpg?strip=all","datePublished":"2019-05-23T13:22:03+00:00","dateModified":"2021-09-28T15:06:47+00:00","description":"F\u00f6r bes\u00f6kare som ankommer till Artipelag med egen b\u00e5t, erbjuder vi en g\u00e4sthamn som omfattar 25 st b\u00e5tplatser med Y-bommar.","breadcrumb":{"@id":"https:\/\/artipelag.se\/en\/directions\/moor-your-boat-in-artipelags-guest-marina\/#breadcrumb"},"inLanguage":"en-US","potentialAction":[{"@type":"ReadAction","target":["https:\/\/artipelag.se\/en\/directions\/moor-your-boat-in-artipelags-guest-marina\/"]}]},{"@type":"ImageObject","inLanguage":"en-US","@id":"https:\/\/artipelag.se\/en\/directions\/moor-your-boat-in-artipelags-guest-marina\/#primaryimage","url":"https:\/\/cdn.artipelag.se\/app\/uploads\/2017\/05\/artieplag-brollop-flygbild-1170x488.jpg?strip=all","contentUrl":"https:\/\/cdn.artipelag.se\/app\/uploads\/2017\/05\/artieplag-brollop-flygbild-1170x488.jpg?strip=all","width":1170,"height":488,"caption":"Artipelag from above."},{"@type":"BreadcrumbList","@id":"https:\/\/artipelag.se\/en\/directions\/moor-your-boat-in-artipelags-guest-marina\/#breadcrumb","itemListElement":[{"@type":"ListItem","position":1,"name":"Hem","item":"https:\/\/artipelag.se\/en\/"},{"@type":"ListItem","position":2,"name":"Visit Artipelag","item":"https:\/\/artipelag.se\/en\/visit-artipelag\/"},{"@type":"ListItem","position":3,"name":"Directions","item":"https:\/\/artipelag.se\/en\/?page_id=5805"},{"@type":"ListItem","position":4,"name":"Moor your boat in Artipelag&#8217;s guest marina"}]},{"@type":"WebSite","@id":"https:\/\/artipelag.se\/en\/#website","url":"https:\/\/artipelag.se\/en\/","name":"Artipelag","description":"Artipelag is a new international venue for art, good food, events and activities \u2013 beautifully set on V\u00e4rmd\u00f6 in the Stockholm Archipelago, just 20 minutes from the city centre.","publisher":{"@id":"https:\/\/artipelag.se\/en\/#organization"},"potentialAction":[{"@type":"SearchAction","target":{"@type":"EntryPoint","urlTemplate":"https:\/\/artipelag.se\/en\/?s={search_term_string}"},"query-input":{"@type":"PropertyValueSpecification","valueRequired":true,"valueName":"search_term_string"}}],"inLanguage":"en-US"},{"@type":"Organization","@id":"https:\/\/artipelag.se\/en\/#organization","name":"Artipelag","url":"https:\/\/artipelag.se\/en\/","logo":{"@type":"ImageObject","inLanguage":"en-US","@id":"https:\/\/artipelag.se\/en\/#\/schema\/logo\/image\/","url":"https:\/\/artipelag.se\/app\/uploads\/2015\/09\/logga2.jpg","contentUrl":"https:\/\/artipelag.se\/app\/uploads\/2015\/09\/logga2.jpg","width":700,"height":700,"caption":"Artipelag"},"image":{"@id":"https:\/\/artipelag.se\/en\/#\/schema\/logo\/image\/"},"sameAs":["https:\/\/www.facebook.com\/artipelag\/","https:\/\/x.com\/artipelag","https:\/\/www.instagram.com\/artipelag\/","https:\/\/www.linkedin.com\/company\/artipelag","https:\/\/www.youtube.com\/user\/ArtipelagSweden"]}]}},"_links":{"self":[{"href":"https:\/\/artipelag.se\/en\/wp-json\/wp\/v2\/pages\/35702","targetHints":{"allow":["GET"]}}],"collection":[{"href":"https:\/\/artipelag.se\/en\/wp-json\/wp\/v2\/pages"}],"about":[{"href":"https:\/\/artipelag.se\/en\/wp-json\/wp\/v2\/types\/page"}],"author":[{"embeddable":true,"href":"https:\/\/artipelag.se\/en\/wp-json\/wp\/v2\/users\/52"}],"replies":[{"embeddable":true,"href":"https:\/\/artipelag.se\/en\/wp-json\/wp\/v2\/comments?post=35702"}],"version-history":[{"count":6,"href":"https:\/\/artipelag.se\/en\/wp-json\/wp\/v2\/pages\/35702\/revisions"}],"predecessor-version":[{"id":45052,"href":"https:\/\/artipelag.se\/en\/wp-json\/wp\/v2\/pages\/35702\/revisions\/45052"}],"up":[{"embeddable":true,"href":"https:\/\/artipelag.se\/en\/wp-json\/wp\/v2\/pages\/5805"}],"wp:featuredmedia":[{"embeddable":true,"href":"https:\/\/artipelag.se\/en\/wp-json\/wp\/v2\/media\/21141"}],"wp:attachment":[{"href":"https:\/\/artipelag.se\/en\/wp-json\/wp\/v2\/media?parent=35702"}],"curies":[{"name":"wp","href":"https:\/\/api.w.org\/{rel}","templated":true}]}}