{"id":24871,"date":"2017-09-13T11:35:01","date_gmt":"2017-09-13T09:35:01","guid":{"rendered":"https:\/\/artipelag.se\/meetings-events\/cases\/ikea-hay\/"},"modified":"2022-12-20T13:16:07","modified_gmt":"2022-12-20T12:16:07","slug":"ikea-hay","status":"publish","type":"page","link":"https:\/\/artipelag.se\/en\/meetings-events\/previous-events\/ikea-hay\/","title":{"rendered":"IKEA + HAY"},"content":{"rendered":"\n<div class=\"wp-block-cover is-light\"><span aria-hidden=\"true\" class=\"wp-block-cover__background has-background-dim-0 has-background-dim\"><\/span><img decoding=\"async\" width=\"2560\" height=\"960\" src=\"https:\/\/artipelag.se\/app\/uploads\/2022\/11\/case-ikea-hay-2560x960-px.avif\" class=\"wp-block-cover__image-background skip-lazy wp-post-image\" alt=\"Tv\u00e5 soffor framf\u00f6r storbildssk\u00e4rm\" data-object-fit=\"cover\" \/><div class=\"wp-block-cover__inner-container is-layout-flow wp-block-cover-is-layout-flow\"><div class=\"max-w-screen-md mt-5 mx-auto first:mt-0\">\n<h1 id=\"ikea-hay\" class=\" has-text-align-center wp-block-heading\">IKEA + HAY<\/h1>\n<\/div><\/div><\/div>\n\n\n<div class=\"max-w-screen-md mt-5 mt-5 mx-auto xl:mt-8 xl:mt-8 mt-5 mx-auto xl:mt-8 first:mt-0\">\n<h3 id=\"august-22nd-2017-saw-the-premier-viewing-of-the-ypperlig-collection-ikeas-new-design-collaboration-with-danish-hay-at-artipelag-bloggers-journalists-and-influencers-in-furnishings-and-desi\" class=\" wp-block-heading\"><strong>August 22nd 2017 saw the premier viewing of the YPPERLIG collection, IKEA\u2019S new design collaboration with Danish HAY at Artipelag. Bloggers, journalists and influencers in furnishings and design were invited to the unveiling of the collection in Artipelag\u2019s grandiose foyer.\u00a0\u00a0<\/strong><\/h3>\n<\/div>\n\n<div class=\"max-w-screen-md mt-5 mx-auto first:mt-0\"><div\n  class=\"prose sm:prose-lg lg:prose-xl\"\n  x-data=\"\"\n  x-init=\"$nextTick(function () {\n    const videoEmbeds = document.querySelectorAll('.wp-block-embed.is-type-video');\n    videoEmbeds.forEach(function (embed) {\n      if (!embed.classList.contains('wp-embed-aspect-16-9') || !embed.classList.contains('wp-has-aspect-ratio')) {\n        embed.classList.add('wp-embed-aspect-16-9', 'wp-has-aspect-ratio');\n      }\n    });\n  })\"\n>\n  \n<p>The premier viewing was split into two separate events, one in the morning and one in the evening. At both, guests were served classic Danish \u201csm\u00f6rrebr\u00f6d\u201d with toppings such as prawns, roast beef and brie, served with energy-boosting smoothies. At the morning viewing, 70 curious guests came along to enjoy a great breakfast and to see the latest products. Those who couldn\u2019t take part in the morning had the chance to see the collection in the evening instead. At 6 pm the second group of around 80 guests arrived at Artipelag via their choice of boat, bus or car.<\/p>\n\n<\/div>\n<\/div>\n\n<div class=\"max-w-screen-md mt-5 mx-auto first:mt-0\"><div\n  class=\"prose sm:prose-lg lg:prose-xl\"\n  x-data=\"\"\n  x-init=\"$nextTick(function () {\n    const videoEmbeds = document.querySelectorAll('.wp-block-embed.is-type-video');\n    videoEmbeds.forEach(function (embed) {\n      if (!embed.classList.contains('wp-embed-aspect-16-9') || !embed.classList.contains('wp-has-aspect-ratio')) {\n        embed.classList.add('wp-embed-aspect-16-9', 'wp-has-aspect-ratio');\n      }\n    });\n  })\"\n>\n  \n<p><em>The launched was arranged through communications agency <a href=\"http:\/\/www.futurniture.se\" target=\"_blank\" rel=\"noopener\">Futurniture<\/a>.<\/em><\/p>\n\n<\/div>\n<\/div>\n\n<div class=\"wp-block-slideshow module-spacing\">\n    <div class=\"container\">\n      <div class=\"w-full max-w-screen-lg mx-auto\">\n        \n                  <div\n            class=\"block-slideshow\"\n            x-data=\"{\n              swiper: null,\n              thumbs: null,\n            }\"\n            x-init=\"\n              thumbs = new window.Swiper($refs.thumbs, {\n                spaceBetween: 10,\n                slidesPerView: 6,\n                freeMode: true,\n                watchSlidesProgress: true,\n              });\n              swiper = new window.Swiper($refs.container, {\n                slidesPerView: 1,\n                navigation: {\n                  nextEl: $refs.next,\n                  prevEl: $refs.prev,\n                },\n                runCallbacksOnInit: true,\n                thumbs: {\n                  swiper: thumbs,\n                },\n              });\n            \"\n          >\n            <div\n              class=\"swiper-container relative overflow-hidden\"\n              x-ref=\"container\"\n            >\n              <div class=\"swiper-wrapper\">\n                                  \n                  <div class=\"swiper-slide\">\n                    <div class=\"md:hidden\">\n                      <img decoding=\"async\" width=\"800\" height=\"533\" src=\"https:\/\/cdn.artipelag.se\/app\/uploads\/2022\/11\/case-ikea-hay-4-1700x1133-px-800x533.jpg?strip=all\" class=\"object-cover h-full w-full\" alt=\"Hyllor st\u00e4llda framf\u00f6r en v\u00e4gg\" \/>\n                    <\/div>\n                    <div class=\"hidden md:block\">\n                      <img decoding=\"async\" width=\"1600\" height=\"1066\" src=\"https:\/\/cdn.artipelag.se\/app\/uploads\/2022\/11\/case-ikea-hay-4-1700x1133-px-1600x1066.jpg?strip=all\" class=\"object-cover h-full w-full\" alt=\"Hyllor st\u00e4llda framf\u00f6r en v\u00e4gg\" \/>\n                    <\/div>\n\n                                      <\/div>\n                                  \n                  <div class=\"swiper-slide\">\n                    <div class=\"md:hidden\">\n                      <img decoding=\"async\" width=\"800\" height=\"533\" src=\"https:\/\/cdn.artipelag.se\/app\/uploads\/2022\/11\/case-ikea-hay-1-1700x1133-px-800x533.jpg?strip=all\" class=\"object-cover h-full w-full\" alt=\"M\u00f6blemang framst\u00e4llt i foaj\u00e9n\" \/>\n                    <\/div>\n                    <div class=\"hidden md:block\">\n                      <img decoding=\"async\" width=\"1600\" height=\"1066\" src=\"https:\/\/cdn.artipelag.se\/app\/uploads\/2022\/11\/case-ikea-hay-1-1700x1133-px-1600x1066.jpg?strip=all\" class=\"object-cover h-full w-full\" alt=\"M\u00f6blemang framst\u00e4llt i foaj\u00e9n\" \/>\n                    <\/div>\n\n                                      <\/div>\n                                  \n                  <div class=\"swiper-slide\">\n                    <div class=\"md:hidden\">\n                      <img decoding=\"async\" width=\"800\" height=\"533\" src=\"https:\/\/cdn.artipelag.se\/app\/uploads\/2022\/11\/case-ikea-hay-3-1700x1133-px-800x533.jpg?strip=all\" class=\"object-cover h-full w-full\" alt=\"V\u00e4skor som h\u00e4nger p\u00e5 entr\u00e9g\u00e5rdens v\u00e4gg\" \/>\n                    <\/div>\n                    <div class=\"hidden md:block\">\n                      <img decoding=\"async\" width=\"1600\" height=\"1066\" src=\"https:\/\/cdn.artipelag.se\/app\/uploads\/2022\/11\/case-ikea-hay-3-1700x1133-px-1600x1066.jpg?strip=all\" class=\"object-cover h-full w-full\" alt=\"V\u00e4skor som h\u00e4nger p\u00e5 entr\u00e9g\u00e5rdens v\u00e4gg\" \/>\n                    <\/div>\n\n                                      <\/div>\n                                  \n                  <div class=\"swiper-slide\">\n                    <div class=\"md:hidden\">\n                      <img decoding=\"async\" width=\"800\" height=\"533\" src=\"https:\/\/cdn.artipelag.se\/app\/uploads\/2022\/11\/case-ikea-hay-5-1700x1133-px-800x533.jpg?strip=all\" class=\"object-cover h-full w-full\" alt=\"Platsgjuten betongv\u00e4gg med v\u00e4xt framf\u00f6r\" \/>\n                    <\/div>\n                    <div class=\"hidden md:block\">\n                      <img decoding=\"async\" width=\"1600\" height=\"1066\" src=\"https:\/\/cdn.artipelag.se\/app\/uploads\/2022\/11\/case-ikea-hay-5-1700x1133-px-1600x1066.jpg?strip=all\" class=\"object-cover h-full w-full\" alt=\"Platsgjuten betongv\u00e4gg med v\u00e4xt framf\u00f6r\" \/>\n                    <\/div>\n\n                                      <\/div>\n                                  \n                  <div class=\"swiper-slide\">\n                    <div class=\"md:hidden\">\n                      <img decoding=\"async\" width=\"800\" height=\"533\" src=\"https:\/\/cdn.artipelag.se\/app\/uploads\/2022\/11\/case-ikea-hay-2-1700x1133-px-800x533.jpg?strip=all\" class=\"object-cover h-full w-full\" alt=\"M\u00f6blemang framst\u00e4llt i foaj\u00e9n\" \/>\n                    <\/div>\n                    <div class=\"hidden md:block\">\n                      <img decoding=\"async\" width=\"1600\" height=\"1066\" src=\"https:\/\/cdn.artipelag.se\/app\/uploads\/2022\/11\/case-ikea-hay-2-1700x1133-px-1600x1066.jpg?strip=all\" class=\"object-cover h-full w-full\" alt=\"M\u00f6blemang framst\u00e4llt i foaj\u00e9n\" \/>\n                    <\/div>\n\n                                      <\/div>\n                              <\/div>\n              <div\n                x-ref=\"next\"\n                class=\"\n                  swiper-button-next\n                  bg-white !text-green-900 shadow-md rounded-full\n                  after:content-['']\n                \"\n                aria-label=\"Next\"\n              >\n                <svg class=\"fill-current max-w-full\" xmlns=\"http:\/\/www.w3.org\/2000\/svg\" viewBox=\"0 -960 960 960\">\n  <path d=\"M647-440H160v-80h487L423-744l57-56 320 320-320 320-57-56 224-224Z\" \/>\n<\/svg>              <\/div>\n              <div\n                x-ref=\"prev\"\n                class=\"\n                  swiper-button-prev\n                  bg-white !text-green-900 shadow-md rounded-full\n                  after:content-['']\n                \"\n                aria-label=\"Previous\"\n              >\n                <svg class=\"fill-current max-w-full\" xmlns=\"http:\/\/www.w3.org\/2000\/svg\" viewBox=\"0 -960 960 960\">\n  <path d=\"m313-440 224 224-57 56-320-320 320-320 57 56-224 224h487v80H313Z\" \/>\n<\/svg>              <\/div>\n            <\/div>\n\n            <div\n              class=\"swiper-container swiper-container-thumbs mt-5 relative overflow-hidden\"\n              x-ref=\"thumbs\"\n            >\n              <div class=\"swiper-wrapper\">\n                                  <div class=\"swiper-slide\">\n                    <img decoding=\"async\" width=\"400\" height=\"300\" src=\"https:\/\/cdn.artipelag.se\/app\/uploads\/2022\/11\/case-ikea-hay-4-1700x1133-px-400x300.jpg?strip=all\" class=\"object-cover h-full w-full\" alt=\"Hyllor st\u00e4llda framf\u00f6r en v\u00e4gg\" \/>\n                  <\/div>\n                                  <div class=\"swiper-slide\">\n                    <img decoding=\"async\" width=\"400\" height=\"300\" src=\"https:\/\/cdn.artipelag.se\/app\/uploads\/2022\/11\/case-ikea-hay-1-1700x1133-px-400x300.jpg?strip=all\" class=\"object-cover h-full w-full\" alt=\"M\u00f6blemang framst\u00e4llt i foaj\u00e9n\" \/>\n                  <\/div>\n                                  <div class=\"swiper-slide\">\n                    <img decoding=\"async\" width=\"400\" height=\"300\" src=\"https:\/\/cdn.artipelag.se\/app\/uploads\/2022\/11\/case-ikea-hay-3-1700x1133-px-400x300.jpg?strip=all\" class=\"object-cover h-full w-full\" alt=\"V\u00e4skor som h\u00e4nger p\u00e5 entr\u00e9g\u00e5rdens v\u00e4gg\" \/>\n                  <\/div>\n                                  <div class=\"swiper-slide\">\n                    <img decoding=\"async\" width=\"400\" height=\"300\" src=\"https:\/\/cdn.artipelag.se\/app\/uploads\/2022\/11\/case-ikea-hay-5-1700x1133-px-400x300.jpg?strip=all\" class=\"object-cover h-full w-full\" alt=\"Platsgjuten betongv\u00e4gg med v\u00e4xt framf\u00f6r\" \/>\n                  <\/div>\n                                  <div class=\"swiper-slide\">\n                    <img decoding=\"async\" width=\"400\" height=\"300\" src=\"https:\/\/cdn.artipelag.se\/app\/uploads\/2022\/11\/case-ikea-hay-2-1700x1133-px-400x300.jpg?strip=all\" class=\"object-cover h-full w-full\" alt=\"M\u00f6blemang framst\u00e4llt i foaj\u00e9n\" \/>\n                  <\/div>\n                              <\/div>\n            <\/div>\n          <\/div>\n              <\/div>\n    <\/div>\n  <\/div>\n\n\n<div class=\"max-w-screen-md mt-5 mx-auto first:mt-0\"><div\n  class=\"prose sm:prose-lg lg:prose-xl\"\n  x-data=\"\"\n  x-init=\"$nextTick(function () {\n    const videoEmbeds = document.querySelectorAll('.wp-block-embed.is-type-video');\n    videoEmbeds.forEach(function (embed) {\n      if (!embed.classList.contains('wp-embed-aspect-16-9') || !embed.classList.contains('wp-has-aspect-ratio')) {\n        embed.classList.add('wp-embed-aspect-16-9', 'wp-has-aspect-ratio');\n      }\n    });\n  })\"\n>\n  \n<p><\/p>\n\n<\/div>\n<\/div>","protected":false},"excerpt":{"rendered":"<p>August 22nd 2017 saw the premier viewing of the YPPERLIG collection, IKEA\u2019S new design collaboration with Danish HAY at Artipelag. Bloggers, journalists and influencers in furnishings and design were invited to the unveiling of the collection in Artipelag\u2019s grandiose foyer.\u00a0\u00a0 The premier viewing was split into two separate events, one in the morning and one &hellip; <a href=\"https:\/\/artipelag.se\/en\/meetings-events\/previous-events\/ikea-hay\/\">Continued<\/a><\/p>\n","protected":false},"author":52,"featured_media":55119,"parent":64105,"menu_order":0,"comment_status":"closed","ping_status":"closed","template":"","meta":{"_acf_changed":false,"footnotes":""},"class_list":["post-24871","page","type-page","status-publish","has-post-thumbnail","hentry"],"acf":[],"yoast_head":"<!-- This site is optimized with the Yoast SEO Premium plugin v26.7 (Yoast SEO v26.7) - https:\/\/yoast.com\/wordpress\/plugins\/seo\/ -->\n<title>IKEA + HAY - Artipelag<\/title>\n<meta name=\"description\" content=\"August 22nd 2017 saw the premier viewing of the YPPERLIG collection, IKEA\u2019S new design collaboration with Danish HAY at Artipelag.\" \/>\n<meta name=\"robots\" content=\"index, follow, max-snippet:-1, max-image-preview:large, max-video-preview:-1\" \/>\n<link rel=\"canonical\" href=\"https:\/\/artipelag.se\/en\/meetings-events\/previous-events\/ikea-hay\/\" \/>\n<meta property=\"og:locale\" content=\"en_US\" \/>\n<meta property=\"og:type\" content=\"article\" \/>\n<meta property=\"og:title\" content=\"IKEA + HAY\" \/>\n<meta property=\"og:description\" content=\"August 22nd 2017 saw the premier viewing of the YPPERLIG collection, IKEA\u2019S new design collaboration with Danish HAY at Artipelag.\" \/>\n<meta property=\"og:url\" content=\"https:\/\/artipelag.se\/en\/meetings-events\/previous-events\/ikea-hay\/\" \/>\n<meta property=\"og:site_name\" content=\"Artipelag\" \/>\n<meta property=\"article:publisher\" content=\"https:\/\/www.facebook.com\/artipelag\/\" \/>\n<meta property=\"article:modified_time\" content=\"2022-12-20T12:16:07+00:00\" \/>\n<meta property=\"og:image\" content=\"https:\/\/artipelag.se\/app\/uploads\/2022\/11\/case-ikea-hay-2560x960-px.jpg\" \/>\n\t<meta property=\"og:image:width\" content=\"2560\" \/>\n\t<meta property=\"og:image:height\" content=\"960\" \/>\n\t<meta property=\"og:image:type\" content=\"image\/jpeg\" \/>\n<meta name=\"twitter:card\" content=\"summary_large_image\" \/>\n<meta name=\"twitter:site\" content=\"@artipelag\" \/>\n<meta name=\"twitter:label1\" content=\"Est. reading time\" \/>\n\t<meta name=\"twitter:data1\" content=\"1 minute\" \/>\n<script type=\"application\/ld+json\" class=\"yoast-schema-graph\">{\"@context\":\"https:\/\/schema.org\",\"@graph\":[{\"@type\":\"WebPage\",\"@id\":\"https:\/\/artipelag.se\/en\/meetings-events\/previous-events\/ikea-hay\/\",\"url\":\"https:\/\/artipelag.se\/en\/meetings-events\/previous-events\/ikea-hay\/\",\"name\":\"IKEA + HAY - Artipelag\",\"isPartOf\":{\"@id\":\"https:\/\/artipelag.se\/en\/#website\"},\"primaryImageOfPage\":{\"@id\":\"https:\/\/artipelag.se\/en\/meetings-events\/previous-events\/ikea-hay\/#primaryimage\"},\"image\":{\"@id\":\"https:\/\/artipelag.se\/en\/meetings-events\/previous-events\/ikea-hay\/#primaryimage\"},\"thumbnailUrl\":\"https:\/\/artipelag.se\/app\/uploads\/2022\/11\/case-ikea-hay-2560x960-px.avif\",\"datePublished\":\"2017-09-13T09:35:01+00:00\",\"dateModified\":\"2022-12-20T12:16:07+00:00\",\"description\":\"August 22nd 2017 saw the premier viewing of the YPPERLIG collection, IKEA\u2019S new design collaboration with Danish HAY at Artipelag.\",\"breadcrumb\":{\"@id\":\"https:\/\/artipelag.se\/en\/meetings-events\/previous-events\/ikea-hay\/#breadcrumb\"},\"inLanguage\":\"en-US\",\"potentialAction\":[{\"@type\":\"ReadAction\",\"target\":[\"https:\/\/artipelag.se\/en\/meetings-events\/previous-events\/ikea-hay\/\"]}]},{\"@type\":\"ImageObject\",\"inLanguage\":\"en-US\",\"@id\":\"https:\/\/artipelag.se\/en\/meetings-events\/previous-events\/ikea-hay\/#primaryimage\",\"url\":\"https:\/\/artipelag.se\/app\/uploads\/2022\/11\/case-ikea-hay-2560x960-px.avif\",\"contentUrl\":\"https:\/\/artipelag.se\/app\/uploads\/2022\/11\/case-ikea-hay-2560x960-px.avif\",\"width\":2560,\"height\":960,\"caption\":\"Tv\u00e5 soffor framf\u00f6r storbildssk\u00e4rm\"},{\"@type\":\"BreadcrumbList\",\"@id\":\"https:\/\/artipelag.se\/en\/meetings-events\/previous-events\/ikea-hay\/#breadcrumb\",\"itemListElement\":[{\"@type\":\"ListItem\",\"position\":1,\"name\":\"Hem\",\"item\":\"https:\/\/artipelag.se\/en\/\"},{\"@type\":\"ListItem\",\"position\":2,\"name\":\"Meetings &#038; Events\",\"item\":\"https:\/\/artipelag.se\/en\/meetings-events\/\"},{\"@type\":\"ListItem\",\"position\":3,\"name\":\"IKEA + HAY\"}]},{\"@type\":\"WebSite\",\"@id\":\"https:\/\/artipelag.se\/en\/#website\",\"url\":\"https:\/\/artipelag.se\/en\/\",\"name\":\"Artipelag\",\"description\":\"Artipelag is a new international venue for art, good food, events and activities \u2013 beautifully set on V\u00e4rmd\u00f6 in the Stockholm Archipelago, just 20 minutes from the city centre.\",\"publisher\":{\"@id\":\"https:\/\/artipelag.se\/en\/#organization\"},\"potentialAction\":[{\"@type\":\"SearchAction\",\"target\":{\"@type\":\"EntryPoint\",\"urlTemplate\":\"https:\/\/artipelag.se\/en\/?s={search_term_string}\"},\"query-input\":{\"@type\":\"PropertyValueSpecification\",\"valueRequired\":true,\"valueName\":\"search_term_string\"}}],\"inLanguage\":\"en-US\"},{\"@type\":\"Organization\",\"@id\":\"https:\/\/artipelag.se\/en\/#organization\",\"name\":\"Artipelag\",\"url\":\"https:\/\/artipelag.se\/en\/\",\"logo\":{\"@type\":\"ImageObject\",\"inLanguage\":\"en-US\",\"@id\":\"https:\/\/artipelag.se\/en\/#\/schema\/logo\/image\/\",\"url\":\"https:\/\/artipelag.se\/app\/uploads\/2015\/09\/logga2.jpg\",\"contentUrl\":\"https:\/\/artipelag.se\/app\/uploads\/2015\/09\/logga2.jpg\",\"width\":700,\"height\":700,\"caption\":\"Artipelag\"},\"image\":{\"@id\":\"https:\/\/artipelag.se\/en\/#\/schema\/logo\/image\/\"},\"sameAs\":[\"https:\/\/www.facebook.com\/artipelag\/\",\"https:\/\/x.com\/artipelag\",\"https:\/\/www.instagram.com\/artipelag\/\",\"https:\/\/www.linkedin.com\/company\/artipelag\",\"https:\/\/www.youtube.com\/user\/ArtipelagSweden\"]}]}<\/script>\n<!-- \/ Yoast SEO Premium plugin. -->","yoast_head_json":{"title":"IKEA + HAY - Artipelag","description":"August 22nd 2017 saw the premier viewing of the YPPERLIG collection, IKEA\u2019S new design collaboration with Danish HAY at Artipelag.","robots":{"index":"index","follow":"follow","max-snippet":"max-snippet:-1","max-image-preview":"max-image-preview:large","max-video-preview":"max-video-preview:-1"},"canonical":"https:\/\/artipelag.se\/en\/meetings-events\/previous-events\/ikea-hay\/","og_locale":"en_US","og_type":"article","og_title":"IKEA + HAY","og_description":"August 22nd 2017 saw the premier viewing of the YPPERLIG collection, IKEA\u2019S new design collaboration with Danish HAY at Artipelag.","og_url":"https:\/\/artipelag.se\/en\/meetings-events\/previous-events\/ikea-hay\/","og_site_name":"Artipelag","article_publisher":"https:\/\/www.facebook.com\/artipelag\/","article_modified_time":"2022-12-20T12:16:07+00:00","og_image":[{"width":2560,"height":960,"url":"https:\/\/artipelag.se\/app\/uploads\/2022\/11\/case-ikea-hay-2560x960-px.jpg","type":"image\/jpeg"}],"twitter_card":"summary_large_image","twitter_site":"@artipelag","twitter_misc":{"Est. reading time":"1 minute"},"schema":{"@context":"https:\/\/schema.org","@graph":[{"@type":"WebPage","@id":"https:\/\/artipelag.se\/en\/meetings-events\/previous-events\/ikea-hay\/","url":"https:\/\/artipelag.se\/en\/meetings-events\/previous-events\/ikea-hay\/","name":"IKEA + HAY - Artipelag","isPartOf":{"@id":"https:\/\/artipelag.se\/en\/#website"},"primaryImageOfPage":{"@id":"https:\/\/artipelag.se\/en\/meetings-events\/previous-events\/ikea-hay\/#primaryimage"},"image":{"@id":"https:\/\/artipelag.se\/en\/meetings-events\/previous-events\/ikea-hay\/#primaryimage"},"thumbnailUrl":"https:\/\/artipelag.se\/app\/uploads\/2022\/11\/case-ikea-hay-2560x960-px.avif","datePublished":"2017-09-13T09:35:01+00:00","dateModified":"2022-12-20T12:16:07+00:00","description":"August 22nd 2017 saw the premier viewing of the YPPERLIG collection, IKEA\u2019S new design collaboration with Danish HAY at Artipelag.","breadcrumb":{"@id":"https:\/\/artipelag.se\/en\/meetings-events\/previous-events\/ikea-hay\/#breadcrumb"},"inLanguage":"en-US","potentialAction":[{"@type":"ReadAction","target":["https:\/\/artipelag.se\/en\/meetings-events\/previous-events\/ikea-hay\/"]}]},{"@type":"ImageObject","inLanguage":"en-US","@id":"https:\/\/artipelag.se\/en\/meetings-events\/previous-events\/ikea-hay\/#primaryimage","url":"https:\/\/artipelag.se\/app\/uploads\/2022\/11\/case-ikea-hay-2560x960-px.avif","contentUrl":"https:\/\/artipelag.se\/app\/uploads\/2022\/11\/case-ikea-hay-2560x960-px.avif","width":2560,"height":960,"caption":"Tv\u00e5 soffor framf\u00f6r storbildssk\u00e4rm"},{"@type":"BreadcrumbList","@id":"https:\/\/artipelag.se\/en\/meetings-events\/previous-events\/ikea-hay\/#breadcrumb","itemListElement":[{"@type":"ListItem","position":1,"name":"Hem","item":"https:\/\/artipelag.se\/en\/"},{"@type":"ListItem","position":2,"name":"Meetings &#038; Events","item":"https:\/\/artipelag.se\/en\/meetings-events\/"},{"@type":"ListItem","position":3,"name":"IKEA + HAY"}]},{"@type":"WebSite","@id":"https:\/\/artipelag.se\/en\/#website","url":"https:\/\/artipelag.se\/en\/","name":"Artipelag","description":"Artipelag is a new international venue for art, good food, events and activities \u2013 beautifully set on V\u00e4rmd\u00f6 in the Stockholm Archipelago, just 20 minutes from the city centre.","publisher":{"@id":"https:\/\/artipelag.se\/en\/#organization"},"potentialAction":[{"@type":"SearchAction","target":{"@type":"EntryPoint","urlTemplate":"https:\/\/artipelag.se\/en\/?s={search_term_string}"},"query-input":{"@type":"PropertyValueSpecification","valueRequired":true,"valueName":"search_term_string"}}],"inLanguage":"en-US"},{"@type":"Organization","@id":"https:\/\/artipelag.se\/en\/#organization","name":"Artipelag","url":"https:\/\/artipelag.se\/en\/","logo":{"@type":"ImageObject","inLanguage":"en-US","@id":"https:\/\/artipelag.se\/en\/#\/schema\/logo\/image\/","url":"https:\/\/artipelag.se\/app\/uploads\/2015\/09\/logga2.jpg","contentUrl":"https:\/\/artipelag.se\/app\/uploads\/2015\/09\/logga2.jpg","width":700,"height":700,"caption":"Artipelag"},"image":{"@id":"https:\/\/artipelag.se\/en\/#\/schema\/logo\/image\/"},"sameAs":["https:\/\/www.facebook.com\/artipelag\/","https:\/\/x.com\/artipelag","https:\/\/www.instagram.com\/artipelag\/","https:\/\/www.linkedin.com\/company\/artipelag","https:\/\/www.youtube.com\/user\/ArtipelagSweden"]}]}},"_links":{"self":[{"href":"https:\/\/artipelag.se\/en\/wp-json\/wp\/v2\/pages\/24871","targetHints":{"allow":["GET"]}}],"collection":[{"href":"https:\/\/artipelag.se\/en\/wp-json\/wp\/v2\/pages"}],"about":[{"href":"https:\/\/artipelag.se\/en\/wp-json\/wp\/v2\/types\/page"}],"author":[{"embeddable":true,"href":"https:\/\/artipelag.se\/en\/wp-json\/wp\/v2\/users\/52"}],"replies":[{"embeddable":true,"href":"https:\/\/artipelag.se\/en\/wp-json\/wp\/v2\/comments?post=24871"}],"version-history":[{"count":15,"href":"https:\/\/artipelag.se\/en\/wp-json\/wp\/v2\/pages\/24871\/revisions"}],"predecessor-version":[{"id":55810,"href":"https:\/\/artipelag.se\/en\/wp-json\/wp\/v2\/pages\/24871\/revisions\/55810"}],"up":[{"embeddable":true,"href":"https:\/\/artipelag.se\/en\/wp-json\/wp\/v2\/pages\/64105"}],"wp:featuredmedia":[{"embeddable":true,"href":"https:\/\/artipelag.se\/en\/wp-json\/wp\/v2\/media\/55119"}],"wp:attachment":[{"href":"https:\/\/artipelag.se\/en\/wp-json\/wp\/v2\/media?parent=24871"}],"curies":[{"name":"wp","href":"https:\/\/api.w.org\/{rel}","templated":true}]}}