{"id":121,"date":"2016-02-10T19:03:23","date_gmt":"2016-02-10T18:03:23","guid":{"rendered":"https:\/\/artipelag.se\/?page_id=121"},"modified":"2023-06-15T16:29:38","modified_gmt":"2023-06-15T14:29:38","slug":"dinner-and-party","status":"publish","type":"page","link":"https:\/\/artipelag.se\/en\/meetings-events\/dinner-and-party\/","title":{"rendered":"Dinners and Parties"},"content":{"rendered":"\n<div class=\"wp-block-cover\"><span aria-hidden=\"true\" class=\"wp-block-cover__background has-background-dim-30 has-background-dim\"><\/span><img decoding=\"async\" width=\"1170\" height=\"488\" class=\"wp-block-cover__image-background skip-lazy wp-image-35023\" alt=\"\" src=\"https:\/\/cdn.artipelag.se\/app\/uploads\/2019\/03\/champagne-bord-folk-1170x488-px.jpg?strip=all&resize=1170%2C488\" style=\"object-position:50% 50%\" data-object-fit=\"cover\" data-object-position=\"50% 50%\" \/><div class=\"wp-block-cover__inner-container is-layout-flow wp-block-cover-is-layout-flow\"><div class=\"max-w-screen-md mt-5 mx-auto first:mt-0\">\n<h1 id=\"dinners-and-parties\" class=\" wp-block-heading\">Dinners and Parties<\/h1>\n<\/div><\/div><\/div>\n\n\n<div class=\"max-w-screen-md mt-5 mx-auto first:mt-0\"><div\n  class=\"prose sm:prose-lg lg:prose-xl\"\n  x-data=\"\"\n  x-init=\"$nextTick(function () {\n    const videoEmbeds = document.querySelectorAll('.wp-block-embed.is-type-video');\n    videoEmbeds.forEach(function (embed) {\n      if (!embed.classList.contains('wp-embed-aspect-16-9') || !embed.classList.contains('wp-has-aspect-ratio')) {\n        embed.classList.add('wp-embed-aspect-16-9', 'wp-has-aspect-ratio');\n      }\n    });\n  })\"\n>\n  \n<p>Have a formal dinner, a wedding or a party at Artipelag! Arrive from the city by boat and start the party onboard! Continue the night with a mingle in our beautiful entrance hall and be&nbsp;seated for dinner there, or in Artipelag Restaurant. Both rooms have a fantastic view over the treetops and out towards the sea.<\/p>\n\n<\/div>\n<\/div>\n\n<div class=\"max-w-screen-md mt-5 mx-auto first:mt-0\"><div\n  class=\"prose sm:prose-lg lg:prose-xl\"\n  x-data=\"\"\n  x-init=\"$nextTick(function () {\n    const videoEmbeds = document.querySelectorAll('.wp-block-embed.is-type-video');\n    videoEmbeds.forEach(function (embed) {\n      if (!embed.classList.contains('wp-embed-aspect-16-9') || !embed.classList.contains('wp-has-aspect-ratio')) {\n        embed.classList.add('wp-embed-aspect-16-9', 'wp-has-aspect-ratio');\n      }\n    });\n  })\"\n>\n  \n<p>A&nbsp;dinner party for&nbsp;a&nbsp;smaller group can be enjoyed in one of our beautiful pavilions. Whatever you choose, we will do our best to make your dinner or party unforgettable.<\/p>\n\n<\/div>\n<\/div>\n\n<div class=\"max-w-screen-md mt-5 mx-auto first:mt-0\">\n<div class=\"wp-block-columns is-not-stacked-on-mobile is-layout-flex wp-container-core-columns-is-layout-9d6595d7 wp-block-columns-is-layout-flex\">\n<div class=\"wp-block-column space-y-4 lg:space-y-5 is-layout-flow wp-block-column space-y-4 lg:space-y-5-is-layout-flow\"><div class=\"max-w-screen-md my-8 my-8 mx-auto xl:my-16 xl:my-16 my-8 mx-auto xl:my-16 first:mt-0\">\n<figure class=\"wp-block-image size-medium\"><img decoding=\"async\" width=\"570\" height=\"368\" src=\"https:\/\/cdn.artipelag.se\/app\/uploads\/2017\/05\/bat-brollop-transport-570x368.jpg?strip=all\" alt=\"B\u00e5ttransport till br\u00f6llop p\u00e5 Artipelag\" class=\"wp-image-20942\"\/><\/figure>\n<\/div>\n\n<div class=\"max-w-screen-md my-8 my-8 mx-auto xl:my-16 xl:my-16 my-8 mx-auto xl:my-16 first:mt-0\">\n<figure class=\"wp-block-image size-medium is-resized\"><img decoding=\"async\" src=\"https:\/\/cdn.artipelag.se\/app\/uploads\/2018\/03\/middag-och-fest-i-foajen.jpg?strip=all&resize=556%2C358\" alt=\"\" class=\"wp-image-29156\" width=\"556\" height=\"358\" \/><\/figure>\n<\/div><\/div>\n\n\n\n<div class=\"wp-block-column space-y-4 lg:space-y-5 is-layout-flow wp-block-column space-y-4 lg:space-y-5-is-layout-flow\"><div class=\"max-w-screen-md my-8 my-8 mx-auto xl:my-16 xl:my-16 my-8 mx-auto xl:my-16 first:mt-0\">\n<figure class=\"wp-block-image size-medium\"><img decoding=\"async\" width=\"570\" height=\"368\" src=\"https:\/\/cdn.artipelag.se\/app\/uploads\/2017\/05\/spangen-brollop-artipelag-beatrice-graalheim.jpg?strip=all&resize=570%2C368\" alt=\"The boardwalk\" class=\"wp-image-21036\" \/><\/figure>\n<\/div>\n\n<div class=\"max-w-screen-md my-8 my-8 mx-auto xl:my-16 xl:my-16 my-8 mx-auto xl:my-16 first:mt-0\">\n<figure class=\"wp-block-image size-medium\"><img decoding=\"async\" width=\"570\" height=\"368\" src=\"https:\/\/cdn.artipelag.se\/app\/uploads\/2018\/03\/fest.jpg?strip=all&resize=570%2C368\" alt=\"Fest p\u00e5 Artipelag\" class=\"wp-image-29165\" \/><\/figure>\n<\/div><\/div>\n<\/div>\n<\/div>\n\n<div class=\"max-w-screen-md mt-5 mx-auto first:mt-0\"><div\n  class=\"prose sm:prose-lg lg:prose-xl\"\n  x-data=\"\"\n  x-init=\"$nextTick(function () {\n    const videoEmbeds = document.querySelectorAll('.wp-block-embed.is-type-video');\n    videoEmbeds.forEach(function (embed) {\n      if (!embed.classList.contains('wp-embed-aspect-16-9') || !embed.classList.contains('wp-has-aspect-ratio')) {\n        embed.classList.add('wp-embed-aspect-16-9', 'wp-has-aspect-ratio');\n      }\n    });\n  })\"\n>\n  \n<p><\/p>\n\n<\/div>\n<\/div>","protected":false},"excerpt":{"rendered":"<p>Have a formal dinner, a wedding or a party at Artipelag! Arrive from the city by boat and start the party onboard! Continue the night with a mingle in our beautiful entrance hall and be&nbsp;seated for dinner there, or in Artipelag Restaurant. Both rooms have a fantastic view over the treetops and out towards the &hellip; <a href=\"https:\/\/artipelag.se\/en\/meetings-events\/dinner-and-party\/\">Continued<\/a><\/p>\n","protected":false},"author":1,"featured_media":35023,"parent":40,"menu_order":3,"comment_status":"closed","ping_status":"closed","template":"","meta":{"_acf_changed":false,"footnotes":""},"class_list":["post-121","page","type-page","status-publish","has-post-thumbnail","hentry"],"acf":[],"yoast_head":"<!-- This site is optimized with the Yoast SEO Premium plugin v26.7 (Yoast SEO v26.7) - https:\/\/yoast.com\/wordpress\/plugins\/seo\/ -->\n<title>Dinners and Parties - Artipelag<\/title>\n<meta name=\"description\" content=\"Have a formal dinner or a party at Artipelag. Arrive from the city by boat and continue the night with a dinner in Artipelag Restaurant.\" \/>\n<meta name=\"robots\" content=\"index, follow, max-snippet:-1, max-image-preview:large, max-video-preview:-1\" \/>\n<link rel=\"canonical\" href=\"https:\/\/artipelag.se\/en\/meetings-events\/dinner-and-party\/\" \/>\n<meta property=\"og:locale\" content=\"en_US\" \/>\n<meta property=\"og:type\" content=\"article\" \/>\n<meta property=\"og:title\" content=\"Dinners and Parties\" \/>\n<meta property=\"og:description\" content=\"Have a formal dinner or a party at Artipelag. Arrive from the city by boat and continue the night with a dinner in Artipelag Restaurant.\" \/>\n<meta property=\"og:url\" content=\"https:\/\/artipelag.se\/en\/meetings-events\/dinner-and-party\/\" \/>\n<meta property=\"og:site_name\" content=\"Artipelag\" \/>\n<meta property=\"article:publisher\" content=\"https:\/\/www.facebook.com\/artipelag\/\" \/>\n<meta property=\"article:modified_time\" content=\"2023-06-15T14:29:38+00:00\" \/>\n<meta property=\"og:image\" content=\"https:\/\/artipelag.se\/app\/uploads\/2019\/03\/champagne-bord-folk-1170x488-px.jpg\" \/>\n\t<meta property=\"og:image:width\" content=\"1170\" \/>\n\t<meta property=\"og:image:height\" content=\"488\" \/>\n\t<meta property=\"og:image:type\" content=\"image\/jpeg\" \/>\n<meta name=\"twitter:card\" content=\"summary_large_image\" \/>\n<meta name=\"twitter:site\" content=\"@artipelag\" \/>\n<script type=\"application\/ld+json\" class=\"yoast-schema-graph\">{\"@context\":\"https:\/\/schema.org\",\"@graph\":[{\"@type\":\"WebPage\",\"@id\":\"https:\/\/artipelag.se\/en\/meetings-events\/dinner-and-party\/\",\"url\":\"https:\/\/artipelag.se\/en\/meetings-events\/dinner-and-party\/\",\"name\":\"Dinners and Parties - Artipelag\",\"isPartOf\":{\"@id\":\"https:\/\/artipelag.se\/en\/#website\"},\"primaryImageOfPage\":{\"@id\":\"https:\/\/artipelag.se\/en\/meetings-events\/dinner-and-party\/#primaryimage\"},\"image\":{\"@id\":\"https:\/\/artipelag.se\/en\/meetings-events\/dinner-and-party\/#primaryimage\"},\"thumbnailUrl\":\"https:\/\/cdn.artipelag.se\/app\/uploads\/2019\/03\/champagne-bord-folk-1170x488-px.jpg?strip=all\",\"datePublished\":\"2016-02-10T18:03:23+00:00\",\"dateModified\":\"2023-06-15T14:29:38+00:00\",\"description\":\"Have a formal dinner or a party at Artipelag. Arrive from the city by boat and continue the night with a dinner in Artipelag Restaurant.\",\"breadcrumb\":{\"@id\":\"https:\/\/artipelag.se\/en\/meetings-events\/dinner-and-party\/#breadcrumb\"},\"inLanguage\":\"en-US\",\"potentialAction\":[{\"@type\":\"ReadAction\",\"target\":[\"https:\/\/artipelag.se\/en\/meetings-events\/dinner-and-party\/\"]}]},{\"@type\":\"ImageObject\",\"inLanguage\":\"en-US\",\"@id\":\"https:\/\/artipelag.se\/en\/meetings-events\/dinner-and-party\/#primaryimage\",\"url\":\"https:\/\/cdn.artipelag.se\/app\/uploads\/2019\/03\/champagne-bord-folk-1170x488-px.jpg?strip=all\",\"contentUrl\":\"https:\/\/cdn.artipelag.se\/app\/uploads\/2019\/03\/champagne-bord-folk-1170x488-px.jpg?strip=all\",\"width\":1170,\"height\":488,\"caption\":\"Champagne.\"},{\"@type\":\"BreadcrumbList\",\"@id\":\"https:\/\/artipelag.se\/en\/meetings-events\/dinner-and-party\/#breadcrumb\",\"itemListElement\":[{\"@type\":\"ListItem\",\"position\":1,\"name\":\"Hem\",\"item\":\"https:\/\/artipelag.se\/en\/\"},{\"@type\":\"ListItem\",\"position\":2,\"name\":\"Meetings &#038; Events\",\"item\":\"https:\/\/artipelag.se\/en\/meetings-events\/\"},{\"@type\":\"ListItem\",\"position\":3,\"name\":\"Dinners and Parties\"}]},{\"@type\":\"WebSite\",\"@id\":\"https:\/\/artipelag.se\/en\/#website\",\"url\":\"https:\/\/artipelag.se\/en\/\",\"name\":\"Artipelag\",\"description\":\"Artipelag is a new international venue for art, good food, events and activities \u2013 beautifully set on V\u00e4rmd\u00f6 in the Stockholm Archipelago, just 20 minutes from the city centre.\",\"publisher\":{\"@id\":\"https:\/\/artipelag.se\/en\/#organization\"},\"potentialAction\":[{\"@type\":\"SearchAction\",\"target\":{\"@type\":\"EntryPoint\",\"urlTemplate\":\"https:\/\/artipelag.se\/en\/?s={search_term_string}\"},\"query-input\":{\"@type\":\"PropertyValueSpecification\",\"valueRequired\":true,\"valueName\":\"search_term_string\"}}],\"inLanguage\":\"en-US\"},{\"@type\":\"Organization\",\"@id\":\"https:\/\/artipelag.se\/en\/#organization\",\"name\":\"Artipelag\",\"url\":\"https:\/\/artipelag.se\/en\/\",\"logo\":{\"@type\":\"ImageObject\",\"inLanguage\":\"en-US\",\"@id\":\"https:\/\/artipelag.se\/en\/#\/schema\/logo\/image\/\",\"url\":\"https:\/\/artipelag.se\/app\/uploads\/2015\/09\/logga2.jpg\",\"contentUrl\":\"https:\/\/artipelag.se\/app\/uploads\/2015\/09\/logga2.jpg\",\"width\":700,\"height\":700,\"caption\":\"Artipelag\"},\"image\":{\"@id\":\"https:\/\/artipelag.se\/en\/#\/schema\/logo\/image\/\"},\"sameAs\":[\"https:\/\/www.facebook.com\/artipelag\/\",\"https:\/\/x.com\/artipelag\",\"https:\/\/www.instagram.com\/artipelag\/\",\"https:\/\/www.linkedin.com\/company\/artipelag\",\"https:\/\/www.youtube.com\/user\/ArtipelagSweden\"]}]}<\/script>\n<!-- \/ Yoast SEO Premium plugin. -->","yoast_head_json":{"title":"Dinners and Parties - Artipelag","description":"Have a formal dinner or a party at Artipelag. Arrive from the city by boat and continue the night with a dinner in Artipelag Restaurant.","robots":{"index":"index","follow":"follow","max-snippet":"max-snippet:-1","max-image-preview":"max-image-preview:large","max-video-preview":"max-video-preview:-1"},"canonical":"https:\/\/artipelag.se\/en\/meetings-events\/dinner-and-party\/","og_locale":"en_US","og_type":"article","og_title":"Dinners and Parties","og_description":"Have a formal dinner or a party at Artipelag. Arrive from the city by boat and continue the night with a dinner in Artipelag Restaurant.","og_url":"https:\/\/artipelag.se\/en\/meetings-events\/dinner-and-party\/","og_site_name":"Artipelag","article_publisher":"https:\/\/www.facebook.com\/artipelag\/","article_modified_time":"2023-06-15T14:29:38+00:00","og_image":[{"width":1170,"height":488,"url":"https:\/\/artipelag.se\/app\/uploads\/2019\/03\/champagne-bord-folk-1170x488-px.jpg","type":"image\/jpeg"}],"twitter_card":"summary_large_image","twitter_site":"@artipelag","schema":{"@context":"https:\/\/schema.org","@graph":[{"@type":"WebPage","@id":"https:\/\/artipelag.se\/en\/meetings-events\/dinner-and-party\/","url":"https:\/\/artipelag.se\/en\/meetings-events\/dinner-and-party\/","name":"Dinners and Parties - Artipelag","isPartOf":{"@id":"https:\/\/artipelag.se\/en\/#website"},"primaryImageOfPage":{"@id":"https:\/\/artipelag.se\/en\/meetings-events\/dinner-and-party\/#primaryimage"},"image":{"@id":"https:\/\/artipelag.se\/en\/meetings-events\/dinner-and-party\/#primaryimage"},"thumbnailUrl":"https:\/\/cdn.artipelag.se\/app\/uploads\/2019\/03\/champagne-bord-folk-1170x488-px.jpg?strip=all","datePublished":"2016-02-10T18:03:23+00:00","dateModified":"2023-06-15T14:29:38+00:00","description":"Have a formal dinner or a party at Artipelag. Arrive from the city by boat and continue the night with a dinner in Artipelag Restaurant.","breadcrumb":{"@id":"https:\/\/artipelag.se\/en\/meetings-events\/dinner-and-party\/#breadcrumb"},"inLanguage":"en-US","potentialAction":[{"@type":"ReadAction","target":["https:\/\/artipelag.se\/en\/meetings-events\/dinner-and-party\/"]}]},{"@type":"ImageObject","inLanguage":"en-US","@id":"https:\/\/artipelag.se\/en\/meetings-events\/dinner-and-party\/#primaryimage","url":"https:\/\/cdn.artipelag.se\/app\/uploads\/2019\/03\/champagne-bord-folk-1170x488-px.jpg?strip=all","contentUrl":"https:\/\/cdn.artipelag.se\/app\/uploads\/2019\/03\/champagne-bord-folk-1170x488-px.jpg?strip=all","width":1170,"height":488,"caption":"Champagne."},{"@type":"BreadcrumbList","@id":"https:\/\/artipelag.se\/en\/meetings-events\/dinner-and-party\/#breadcrumb","itemListElement":[{"@type":"ListItem","position":1,"name":"Hem","item":"https:\/\/artipelag.se\/en\/"},{"@type":"ListItem","position":2,"name":"Meetings &#038; Events","item":"https:\/\/artipelag.se\/en\/meetings-events\/"},{"@type":"ListItem","position":3,"name":"Dinners and Parties"}]},{"@type":"WebSite","@id":"https:\/\/artipelag.se\/en\/#website","url":"https:\/\/artipelag.se\/en\/","name":"Artipelag","description":"Artipelag is a new international venue for art, good food, events and activities \u2013 beautifully set on V\u00e4rmd\u00f6 in the Stockholm Archipelago, just 20 minutes from the city centre.","publisher":{"@id":"https:\/\/artipelag.se\/en\/#organization"},"potentialAction":[{"@type":"SearchAction","target":{"@type":"EntryPoint","urlTemplate":"https:\/\/artipelag.se\/en\/?s={search_term_string}"},"query-input":{"@type":"PropertyValueSpecification","valueRequired":true,"valueName":"search_term_string"}}],"inLanguage":"en-US"},{"@type":"Organization","@id":"https:\/\/artipelag.se\/en\/#organization","name":"Artipelag","url":"https:\/\/artipelag.se\/en\/","logo":{"@type":"ImageObject","inLanguage":"en-US","@id":"https:\/\/artipelag.se\/en\/#\/schema\/logo\/image\/","url":"https:\/\/artipelag.se\/app\/uploads\/2015\/09\/logga2.jpg","contentUrl":"https:\/\/artipelag.se\/app\/uploads\/2015\/09\/logga2.jpg","width":700,"height":700,"caption":"Artipelag"},"image":{"@id":"https:\/\/artipelag.se\/en\/#\/schema\/logo\/image\/"},"sameAs":["https:\/\/www.facebook.com\/artipelag\/","https:\/\/x.com\/artipelag","https:\/\/www.instagram.com\/artipelag\/","https:\/\/www.linkedin.com\/company\/artipelag","https:\/\/www.youtube.com\/user\/ArtipelagSweden"]}]}},"_links":{"self":[{"href":"https:\/\/artipelag.se\/en\/wp-json\/wp\/v2\/pages\/121","targetHints":{"allow":["GET"]}}],"collection":[{"href":"https:\/\/artipelag.se\/en\/wp-json\/wp\/v2\/pages"}],"about":[{"href":"https:\/\/artipelag.se\/en\/wp-json\/wp\/v2\/types\/page"}],"author":[{"embeddable":true,"href":"https:\/\/artipelag.se\/en\/wp-json\/wp\/v2\/users\/1"}],"replies":[{"embeddable":true,"href":"https:\/\/artipelag.se\/en\/wp-json\/wp\/v2\/comments?post=121"}],"version-history":[{"count":34,"href":"https:\/\/artipelag.se\/en\/wp-json\/wp\/v2\/pages\/121\/revisions"}],"predecessor-version":[{"id":64158,"href":"https:\/\/artipelag.se\/en\/wp-json\/wp\/v2\/pages\/121\/revisions\/64158"}],"up":[{"embeddable":true,"href":"https:\/\/artipelag.se\/en\/wp-json\/wp\/v2\/pages\/40"}],"wp:featuredmedia":[{"embeddable":true,"href":"https:\/\/artipelag.se\/en\/wp-json\/wp\/v2\/media\/35023"}],"wp:attachment":[{"href":"https:\/\/artipelag.se\/en\/wp-json\/wp\/v2\/media?parent=121"}],"curies":[{"name":"wp","href":"https:\/\/api.w.org\/{rel}","templated":true}]}}