{"id":11429,"date":"2016-02-15T11:18:08","date_gmt":"2016-02-15T10:18:08","guid":{"rendered":"https:\/\/artipelag.se\/en\/?page_id=11429"},"modified":"2023-06-15T08:27:07","modified_gmt":"2023-06-15T06:27:07","slug":"career-opportunities-internships","status":"publish","type":"page","link":"https:\/\/artipelag.se\/en\/career-opportunities-internships\/","title":{"rendered":"Career Opportunities and Internships"},"content":{"rendered":"\n<div class=\"wp-block-cover\"><span aria-hidden=\"true\" class=\"wp-block-cover__background has-background-dim-30 has-background-dim\"><\/span><img decoding=\"async\" width=\"1170\" height=\"488\" class=\"wp-block-cover__image-background skip-lazy wp-image-14180\" alt=\"\" src=\"https:\/\/cdn.artipelag.se\/app\/uploads\/2015\/06\/artipelag-from-above-1170x488-px.jpg?strip=all&resize=1170%2C488\" style=\"object-position:50% 50%\" data-object-fit=\"cover\" data-object-position=\"50% 50%\" \/><div class=\"wp-block-cover__inner-container is-layout-flow wp-block-cover-is-layout-flow\"><div class=\"max-w-screen-md mt-5 mx-auto first:mt-0\">\n<h1 id=\"career-opportunities-and-internships\" class=\" wp-block-heading\">Career Opportunities and Internships<\/h1>\n<\/div><\/div><\/div>\n\n\n<div class=\"max-w-screen-md mt-5 mt-5 mx-auto xl:mt-8 xl:mt-8 mt-5 mx-auto xl:mt-8 first:mt-0\">\n<h3 id=\"open-positions-and-internships\" class=\" wp-block-heading\">Open Positions and Internships<\/h3>\n<\/div>\n\n<div class=\"max-w-screen-md mt-5 mx-auto first:mt-0\"><div\n  class=\"prose sm:prose-lg lg:prose-xl\"\n  x-data=\"\"\n  x-init=\"$nextTick(function () {\n    const videoEmbeds = document.querySelectorAll('.wp-block-embed.is-type-video');\n    videoEmbeds.forEach(function (embed) {\n      if (!embed.classList.contains('wp-embed-aspect-16-9') || !embed.classList.contains('wp-has-aspect-ratio')) {\n        embed.classList.add('wp-embed-aspect-16-9', 'wp-has-aspect-ratio');\n      }\n    });\n  })\"\n>\n  \n<p>Currently we have no open positions where fluency in Swedish isn\u2019t a must. For all open positions, check the Swedish version of this page.<\/p>\n\n<\/div>\n<\/div>\n\n<div class=\"max-w-screen-md mt-5 mx-auto first:mt-0\"><div\n  class=\"prose sm:prose-lg lg:prose-xl\"\n  x-data=\"\"\n  x-init=\"$nextTick(function () {\n    const videoEmbeds = document.querySelectorAll('.wp-block-embed.is-type-video');\n    videoEmbeds.forEach(function (embed) {\n      if (!embed.classList.contains('wp-embed-aspect-16-9') || !embed.classList.contains('wp-has-aspect-ratio')) {\n        embed.classList.add('wp-embed-aspect-16-9', 'wp-has-aspect-ratio');\n      }\n    });\n  })\"\n>\n  \n<p>Open applications can be submitted to\u00a0<a href=\"mailto:monica.lilja&#64;&#97;&#114;&#116;&#105;pelag&#46;s&#101;\"><\/a><a href=\"mailto:j&#111;bb&#64;&#97;rt&#105;&#112;&#101;&#108;a&#103;.se\">&#106;&#111;b&#98;&#64;ar&#116;i&#112;&#101;&#108;ag.s&#101;<\/a>.<\/p>\n\n<\/div>\n<\/div>","protected":false},"excerpt":{"rendered":"<p>Open Positions and Internships Currently we have no open positions where fluency in Swedish isn\u2019t a must. For all open positions, check the Swedish version of this page. Open applications can be submitted to\u00a0&#106;&#111;bb&#64;&#97;r&#116;&#105;&#112;&#101;&#108;ag.s&#101;.<\/p>\n","protected":false},"author":24,"featured_media":51634,"parent":0,"menu_order":0,"comment_status":"closed","ping_status":"closed","template":"","meta":{"_acf_changed":false,"footnotes":""},"class_list":["post-11429","page","type-page","status-publish","has-post-thumbnail","hentry"],"acf":[],"yoast_head":"<!-- This site is optimized with the Yoast SEO Premium plugin v26.7 (Yoast SEO v26.7) - https:\/\/yoast.com\/wordpress\/plugins\/seo\/ -->\n<title>Career Opportunities and Internships - Artipelag<\/title>\n<meta name=\"description\" content=\"Open Positions and internships at Artipelag. For all open positions, check the Swedish version of this page.\" \/>\n<meta name=\"robots\" content=\"index, follow, max-snippet:-1, max-image-preview:large, max-video-preview:-1\" \/>\n<link rel=\"canonical\" href=\"https:\/\/artipelag.se\/en\/career-opportunities-internships\/\" \/>\n<meta property=\"og:locale\" content=\"en_US\" \/>\n<meta property=\"og:type\" content=\"article\" \/>\n<meta property=\"og:title\" content=\"S\u00f6kes: Sommarpersonal till caf\u00e9 och restaurang\" \/>\n<meta property=\"og:description\" content=\"B\u00e5dan Caf\u00e9 &amp; Konditori samt Artipelag Restaurang s\u00f6ker f\u00f6rst\u00e4rkning.\" \/>\n<meta property=\"og:url\" content=\"https:\/\/artipelag.se\/en\/career-opportunities-internships\/\" \/>\n<meta property=\"og:site_name\" content=\"Artipelag\" \/>\n<meta property=\"article:publisher\" content=\"https:\/\/www.facebook.com\/artipelag\/\" \/>\n<meta property=\"article:modified_time\" content=\"2023-06-15T06:27:07+00:00\" \/>\n<meta property=\"og:image\" content=\"https:\/\/artipelag.se\/app\/uploads\/2022\/06\/kollage2022.jpg\" \/>\n\t<meta property=\"og:image:width\" content=\"2100\" \/>\n\t<meta property=\"og:image:height\" content=\"1400\" \/>\n\t<meta property=\"og:image:type\" content=\"image\/jpeg\" \/>\n<meta name=\"twitter:card\" content=\"summary_large_image\" \/>\n<meta name=\"twitter:title\" content=\"Career Opportunities and Internships\" \/>\n<meta name=\"twitter:site\" content=\"@artipelag\" \/>\n<script type=\"application\/ld+json\" class=\"yoast-schema-graph\">{\"@context\":\"https:\/\/schema.org\",\"@graph\":[{\"@type\":\"WebPage\",\"@id\":\"https:\/\/artipelag.se\/en\/career-opportunities-internships\/\",\"url\":\"https:\/\/artipelag.se\/en\/career-opportunities-internships\/\",\"name\":\"Career Opportunities and Internships - Artipelag\",\"isPartOf\":{\"@id\":\"https:\/\/artipelag.se\/en\/#website\"},\"primaryImageOfPage\":{\"@id\":\"https:\/\/artipelag.se\/en\/career-opportunities-internships\/#primaryimage\"},\"image\":{\"@id\":\"https:\/\/artipelag.se\/en\/career-opportunities-internships\/#primaryimage\"},\"thumbnailUrl\":\"https:\/\/cdn.artipelag.se\/app\/uploads\/2022\/06\/kollage2022.jpg?strip=all\",\"datePublished\":\"2016-02-15T10:18:08+00:00\",\"dateModified\":\"2023-06-15T06:27:07+00:00\",\"description\":\"Open Positions and internships at Artipelag. For all open positions, check the Swedish version of this page.\",\"breadcrumb\":{\"@id\":\"https:\/\/artipelag.se\/en\/career-opportunities-internships\/#breadcrumb\"},\"inLanguage\":\"en-US\",\"potentialAction\":[{\"@type\":\"ReadAction\",\"target\":[\"https:\/\/artipelag.se\/en\/career-opportunities-internships\/\"]}]},{\"@type\":\"ImageObject\",\"inLanguage\":\"en-US\",\"@id\":\"https:\/\/artipelag.se\/en\/career-opportunities-internships\/#primaryimage\",\"url\":\"https:\/\/cdn.artipelag.se\/app\/uploads\/2022\/06\/kollage2022.jpg?strip=all\",\"contentUrl\":\"https:\/\/cdn.artipelag.se\/app\/uploads\/2022\/06\/kollage2022.jpg?strip=all\",\"width\":2100,\"height\":1400},{\"@type\":\"BreadcrumbList\",\"@id\":\"https:\/\/artipelag.se\/en\/career-opportunities-internships\/#breadcrumb\",\"itemListElement\":[{\"@type\":\"ListItem\",\"position\":1,\"name\":\"Hem\",\"item\":\"https:\/\/artipelag.se\/en\/\"},{\"@type\":\"ListItem\",\"position\":2,\"name\":\"Career Opportunities and Internships\"}]},{\"@type\":\"WebSite\",\"@id\":\"https:\/\/artipelag.se\/en\/#website\",\"url\":\"https:\/\/artipelag.se\/en\/\",\"name\":\"Artipelag\",\"description\":\"Artipelag is a new international venue for art, good food, events and activities \u2013 beautifully set on V\u00e4rmd\u00f6 in the Stockholm Archipelago, just 20 minutes from the city centre.\",\"publisher\":{\"@id\":\"https:\/\/artipelag.se\/en\/#organization\"},\"potentialAction\":[{\"@type\":\"SearchAction\",\"target\":{\"@type\":\"EntryPoint\",\"urlTemplate\":\"https:\/\/artipelag.se\/en\/?s={search_term_string}\"},\"query-input\":{\"@type\":\"PropertyValueSpecification\",\"valueRequired\":true,\"valueName\":\"search_term_string\"}}],\"inLanguage\":\"en-US\"},{\"@type\":\"Organization\",\"@id\":\"https:\/\/artipelag.se\/en\/#organization\",\"name\":\"Artipelag\",\"url\":\"https:\/\/artipelag.se\/en\/\",\"logo\":{\"@type\":\"ImageObject\",\"inLanguage\":\"en-US\",\"@id\":\"https:\/\/artipelag.se\/en\/#\/schema\/logo\/image\/\",\"url\":\"https:\/\/artipelag.se\/app\/uploads\/2015\/09\/logga2.jpg\",\"contentUrl\":\"https:\/\/artipelag.se\/app\/uploads\/2015\/09\/logga2.jpg\",\"width\":700,\"height\":700,\"caption\":\"Artipelag\"},\"image\":{\"@id\":\"https:\/\/artipelag.se\/en\/#\/schema\/logo\/image\/\"},\"sameAs\":[\"https:\/\/www.facebook.com\/artipelag\/\",\"https:\/\/x.com\/artipelag\",\"https:\/\/www.instagram.com\/artipelag\/\",\"https:\/\/www.linkedin.com\/company\/artipelag\",\"https:\/\/www.youtube.com\/user\/ArtipelagSweden\"]}]}<\/script>\n<!-- \/ Yoast SEO Premium plugin. -->","yoast_head_json":{"title":"Career Opportunities and Internships - Artipelag","description":"Open Positions and internships at Artipelag. For all open positions, check the Swedish version of this page.","robots":{"index":"index","follow":"follow","max-snippet":"max-snippet:-1","max-image-preview":"max-image-preview:large","max-video-preview":"max-video-preview:-1"},"canonical":"https:\/\/artipelag.se\/en\/career-opportunities-internships\/","og_locale":"en_US","og_type":"article","og_title":"S\u00f6kes: Sommarpersonal till caf\u00e9 och restaurang","og_description":"B\u00e5dan Caf\u00e9 & Konditori samt Artipelag Restaurang s\u00f6ker f\u00f6rst\u00e4rkning.","og_url":"https:\/\/artipelag.se\/en\/career-opportunities-internships\/","og_site_name":"Artipelag","article_publisher":"https:\/\/www.facebook.com\/artipelag\/","article_modified_time":"2023-06-15T06:27:07+00:00","og_image":[{"width":2100,"height":1400,"url":"https:\/\/artipelag.se\/app\/uploads\/2022\/06\/kollage2022.jpg","type":"image\/jpeg"}],"twitter_card":"summary_large_image","twitter_title":"Career Opportunities and Internships","twitter_site":"@artipelag","schema":{"@context":"https:\/\/schema.org","@graph":[{"@type":"WebPage","@id":"https:\/\/artipelag.se\/en\/career-opportunities-internships\/","url":"https:\/\/artipelag.se\/en\/career-opportunities-internships\/","name":"Career Opportunities and Internships - Artipelag","isPartOf":{"@id":"https:\/\/artipelag.se\/en\/#website"},"primaryImageOfPage":{"@id":"https:\/\/artipelag.se\/en\/career-opportunities-internships\/#primaryimage"},"image":{"@id":"https:\/\/artipelag.se\/en\/career-opportunities-internships\/#primaryimage"},"thumbnailUrl":"https:\/\/cdn.artipelag.se\/app\/uploads\/2022\/06\/kollage2022.jpg?strip=all","datePublished":"2016-02-15T10:18:08+00:00","dateModified":"2023-06-15T06:27:07+00:00","description":"Open Positions and internships at Artipelag. For all open positions, check the Swedish version of this page.","breadcrumb":{"@id":"https:\/\/artipelag.se\/en\/career-opportunities-internships\/#breadcrumb"},"inLanguage":"en-US","potentialAction":[{"@type":"ReadAction","target":["https:\/\/artipelag.se\/en\/career-opportunities-internships\/"]}]},{"@type":"ImageObject","inLanguage":"en-US","@id":"https:\/\/artipelag.se\/en\/career-opportunities-internships\/#primaryimage","url":"https:\/\/cdn.artipelag.se\/app\/uploads\/2022\/06\/kollage2022.jpg?strip=all","contentUrl":"https:\/\/cdn.artipelag.se\/app\/uploads\/2022\/06\/kollage2022.jpg?strip=all","width":2100,"height":1400},{"@type":"BreadcrumbList","@id":"https:\/\/artipelag.se\/en\/career-opportunities-internships\/#breadcrumb","itemListElement":[{"@type":"ListItem","position":1,"name":"Hem","item":"https:\/\/artipelag.se\/en\/"},{"@type":"ListItem","position":2,"name":"Career Opportunities and Internships"}]},{"@type":"WebSite","@id":"https:\/\/artipelag.se\/en\/#website","url":"https:\/\/artipelag.se\/en\/","name":"Artipelag","description":"Artipelag is a new international venue for art, good food, events and activities \u2013 beautifully set on V\u00e4rmd\u00f6 in the Stockholm Archipelago, just 20 minutes from the city centre.","publisher":{"@id":"https:\/\/artipelag.se\/en\/#organization"},"potentialAction":[{"@type":"SearchAction","target":{"@type":"EntryPoint","urlTemplate":"https:\/\/artipelag.se\/en\/?s={search_term_string}"},"query-input":{"@type":"PropertyValueSpecification","valueRequired":true,"valueName":"search_term_string"}}],"inLanguage":"en-US"},{"@type":"Organization","@id":"https:\/\/artipelag.se\/en\/#organization","name":"Artipelag","url":"https:\/\/artipelag.se\/en\/","logo":{"@type":"ImageObject","inLanguage":"en-US","@id":"https:\/\/artipelag.se\/en\/#\/schema\/logo\/image\/","url":"https:\/\/artipelag.se\/app\/uploads\/2015\/09\/logga2.jpg","contentUrl":"https:\/\/artipelag.se\/app\/uploads\/2015\/09\/logga2.jpg","width":700,"height":700,"caption":"Artipelag"},"image":{"@id":"https:\/\/artipelag.se\/en\/#\/schema\/logo\/image\/"},"sameAs":["https:\/\/www.facebook.com\/artipelag\/","https:\/\/x.com\/artipelag","https:\/\/www.instagram.com\/artipelag\/","https:\/\/www.linkedin.com\/company\/artipelag","https:\/\/www.youtube.com\/user\/ArtipelagSweden"]}]}},"_links":{"self":[{"href":"https:\/\/artipelag.se\/en\/wp-json\/wp\/v2\/pages\/11429","targetHints":{"allow":["GET"]}}],"collection":[{"href":"https:\/\/artipelag.se\/en\/wp-json\/wp\/v2\/pages"}],"about":[{"href":"https:\/\/artipelag.se\/en\/wp-json\/wp\/v2\/types\/page"}],"author":[{"embeddable":true,"href":"https:\/\/artipelag.se\/en\/wp-json\/wp\/v2\/users\/24"}],"replies":[{"embeddable":true,"href":"https:\/\/artipelag.se\/en\/wp-json\/wp\/v2\/comments?post=11429"}],"version-history":[{"count":20,"href":"https:\/\/artipelag.se\/en\/wp-json\/wp\/v2\/pages\/11429\/revisions"}],"predecessor-version":[{"id":64058,"href":"https:\/\/artipelag.se\/en\/wp-json\/wp\/v2\/pages\/11429\/revisions\/64058"}],"wp:featuredmedia":[{"embeddable":true,"href":"https:\/\/artipelag.se\/en\/wp-json\/wp\/v2\/media\/51634"}],"wp:attachment":[{"href":"https:\/\/artipelag.se\/en\/wp-json\/wp\/v2\/media?parent=11429"}],"curies":[{"name":"wp","href":"https:\/\/api.w.org\/{rel}","templated":true}]}}